{"id":1085,"date":"2019-09-15T02:26:43","date_gmt":"2019-09-15T07:26:43","guid":{"rendered":"http:\/\/www.implanguanajuato.gob.mx\/?page_id=1085"},"modified":"2020-08-24T08:42:17","modified_gmt":"2020-08-24T13:42:17","slug":"programa-de-gobierno-municipal","status":"publish","type":"page","link":"https:\/\/www.implanguanajuato.gob.mx\/?page_id=1085","title":{"rendered":"PROGRAMA DE GOBIERNO MUNICIPAL 2018-2021"},"content":{"rendered":"\n<div class=\"wp-block-image\"><figure class=\"aligncenter size-full\"><img fetchpriority=\"high\" decoding=\"async\" width=\"1339\" height=\"439\" src=\"https:\/\/www.implanguanajuato.gob.mx\/wp-content\/uploads\/2020\/08\/instrumentos1.png\" alt=\"\" class=\"wp-image-2962\" srcset=\"https:\/\/www.implanguanajuato.gob.mx\/wp-content\/uploads\/2020\/08\/instrumentos1.png 1339w, https:\/\/www.implanguanajuato.gob.mx\/wp-content\/uploads\/2020\/08\/instrumentos1-300x98.png 300w, https:\/\/www.implanguanajuato.gob.mx\/wp-content\/uploads\/2020\/08\/instrumentos1-1024x336.png 1024w, https:\/\/www.implanguanajuato.gob.mx\/wp-content\/uploads\/2020\/08\/instrumentos1-768x252.png 768w, https:\/\/www.implanguanajuato.gob.mx\/wp-content\/uploads\/2020\/08\/instrumentos1-500x164.png 500w, https:\/\/www.implanguanajuato.gob.mx\/wp-content\/uploads\/2020\/08\/instrumentos1-800x262.png 800w, https:\/\/www.implanguanajuato.gob.mx\/wp-content\/uploads\/2020\/08\/instrumentos1-1280x420.png 1280w\" sizes=\"(max-width: 1339px) 100vw, 1339px\" \/><\/figure><\/div>\n\n\n\n<hr class=\"wp-block-separator is-style-wide\"\/>\n\n\n\n<h2 class=\"wp-block-heading\">\u00bfQu\u00e9 es el PGM 2018-2021?<\/h2>\n\n\n\n<p style=\"text-align: justify;\">De acuerdo al art\u00edculo 102 de la Ley Org\u00e1nica Municipal para el Estado de Guanajuato, el Programa de Gobierno Municipal es el instrumento de planeaci\u00f3n que contiene los objetivos y estrategias que sirven de base a las actividades de la Administraci\u00f3n p\u00fablica municipal, de forma que aseguren el cumplimiento del Plan Municipal de Desarrollo.<\/p>\n<p style=\"text-align: justify;\"><br>El Programa de Gobierno Municipal 2018-2021 est\u00e1 estructurado en cinco ejes: Guanajuato Capital Segura, Guanajuato Capital Ordenada, Guanajuato Capital Pr\u00f3spera, Guanajuato Capital con Bienestar y Guanajuato Capital con Gobernanza. Cada eje contiene los compromisos, objetivos, metas, l\u00edneas estrat\u00e9gicas y acciones del Ayuntamiento 2018-2021.<\/p>\n\n\n\n<h2 class=\"wp-block-heading\">Documento Integral<\/h2>\n\n\n\n<div id=\"footable_parent_3020\"\n         class=\" footable_parent ninja_table_wrapper loading_ninja_table wp_table_data_press_parent semantic_ui \">\n                <table data-ninja_table_instance=\"ninja_table_instance_0\" data-footable_id=\"3020\" data-filter-delay=\"1000\" aria-label=\"Programa gobierno1\"            id=\"footable_3020\"\n           data-unique_identifier=\"ninja_table_unique_id_336105040_3020\"\n           class=\" foo-table ninja_footable foo_table_3020 ninja_table_unique_id_336105040_3020 ui table  nt_type_ajax_table selectable celled striped vertical_centered  footable-paging-right ninja_table_search_disabled ninja_table_pro\">\n                <colgroup>\n                            <col class=\"ninja_column_0 \">\n                            <col class=\"ninja_column_1 \">\n                            <col class=\"ninja_column_2 \">\n                    <\/colgroup>\n            <\/table>\n    \n    \n    \n<\/div>\n\n\n\n\n<h2 class=\"wp-block-heading\">Publicaci\u00f3n<\/h2>\n\n\n\n<div id=\"footable_parent_3024\"\n         class=\" footable_parent ninja_table_wrapper loading_ninja_table wp_table_data_press_parent semantic_ui \">\n                <table data-ninja_table_instance=\"ninja_table_instance_1\" data-footable_id=\"3024\" data-filter-delay=\"1000\" aria-label=\"Programa gobierno2\"            id=\"footable_3024\"\n           data-unique_identifier=\"ninja_table_unique_id_850642871_3024\"\n           class=\" foo-table ninja_footable foo_table_3024 ninja_table_unique_id_850642871_3024 ui table  nt_type_ajax_table selectable celled striped vertical_centered  footable-paging-right ninja_table_search_disabled ninja_table_pro\">\n                <colgroup>\n                            <col class=\"ninja_column_0 \">\n                            <col class=\"ninja_column_1 \">\n                            <col class=\"ninja_column_2 \">\n                    <\/colgroup>\n            <\/table>\n    \n    \n    \n<\/div>\n\n\n\n\n<p><\/p>\n","protected":false},"excerpt":{"rendered":"<p>\u00bfQu\u00e9 es el PGM 2018-2021? De acuerdo al art\u00edculo 102 de la Ley Org\u00e1nica Municipal para el Estado de Guanajuato, el Programa de Gobierno Municipal es el instrumento de planeaci\u00f3n<\/p>\n<a class=\"btn_a\" href=\"https:\/\/www.implanguanajuato.gob.mx\/?page_id=1085\"><span><i class=\"in_left fa fa-angle-right\"><\/i><span>Details<\/span><i class=\"in_right fa fa-angle-right\"><\/i><\/span><\/a>","protected":false},"author":1,"featured_media":0,"parent":0,"menu_order":0,"comment_status":"closed","ping_status":"closed","template":"page-fullwidth.php","meta":{"ngg_post_thumbnail":0,"footnotes":""},"class_list":["post-1085","page","type-page","status-publish","hentry"],"_links":{"self":[{"href":"https:\/\/www.implanguanajuato.gob.mx\/index.php?rest_route=\/wp\/v2\/pages\/1085","targetHints":{"allow":["GET"]}}],"collection":[{"href":"https:\/\/www.implanguanajuato.gob.mx\/index.php?rest_route=\/wp\/v2\/pages"}],"about":[{"href":"https:\/\/www.implanguanajuato.gob.mx\/index.php?rest_route=\/wp\/v2\/types\/page"}],"author":[{"embeddable":true,"href":"https:\/\/www.implanguanajuato.gob.mx\/index.php?rest_route=\/wp\/v2\/users\/1"}],"replies":[{"embeddable":true,"href":"https:\/\/www.implanguanajuato.gob.mx\/index.php?rest_route=%2Fwp%2Fv2%2Fcomments&post=1085"}],"version-history":[{"count":34,"href":"https:\/\/www.implanguanajuato.gob.mx\/index.php?rest_route=\/wp\/v2\/pages\/1085\/revisions"}],"predecessor-version":[{"id":7903,"href":"https:\/\/www.implanguanajuato.gob.mx\/index.php?rest_route=\/wp\/v2\/pages\/1085\/revisions\/7903"}],"wp:attachment":[{"href":"https:\/\/www.implanguanajuato.gob.mx\/index.php?rest_route=%2Fwp%2Fv2%2Fmedia&parent=1085"}],"curies":[{"name":"wp","href":"https:\/\/api.w.org\/{rel}","templated":true}]}}