{"id":1532,"date":"2020-07-28T00:03:56","date_gmt":"2020-07-28T05:03:56","guid":{"rendered":"http:\/\/www.implanguanajuato.gob.mx\/?page_id=1532"},"modified":"2026-01-27T11:06:04","modified_gmt":"2026-01-27T17:06:04","slug":"organos-de-participacion","status":"publish","type":"page","link":"https:\/\/www.implanguanajuato.gob.mx\/?page_id=1532","title":{"rendered":"\u00d3RGANOS DE PARTICIPACI\u00d3N"},"content":{"rendered":"\t\t<div data-elementor-type=\"wp-page\" data-elementor-id=\"1532\" class=\"elementor elementor-1532\" data-elementor-post-type=\"page\">\n\t\t\t\t\t\t<section class=\"elementor-section elementor-top-section elementor-element elementor-element-22af8e9 elementor-section-boxed elementor-section-height-default elementor-section-height-default\" data-id=\"22af8e9\" data-element_type=\"section\" data-e-type=\"section\">\n\t\t\t\t\t\t<div class=\"elementor-container elementor-column-gap-default\">\n\t\t\t\t\t<div class=\"elementor-column elementor-col-100 elementor-top-column elementor-element elementor-element-6fd05dad\" data-id=\"6fd05dad\" data-element_type=\"column\" data-e-type=\"column\">\n\t\t\t<div class=\"elementor-widget-wrap elementor-element-populated\">\n\t\t\t\t\t\t<div class=\"elementor-element elementor-element-159c57ad elementor-widget elementor-widget-text-editor\" data-id=\"159c57ad\" data-element_type=\"widget\" data-e-type=\"widget\" data-widget_type=\"text-editor.default\">\n\t\t\t\t<div class=\"elementor-widget-container\">\n\t\t\t\t\t\t\t\t\t<p style=\"text-align: justify;\">El IMPLAN se ha caracterizado por establecer sinergias con los <strong>\u00f3rganos de participaci\u00f3n<\/strong> involucrados en los temas de planeaci\u00f3n y desarrollo integral correlacionados con el municipio, tanto de forma constituida jur\u00eddicamente como colaborativa, as\u00ed pues, el principal \u00f3rgano de participaci\u00f3n del Instituto es el Consejo de Planeaci\u00f3n de Desarrollo Municipal \u201cCOPLADEM\u201d, sum\u00e1ndose esfuerzos vinculatorios con actores involucrados en los temas de planeaci\u00f3n y desarrollo integral del municipio, tales como, la Metr\u00f3polis de Burdeos en tem\u00e1ticas que van desde ciudades patrimonio, hasta entornos metropolitanos; el Comit\u00e9 Estatal de Informaci\u00f3n Estad\u00edstica y Geogr\u00e1fica (CEIEG), en el apoyo para el cumplimiento de los objetivos del Programa Estatal del CEIEG, as\u00ed como en el apoyo del \u00a0Censo de Poblaci\u00f3n y Vivienda y la aplicaci\u00f3n de la Encuesta Intercensal.<\/p>\n<p><!-- \/wp:tadv\/classic-paragraph --><\/p>\n<p><!-- wp:separator --><\/p>\n<hr class=\"wp-block-separator\" \/>\n<p><!-- \/wp:separator --><\/p>\n<p><!-- wp:tadv\/classic-paragraph --><\/p>\n<p style=\"text-align: center;\"><a class=\"maxbutton-3 maxbutton maxbutton-organos1\" target=\"_blank\" title=\"1. CONSEJO DE PLANEACI\u00d3N DE DESARROLLO MUNICIPAL\" rel=\"noopener\" href=\"http:\/\/www.implanguanajuato.gob.mx\/?page_id=1534\"><span class='mb-text'>1. CONSEJO DE PLANEACI\u00d3N DE DESARROLLO MUNICIPAL<\/span><\/a> \u00a0\u00a0 <a class=\"maxbutton-4 maxbutton maxbutton-organos3\" target=\"_blank\" title=\"2. COMIT\u00c9 ESTATAL DE INFORMACI\u00d3N ESTAD\u00cdSTICA Y GEOGR\u00c1FICA\" rel=\"noopener\" href=\"http:\/\/www.implanguanajuato.gob.mx\/?page_id=1545\"><span class='mb-text'>2. COMIT\u00c9 ESTATAL DE INFORMACI\u00d3N ESTAD\u00cdSTICA Y GEOGR\u00c1FICA<\/span><\/a>\u00a0<\/p>\n<p style=\"text-align: center;\">\u00a0 <a class=\"maxbutton-5 maxbutton maxbutton-organos4\" target=\"_blank\" title=\"3. COMIT\u00c9 DE APOYO AL CENSO DE POBLACI\u00d3N Y VIVIENDA 2020\" rel=\"noopener\" href=\"http:\/\/www.implanguanajuato.gob.mx\/?page_id=1548\"><span class='mb-text'>3. COMIT\u00c9 DE APOYO AL CENSO DE POBLACI\u00d3N Y VIVIENDA 2020<\/span><\/a> \u00a0 <span class=\"col col_shortcode\"><a class=\"maxbutton-18 maxbutton maxbutton-organos6\" target=\"_blank\" title=\"4. COMIT\u00c9 DE INFORMACI\u00d3N ESTAD\u00cdSTICA Y GEOGR\u00c1FICA MUNICIPAL\" rel=\"noopener\" href=\"http:\/\/www.implanguanajuato.gob.mx\/?page_id=4563\"><span class='mb-text'>4. COMIT\u00c9 DE INFORMACI\u00d3N ESTAD\u00cdSTICA Y GEOGR\u00c1FICA MUNICIPAL<\/span><\/a> \u00a0<\/span> <a class=\"maxbutton-6 maxbutton maxbutton-organos5\" target=\"_blank\" title=\"NORMATIVA\" rel=\"noopener\" href=\"http:\/\/www.implanguanajuato.gob.mx\/?page_id=1551\"><span class='mb-text'>NORMATIVA<\/span><\/a><\/p>\n<p><!-- \/wp:tadv\/classic-paragraph --><\/p>\t\t\t\t\t\t\t\t<\/div>\n\t\t\t\t<\/div>\n\t\t\t\t\t<\/div>\n\t\t<\/div>\n\t\t\t\t\t<\/div>\n\t\t<\/section>\n\t\t\t\t<\/div>\n\t\t","protected":false},"excerpt":{"rendered":"<p>El IMPLAN se ha caracterizado por establecer sinergias con los \u00f3rganos de participaci\u00f3n involucrados en los temas de planeaci\u00f3n y desarrollo integral correlacionados con el municipio, tanto de forma constituida<\/p>\n<a class=\"btn_a\" href=\"https:\/\/www.implanguanajuato.gob.mx\/?page_id=1532\"><span><i class=\"in_left fa fa-angle-right\"><\/i><span>Details<\/span><i class=\"in_right fa fa-angle-right\"><\/i><\/span><\/a>","protected":false},"author":1,"featured_media":0,"parent":0,"menu_order":0,"comment_status":"closed","ping_status":"closed","template":"page-fullwidth.php","meta":{"ngg_post_thumbnail":0,"footnotes":""},"class_list":["post-1532","page","type-page","status-publish","hentry"],"_links":{"self":[{"href":"https:\/\/www.implanguanajuato.gob.mx\/index.php?rest_route=\/wp\/v2\/pages\/1532","targetHints":{"allow":["GET"]}}],"collection":[{"href":"https:\/\/www.implanguanajuato.gob.mx\/index.php?rest_route=\/wp\/v2\/pages"}],"about":[{"href":"https:\/\/www.implanguanajuato.gob.mx\/index.php?rest_route=\/wp\/v2\/types\/page"}],"author":[{"embeddable":true,"href":"https:\/\/www.implanguanajuato.gob.mx\/index.php?rest_route=\/wp\/v2\/users\/1"}],"replies":[{"embeddable":true,"href":"https:\/\/www.implanguanajuato.gob.mx\/index.php?rest_route=%2Fwp%2Fv2%2Fcomments&post=1532"}],"version-history":[{"count":58,"href":"https:\/\/www.implanguanajuato.gob.mx\/index.php?rest_route=\/wp\/v2\/pages\/1532\/revisions"}],"predecessor-version":[{"id":15409,"href":"https:\/\/www.implanguanajuato.gob.mx\/index.php?rest_route=\/wp\/v2\/pages\/1532\/revisions\/15409"}],"wp:attachment":[{"href":"https:\/\/www.implanguanajuato.gob.mx\/index.php?rest_route=%2Fwp%2Fv2%2Fmedia&parent=1532"}],"curies":[{"name":"wp","href":"https:\/\/api.w.org\/{rel}","templated":true}]}}