{"id":1545,"date":"2020-07-28T00:39:52","date_gmt":"2020-07-28T05:39:52","guid":{"rendered":"http:\/\/www.implanguanajuato.gob.mx\/?page_id=1545"},"modified":"2026-02-27T15:48:35","modified_gmt":"2026-02-27T21:48:35","slug":"comite-estatal-de-informacion-estadistica-y-geografica","status":"publish","type":"page","link":"https:\/\/www.implanguanajuato.gob.mx\/?page_id=1545","title":{"rendered":"COMIT\u00c9 ESTATAL DE INFORMACI\u00d3N ESTAD\u00cdSTICA Y GEOGR\u00c1FICA"},"content":{"rendered":"\t\t<div data-elementor-type=\"wp-page\" data-elementor-id=\"1545\" class=\"elementor elementor-1545\" data-elementor-post-type=\"page\">\n\t\t\t\t\t\t<section class=\"elementor-section elementor-top-section elementor-element elementor-element-bb0d5e0 elementor-section-boxed elementor-section-height-default elementor-section-height-default\" data-id=\"bb0d5e0\" data-element_type=\"section\" data-e-type=\"section\">\n\t\t\t\t\t\t<div class=\"elementor-container elementor-column-gap-default\">\n\t\t\t\t\t<div class=\"elementor-column elementor-col-100 elementor-top-column elementor-element elementor-element-165b7d3e\" data-id=\"165b7d3e\" data-element_type=\"column\" data-e-type=\"column\">\n\t\t\t<div class=\"elementor-widget-wrap elementor-element-populated\">\n\t\t\t\t\t\t<div class=\"elementor-element elementor-element-61fb2a8f elementor-widget elementor-widget-text-editor\" data-id=\"61fb2a8f\" data-element_type=\"widget\" data-e-type=\"widget\" data-widget_type=\"text-editor.default\">\n\t\t\t\t<div class=\"elementor-widget-container\">\n\t\t\t\t\t\t\t\t\t\n<h2 class=\"wp-block-heading\">\u00bfQu\u00e9 es el CEIEG?<\/h2>\n\n<p style=\"text-align: justify;\">El <span style=\"color: #008000;\"><strong>Comit\u00e9 Estatal de Informaci\u00f3n Estad\u00edstica y Geogr\u00e1fica<\/strong><\/span> <strong>\u201cCEIEG\u201d<\/strong>, es un \u00f3rgano colegiado que permite una mayor coordinaci\u00f3n entre organismos generadores y usuarios de la informaci\u00f3n de los distintos niveles de gobierno, la academia y la iniciativa privada, con la finalidad de contar de manera sistem\u00e1tica con informaci\u00f3n de calidad, pertinente, veraz y oportuna.<\/p>\n<p style=\"text-align: justify;\">El Comit\u00e9 est\u00e1 integrado por dependencias federales, estatales, institutos de planeaci\u00f3n municipales, el Instituto Nacional de Estad\u00edstica y Geograf\u00eda (INEGI) y la academia, y tiene como objetivo el desarrollo de proyectos en materia de informaci\u00f3n estad\u00edstica y geogr\u00e1fica que apoyen el dise\u00f1o y la evaluaci\u00f3n de las pol\u00edticas p\u00fablicas del estado.<\/p>\n<p style=\"text-align: justify;\">De acuerdo a la Ley del Sistema Nacional de Informaci\u00f3n Estad\u00edstica y Geogr\u00e1fica, \u201cLSNIEG\u201d del INEGI se reinstal\u00f3 el pasado 30 de noviembre del 2019, en el cual forma parte el municipio como coordinador de la Regi\u00f3n II Norte y de las 4 subcomisiones del Comit\u00e9, con el apoyo t\u00e9cnico del IMPLAN.<\/p>\n<p style=\"text-align: justify;\">Con base en las mejores pr\u00e1cticas para el levantamiento del Censo de Poblaci\u00f3n y Vivienda, la Junta de Gobierno del INEGI decidi\u00f3 impulsar la estrategia de los Comit\u00e9s de Apoyo al Censo de Poblaci\u00f3n y Vivienda 2020, conform\u00e1ndose as\u00ed el 20 de noviembre del 2019, y de la cual forma parte el Municipio de Guanajuato como representante de la Regi\u00f3n II con la asesor\u00eda t\u00e9cnica del IMPLAN.<\/p>\n<p style=\"text-align: justify;\">Respecto al levantamiento del CENSO se participa en su Comit\u00e9, que es la instancia de participaci\u00f3n y colaboraci\u00f3n, cuyo objetivo principal es coadyuvar, en el \u00e1mbito de su responsabilidad, en que todas y cada una de las viviendas y los habitantes en el estado y los municipios correspondientes sean censadas durante el periodo de levantamiento, un evento estad\u00edstico de mayor importancia en el pa\u00eds.<\/p>\n<p style=\"text-align: justify;\">Dentro de las principales actividades del Comit\u00e9, destaca la actualizaci\u00f3n cartogr\u00e1fica para el levantamiento del Censo de Poblaci\u00f3n y Vivienda, la campa\u00f1a de difusi\u00f3n, reclutamiento y selecci\u00f3n del personal, apoyar las tareas de sensibilizaci\u00f3n entre los sectores de poblaci\u00f3n que permitan el acceso al levantamiento, la seguridad y su validaci\u00f3n.<\/p>\n<p style=\"text-align: justify;\">La Encuesta Intercensal 2025 es una encuesta nacional que se realiza con el prop\u00f3sito de actualizar la informaci\u00f3n socio demogr\u00e1fica a la mitad del periodo comprendido entre el Censo de Poblaci\u00f3n y Vivienda 2020 y el que habr\u00e1 de realizarse en 2030.<\/p>\n<p style=\"text-align: justify;\">Generar\u00e1 datos sobre c\u00f3mo ha cambiado el n\u00famero de personas que viven en M\u00e9xico, cu\u00e1ntas son mujeres, hombres, sus edades, d\u00f3nde viven y c\u00f3mo son sus viviendas.<\/p>\n<p style=\"text-align: justify;\">Presentar\u00e1 estimaciones de totales, tasas, promedios y proporciones para los \u00e1mbitos nacional, estatal y municipal sobre la poblaci\u00f3n y sus viviendas.<\/p>\n<hr class=\"wp-block-separator\" \/>\n<h2 class=\"has-text-align-center wp-block-heading\">ACTAS<\/h2>\n\n<p><div id=\"footable_parent_3206\"\n         class=\" footable_parent ninja_table_wrapper loading_ninja_table wp_table_data_press_parent semantic_ui \">\n                <table data-ninja_table_instance=\"ninja_table_instance_0\" data-footable_id=\"3206\" data-filter-delay=\"1000\" aria-label=\"Ceieg\"            id=\"footable_3206\"\n           data-unique_identifier=\"ninja_table_unique_id_2684425507_3206\"\n           class=\" foo-table ninja_footable foo_table_3206 ninja_table_unique_id_2684425507_3206 ui table  nt_type_ajax_table selectable celled striped vertical_centered  footable-paging-right ninja_table_search_disabled ninja_table_pro\">\n                <colgroup>\n                            <col class=\"ninja_column_0 \">\n                            <col class=\"ninja_column_1 \">\n                            <col class=\"ninja_column_2 \">\n                    <\/colgroup>\n            <\/table>\n    \n    \n    \n<\/div>\n<\/p>\n\t\t\t\t\t\t\t\t<\/div>\n\t\t\t\t<\/div>\n\t\t\t\t\t<\/div>\n\t\t<\/div>\n\t\t\t\t\t<\/div>\n\t\t<\/section>\n\t\t\t\t<\/div>\n\t\t","protected":false},"excerpt":{"rendered":"<p>\u00bfQu\u00e9 es el CEIEG? El Comit\u00e9 Estatal de Informaci\u00f3n Estad\u00edstica y Geogr\u00e1fica \u201cCEIEG\u201d, es un \u00f3rgano colegiado que permite una mayor coordinaci\u00f3n entre organismos generadores y usuarios de la informaci\u00f3n<\/p>\n<a class=\"btn_a\" href=\"https:\/\/www.implanguanajuato.gob.mx\/?page_id=1545\"><span><i class=\"in_left fa fa-angle-right\"><\/i><span>Details<\/span><i class=\"in_right fa fa-angle-right\"><\/i><\/span><\/a>","protected":false},"author":1,"featured_media":0,"parent":1532,"menu_order":0,"comment_status":"closed","ping_status":"closed","template":"page-fullwidth.php","meta":{"ngg_post_thumbnail":0,"footnotes":""},"class_list":["post-1545","page","type-page","status-publish","hentry"],"_links":{"self":[{"href":"https:\/\/www.implanguanajuato.gob.mx\/index.php?rest_route=\/wp\/v2\/pages\/1545","targetHints":{"allow":["GET"]}}],"collection":[{"href":"https:\/\/www.implanguanajuato.gob.mx\/index.php?rest_route=\/wp\/v2\/pages"}],"about":[{"href":"https:\/\/www.implanguanajuato.gob.mx\/index.php?rest_route=\/wp\/v2\/types\/page"}],"author":[{"embeddable":true,"href":"https:\/\/www.implanguanajuato.gob.mx\/index.php?rest_route=\/wp\/v2\/users\/1"}],"replies":[{"embeddable":true,"href":"https:\/\/www.implanguanajuato.gob.mx\/index.php?rest_route=%2Fwp%2Fv2%2Fcomments&post=1545"}],"version-history":[{"count":24,"href":"https:\/\/www.implanguanajuato.gob.mx\/index.php?rest_route=\/wp\/v2\/pages\/1545\/revisions"}],"predecessor-version":[{"id":15875,"href":"https:\/\/www.implanguanajuato.gob.mx\/index.php?rest_route=\/wp\/v2\/pages\/1545\/revisions\/15875"}],"up":[{"embeddable":true,"href":"https:\/\/www.implanguanajuato.gob.mx\/index.php?rest_route=\/wp\/v2\/pages\/1532"}],"wp:attachment":[{"href":"https:\/\/www.implanguanajuato.gob.mx\/index.php?rest_route=%2Fwp%2Fv2%2Fmedia&parent=1545"}],"curies":[{"name":"wp","href":"https:\/\/api.w.org\/{rel}","templated":true}]}}