{"id":1548,"date":"2020-07-28T00:44:34","date_gmt":"2020-07-28T05:44:34","guid":{"rendered":"http:\/\/www.implanguanajuato.gob.mx\/?page_id=1548"},"modified":"2026-01-27T11:24:48","modified_gmt":"2026-01-27T17:24:48","slug":"comite-de-apoyo-al-censo-de-poblacion-y-vivienda-2020","status":"publish","type":"page","link":"https:\/\/www.implanguanajuato.gob.mx\/?page_id=1548","title":{"rendered":"COMIT\u00c9 DE APOYO AL CENSO DE POBLACI\u00d3N Y VIVIENDA 2020"},"content":{"rendered":"\t\t<div data-elementor-type=\"wp-page\" data-elementor-id=\"1548\" class=\"elementor elementor-1548\" data-elementor-post-type=\"page\">\n\t\t\t\t\t\t<section class=\"elementor-section elementor-top-section elementor-element elementor-element-34d64fa4 elementor-section-boxed elementor-section-height-default elementor-section-height-default\" data-id=\"34d64fa4\" data-element_type=\"section\" data-e-type=\"section\">\n\t\t\t\t\t\t<div class=\"elementor-container elementor-column-gap-default\">\n\t\t\t\t\t<div class=\"elementor-column elementor-col-100 elementor-top-column elementor-element elementor-element-2fe14f4b\" data-id=\"2fe14f4b\" data-element_type=\"column\" data-e-type=\"column\">\n\t\t\t<div class=\"elementor-widget-wrap elementor-element-populated\">\n\t\t\t\t\t\t<div class=\"elementor-element elementor-element-411e7580 elementor-widget elementor-widget-text-editor\" data-id=\"411e7580\" data-element_type=\"widget\" data-e-type=\"widget\" data-widget_type=\"text-editor.default\">\n\t\t\t\t<div class=\"elementor-widget-container\">\n\t\t\t\t\t\t\t\t\t\n<h2 class=\"wp-block-heading\">\u00bfQu\u00e9 es el CA CP y V 2020?<\/h2>\n\n<p style=\"text-align: justify;\">Con base en las mejores pr\u00e1cticas para el levantamiento del Censo de Poblaci\u00f3n y Vivienda, la Junta de Gobierno del INEGI decidi\u00f3 impulsar la estrategia del <span style=\"color: #008000;\"><strong>Comit\u00e9 de Apoyo al Censo de Poblaci\u00f3n y Vivienda 2020 <span style=\"color: #000000;\">&#8220;CA y V 2020&#8221;<\/span><\/strong><\/span>, conform\u00e1ndose as\u00ed el 20 de noviembre del 2019, y de la cual forma parte el Municipio de Guanajuato como representante de la Regi\u00f3n II con la asesor\u00eda t\u00e9cnica del IMPLAN.<\/p>\n<p style=\"text-align: justify;\"><br \/>El Comit\u00e9 es la instancia de participaci\u00f3n y colaboraci\u00f3n, cuyo objetivo principal es coadyuvar, en el \u00e1mbito de su responsabilidad, en que todas y cada una de las viviendas y los habitantes en el estado y los municipios correspondientes sean censadas durante el periodo de levantamiento, un evento estad\u00edstico de mayor importancia en el pa\u00eds.<\/p>\n<p style=\"text-align: justify;\"><br \/>De esta manera, el INEGI, con el apoyo del Comit\u00e9, lograr\u00e1 concluir el ejercicio censal para la actualizaci\u00f3n de informaci\u00f3n sobre la dimensi\u00f3n, estructura y distribuci\u00f3n espacial de la poblaci\u00f3n, as\u00ed como de sus principales caracter\u00edsticas socioecon\u00f3micas y culturales.<\/p>\n<p style=\"text-align: justify;\"><br \/>Dentro de las principales actividades del Comit\u00e9, destaca la actualizaci\u00f3n cartogr\u00e1fica para el levantamiento del Censo de Poblaci\u00f3n y Vivienda, la campa\u00f1a de difusi\u00f3n, reclutamiento y selecci\u00f3n del personal, apoyar las tareas de sensibilizaci\u00f3n entre los sectores de poblaci\u00f3n que permitan el acceso al levantamiento, la seguridad y su validaci\u00f3n.<\/p>\n<p style=\"text-align: justify;\">La Encuesta Intercensal 2025 es una encuesta nacional que se realiza con el prop\u00f3sito de actualizar la informaci\u00f3n socio demogr\u00e1fica a la mitad del periodo comprendido entre el Censo de Poblaci\u00f3n y Vivienda 2020 y el que habr\u00e1 de realizarse en 2030.<\/p>\n<p style=\"text-align: justify;\">Generar\u00e1 datos sobre c\u00f3mo ha cambiado el n\u00famero de personas que viven en M\u00e9xico, cu\u00e1ntas son mujeres, hombres, sus edades, d\u00f3nde viven y c\u00f3mo son sus viviendas.<\/p>\n<p style=\"text-align: justify;\">Producir\u00e1 informaci\u00f3n sobre las caracter\u00edsticas de las viviendas particulares habitadas para conocer c\u00f3mo viven las personas.<\/p>\n<p style=\"text-align: justify;\">Presentar\u00e1 estimaciones de totales, tasas, promedios y proporciones para los \u00e1mbitos nacional, estatal y municipal sobre la poblaci\u00f3n y sus viviendas.<\/p>\n<p>\u00a0<\/p>\n\n<h2 class=\"has-text-align-center wp-block-heading\">ACTAS 2019<\/h2>\n\n<p><div id=\"footable_parent_2816\"\n         class=\" footable_parent ninja_table_wrapper loading_ninja_table wp_table_data_press_parent semantic_ui \">\n                <table data-ninja_table_instance=\"ninja_table_instance_0\" data-footable_id=\"2816\" data-filter-delay=\"1000\" aria-label=\"Comite Informa1\"            id=\"footable_2816\"\n           data-unique_identifier=\"ninja_table_unique_id_862861538_2816\"\n           class=\" foo-table ninja_footable foo_table_2816 ninja_table_unique_id_862861538_2816 ui table  nt_type_ajax_table selectable celled striped vertical_centered  footable-paging-right ninja_table_search_disabled ninja_table_pro\">\n                <colgroup>\n                            <col class=\"ninja_column_0 \">\n                            <col class=\"ninja_column_1 \">\n                            <col class=\"ninja_column_2 \">\n                    <\/colgroup>\n            <\/table>\n    \n    \n    \n<\/div>\n<\/p>\n\n<h2 class=\"has-text-align-center wp-block-heading\">ACTAS 2020<\/h2>\n\n<p><div id=\"footable_parent_2811\"\n         class=\" footable_parent ninja_table_wrapper loading_ninja_table wp_table_data_press_parent semantic_ui \">\n                <table data-ninja_table_instance=\"ninja_table_instance_1\" data-footable_id=\"2811\" data-filter-delay=\"1000\" aria-label=\"Comite Informa2\"            id=\"footable_2811\"\n           data-unique_identifier=\"ninja_table_unique_id_2440436743_2811\"\n           class=\" foo-table ninja_footable foo_table_2811 ninja_table_unique_id_2440436743_2811 ui table  nt_type_ajax_table selectable celled striped vertical_centered  footable-paging-right ninja_table_search_disabled ninja_table_pro\">\n                <colgroup>\n                            <col class=\"ninja_column_0 \">\n                            <col class=\"ninja_column_1 \">\n                            <col class=\"ninja_column_2 \">\n                    <\/colgroup>\n            <\/table>\n    \n    \n    \n<\/div>\n<\/p>\n\t\t\t\t\t\t\t\t<\/div>\n\t\t\t\t<\/div>\n\t\t\t\t\t<\/div>\n\t\t<\/div>\n\t\t\t\t\t<\/div>\n\t\t<\/section>\n\t\t\t\t<\/div>\n\t\t","protected":false},"excerpt":{"rendered":"<p>\u00bfQu\u00e9 es el CA CP y V 2020? Con base en las mejores pr\u00e1cticas para el levantamiento del Censo de Poblaci\u00f3n y Vivienda, la Junta de Gobierno del INEGI decidi\u00f3<\/p>\n<a class=\"btn_a\" href=\"https:\/\/www.implanguanajuato.gob.mx\/?page_id=1548\"><span><i class=\"in_left fa fa-angle-right\"><\/i><span>Details<\/span><i class=\"in_right fa fa-angle-right\"><\/i><\/span><\/a>","protected":false},"author":1,"featured_media":0,"parent":1532,"menu_order":0,"comment_status":"closed","ping_status":"closed","template":"page-fullwidth.php","meta":{"ngg_post_thumbnail":0,"footnotes":""},"class_list":["post-1548","page","type-page","status-publish","hentry"],"_links":{"self":[{"href":"https:\/\/www.implanguanajuato.gob.mx\/index.php?rest_route=\/wp\/v2\/pages\/1548","targetHints":{"allow":["GET"]}}],"collection":[{"href":"https:\/\/www.implanguanajuato.gob.mx\/index.php?rest_route=\/wp\/v2\/pages"}],"about":[{"href":"https:\/\/www.implanguanajuato.gob.mx\/index.php?rest_route=\/wp\/v2\/types\/page"}],"author":[{"embeddable":true,"href":"https:\/\/www.implanguanajuato.gob.mx\/index.php?rest_route=\/wp\/v2\/users\/1"}],"replies":[{"embeddable":true,"href":"https:\/\/www.implanguanajuato.gob.mx\/index.php?rest_route=%2Fwp%2Fv2%2Fcomments&post=1548"}],"version-history":[{"count":19,"href":"https:\/\/www.implanguanajuato.gob.mx\/index.php?rest_route=\/wp\/v2\/pages\/1548\/revisions"}],"predecessor-version":[{"id":15418,"href":"https:\/\/www.implanguanajuato.gob.mx\/index.php?rest_route=\/wp\/v2\/pages\/1548\/revisions\/15418"}],"up":[{"embeddable":true,"href":"https:\/\/www.implanguanajuato.gob.mx\/index.php?rest_route=\/wp\/v2\/pages\/1532"}],"wp:attachment":[{"href":"https:\/\/www.implanguanajuato.gob.mx\/index.php?rest_route=%2Fwp%2Fv2%2Fmedia&parent=1548"}],"curies":[{"name":"wp","href":"https:\/\/api.w.org\/{rel}","templated":true}]}}