{"id":1559,"date":"2020-07-28T10:03:17","date_gmt":"2020-07-28T15:03:17","guid":{"rendered":"http:\/\/www.implanguanajuato.gob.mx\/?page_id=1559"},"modified":"2025-05-13T12:37:34","modified_gmt":"2025-05-13T18:37:34","slug":"informacion-contable","status":"publish","type":"page","link":"https:\/\/www.implanguanajuato.gob.mx\/?page_id=1559","title":{"rendered":"INFORMACI\u00d3N CONTABLE 2018-2024"},"content":{"rendered":"\t\t<div data-elementor-type=\"wp-page\" data-elementor-id=\"1559\" class=\"elementor elementor-1559\" data-elementor-post-type=\"page\">\n\t\t\t\t\t\t<section class=\"elementor-section elementor-top-section elementor-element elementor-element-4b76b6c7 elementor-section-boxed elementor-section-height-default elementor-section-height-default\" data-id=\"4b76b6c7\" data-element_type=\"section\" data-e-type=\"section\">\n\t\t\t\t\t\t<div class=\"elementor-container elementor-column-gap-default\">\n\t\t\t\t\t<div class=\"elementor-column elementor-col-100 elementor-top-column elementor-element elementor-element-25c8ab55\" data-id=\"25c8ab55\" data-element_type=\"column\" data-e-type=\"column\">\n\t\t\t<div class=\"elementor-widget-wrap elementor-element-populated\">\n\t\t\t\t\t\t<div class=\"elementor-element elementor-element-435af55a elementor-widget elementor-widget-text-editor\" data-id=\"435af55a\" data-element_type=\"widget\" data-e-type=\"widget\" data-widget_type=\"text-editor.default\">\n\t\t\t\t<div class=\"elementor-widget-container\">\n\t\t\t\t\t\t\t\t\t<h6><span style=\"color: #008000;\"><strong>1. ESTADO DE LA SITUACI\u00d3N FINANCIERA <\/strong><\/span><\/h6><h6><div id=\"footable_parent_1917\"\n         class=\" footable_parent ninja_table_wrapper loading_ninja_table wp_table_data_press_parent semantic_ui \">\n                <table data-ninja_table_instance=\"ninja_table_instance_0\" data-footable_id=\"1917\" data-filter-delay=\"1000\" aria-label=\"Contable 1\"            id=\"footable_1917\"\n           data-unique_identifier=\"ninja_table_unique_id_666195098_1917\"\n           class=\" foo-table ninja_footable foo_table_1917 ninja_table_unique_id_666195098_1917 ui table  nt_type_ajax_table fixed selectable celled striped vertical_centered  footable-paging-right ninja_table_search_disabled ninja_table_pro\">\n                <colgroup>\n                            <col class=\"ninja_column_0 \">\n                            <col class=\"ninja_column_1 \">\n                            <col class=\"ninja_column_2 \">\n                            <col class=\"ninja_column_3 \">\n                            <col class=\"ninja_column_4 \">\n                            <col class=\"ninja_column_5 \">\n                            <col class=\"ninja_column_6 \">\n                            <col class=\"ninja_column_7 \">\n                            <col class=\"ninja_column_8 \">\n                    <\/colgroup>\n            <\/table>\n    \n    \n    \n<\/div>\n<\/h6><h6><span style=\"color: #008000;\"><strong>2. ESTADO DE ACTIVIDADES<\/strong><\/span><\/h6><h6><div id=\"footable_parent_1943\"\n         class=\" footable_parent ninja_table_wrapper loading_ninja_table wp_table_data_press_parent semantic_ui \">\n                <table data-ninja_table_instance=\"ninja_table_instance_1\" data-footable_id=\"1943\" data-filter-delay=\"1000\" aria-label=\"Contable 2\"            id=\"footable_1943\"\n           data-unique_identifier=\"ninja_table_unique_id_2539661225_1943\"\n           class=\" foo-table ninja_footable foo_table_1943 ninja_table_unique_id_2539661225_1943 ui table  nt_type_ajax_table fixed selectable celled striped vertical_centered  footable-paging-right ninja_table_search_disabled ninja_table_pro\">\n                <colgroup>\n                            <col class=\"ninja_column_0 \">\n                            <col class=\"ninja_column_1 \">\n                            <col class=\"ninja_column_2 \">\n                            <col class=\"ninja_column_3 \">\n                            <col class=\"ninja_column_4 \">\n                            <col class=\"ninja_column_5 \">\n                            <col class=\"ninja_column_6 \">\n                            <col class=\"ninja_column_7 \">\n                            <col class=\"ninja_column_8 \">\n                    <\/colgroup>\n            <\/table>\n    \n    \n    \n<\/div>\n<\/h6><h6><strong><span style=\"color: #008000;\">3. ESTADO DE VARIACI\u00d3N EN HACIENDA P\u00daBLICA<\/span> <\/strong><\/h6><h6><div id=\"footable_parent_1944\"\n         class=\" footable_parent ninja_table_wrapper loading_ninja_table wp_table_data_press_parent semantic_ui \">\n                <table data-ninja_table_instance=\"ninja_table_instance_2\" data-footable_id=\"1944\" data-filter-delay=\"1000\" aria-label=\"Contable 3\"            id=\"footable_1944\"\n           data-unique_identifier=\"ninja_table_unique_id_2806495774_1944\"\n           class=\" foo-table ninja_footable foo_table_1944 ninja_table_unique_id_2806495774_1944 ui table  nt_type_ajax_table fixed selectable celled striped vertical_centered  footable-paging-right ninja_table_search_disabled ninja_table_pro\">\n                <colgroup>\n                            <col class=\"ninja_column_0 \">\n                            <col class=\"ninja_column_1 \">\n                            <col class=\"ninja_column_2 \">\n                            <col class=\"ninja_column_3 \">\n                            <col class=\"ninja_column_4 \">\n                            <col class=\"ninja_column_5 \">\n                            <col class=\"ninja_column_6 \">\n                            <col class=\"ninja_column_7 \">\n                            <col class=\"ninja_column_8 \">\n                    <\/colgroup>\n            <\/table>\n    \n    \n    \n<\/div>\n<\/h6><h6><strong><span style=\"color: #008000;\">4. ESTADO DE CAMBIOS EN LA SITUACI\u00d3N FINANCIERA<\/span> <\/strong><\/h6><h6><div id=\"footable_parent_1945\"\n         class=\" footable_parent ninja_table_wrapper loading_ninja_table wp_table_data_press_parent semantic_ui \">\n                <table data-ninja_table_instance=\"ninja_table_instance_3\" data-footable_id=\"1945\" data-filter-delay=\"1000\" aria-label=\"Contable 4\"            id=\"footable_1945\"\n           data-unique_identifier=\"ninja_table_unique_id_1219731322_1945\"\n           class=\" foo-table ninja_footable foo_table_1945 ninja_table_unique_id_1219731322_1945 ui table  nt_type_ajax_table fixed selectable celled striped vertical_centered  footable-paging-right ninja_table_search_disabled ninja_table_pro\">\n                <colgroup>\n                            <col class=\"ninja_column_0 \">\n                            <col class=\"ninja_column_1 \">\n                            <col class=\"ninja_column_2 \">\n                            <col class=\"ninja_column_3 \">\n                            <col class=\"ninja_column_4 \">\n                            <col class=\"ninja_column_5 \">\n                            <col class=\"ninja_column_6 \">\n                            <col class=\"ninja_column_7 \">\n                            <col class=\"ninja_column_8 \">\n                    <\/colgroup>\n            <\/table>\n    \n    \n    \n<\/div>\n<\/h6><h6><strong><span style=\"color: #008000;\">5. ESTADO DE FLUJOS DE EFECTIVO<\/span> <\/strong><\/h6><h6><div id=\"footable_parent_1946\"\n         class=\" footable_parent ninja_table_wrapper loading_ninja_table wp_table_data_press_parent semantic_ui \">\n                <table data-ninja_table_instance=\"ninja_table_instance_4\" data-footable_id=\"1946\" data-filter-delay=\"1000\" aria-label=\"Contable 5\"            id=\"footable_1946\"\n           data-unique_identifier=\"ninja_table_unique_id_2357140020_1946\"\n           class=\" foo-table ninja_footable foo_table_1946 ninja_table_unique_id_2357140020_1946 ui table  nt_type_ajax_table fixed selectable celled striped vertical_centered  footable-paging-right ninja_table_search_disabled ninja_table_pro\">\n                <colgroup>\n                            <col class=\"ninja_column_0 \">\n                            <col class=\"ninja_column_1 \">\n                            <col class=\"ninja_column_2 \">\n                            <col class=\"ninja_column_3 \">\n                            <col class=\"ninja_column_4 \">\n                            <col class=\"ninja_column_5 \">\n                            <col class=\"ninja_column_6 \">\n                            <col class=\"ninja_column_7 \">\n                            <col class=\"ninja_column_8 \">\n                    <\/colgroup>\n            <\/table>\n    \n    \n    \n<\/div>\n<\/h6><h6><strong><span style=\"color: #008000;\">6. ESTADO ANAL\u00cdTICO DEL ACTIVO<\/span><\/strong><\/h6><h6><div id=\"footable_parent_1947\"\n         class=\" footable_parent ninja_table_wrapper loading_ninja_table wp_table_data_press_parent semantic_ui \">\n                <table data-ninja_table_instance=\"ninja_table_instance_5\" data-footable_id=\"1947\" data-filter-delay=\"1000\" aria-label=\"Contable 6\"            id=\"footable_1947\"\n           data-unique_identifier=\"ninja_table_unique_id_2032616894_1947\"\n           class=\" foo-table ninja_footable foo_table_1947 ninja_table_unique_id_2032616894_1947 ui table  nt_type_ajax_table fixed selectable celled striped vertical_centered  footable-paging-right ninja_table_search_disabled ninja_table_pro\">\n                <colgroup>\n                            <col class=\"ninja_column_0 \">\n                            <col class=\"ninja_column_1 \">\n                            <col class=\"ninja_column_2 \">\n                            <col class=\"ninja_column_3 \">\n                            <col class=\"ninja_column_4 \">\n                            <col class=\"ninja_column_5 \">\n                            <col class=\"ninja_column_6 \">\n                            <col class=\"ninja_column_7 \">\n                            <col class=\"ninja_column_8 \">\n                    <\/colgroup>\n            <\/table>\n    \n    \n    \n<\/div>\n<\/h6><h6><strong><span style=\"color: #008000;\">7. ESTADO ANAL\u00cdTICO DE LA DEUDA Y OTROS PASIVOS<\/span> <\/strong><\/h6><h6><div id=\"footable_parent_1948\"\n         class=\" footable_parent ninja_table_wrapper loading_ninja_table wp_table_data_press_parent semantic_ui \">\n                <table data-ninja_table_instance=\"ninja_table_instance_6\" data-footable_id=\"1948\" data-filter-delay=\"1000\" aria-label=\"Contable 7\"            id=\"footable_1948\"\n           data-unique_identifier=\"ninja_table_unique_id_2311705009_1948\"\n           class=\" foo-table ninja_footable foo_table_1948 ninja_table_unique_id_2311705009_1948 ui table  nt_type_ajax_table fixed selectable celled striped vertical_centered  footable-paging-right ninja_table_search_disabled ninja_table_pro\">\n                <colgroup>\n                            <col class=\"ninja_column_0 \">\n                            <col class=\"ninja_column_1 \">\n                            <col class=\"ninja_column_2 \">\n                            <col class=\"ninja_column_3 \">\n                            <col class=\"ninja_column_4 \">\n                            <col class=\"ninja_column_5 \">\n                            <col class=\"ninja_column_6 \">\n                            <col class=\"ninja_column_7 \">\n                            <col class=\"ninja_column_8 \">\n                    <\/colgroup>\n            <\/table>\n    \n    \n    \n<\/div>\n<\/h6><h6><strong><span style=\"color: #008000;\">8. INFORME SOBRE PASIVOS CONTINGENTES<\/span> <\/strong><\/h6><h6><div id=\"footable_parent_1949\"\n         class=\" footable_parent ninja_table_wrapper loading_ninja_table wp_table_data_press_parent semantic_ui \">\n                <table data-ninja_table_instance=\"ninja_table_instance_7\" data-footable_id=\"1949\" data-filter-delay=\"1000\" aria-label=\"Contable 8\"            id=\"footable_1949\"\n           data-unique_identifier=\"ninja_table_unique_id_1470972761_1949\"\n           class=\" foo-table ninja_footable foo_table_1949 ninja_table_unique_id_1470972761_1949 ui table  nt_type_ajax_table fixed selectable celled striped vertical_centered  footable-paging-right ninja_table_search_disabled ninja_table_pro\">\n                <colgroup>\n                            <col class=\"ninja_column_0 \">\n                            <col class=\"ninja_column_1 \">\n                            <col class=\"ninja_column_2 \">\n                            <col class=\"ninja_column_3 \">\n                            <col class=\"ninja_column_4 \">\n                            <col class=\"ninja_column_5 \">\n                            <col class=\"ninja_column_6 \">\n                            <col class=\"ninja_column_7 \">\n                            <col class=\"ninja_column_8 \">\n                    <\/colgroup>\n            <\/table>\n    \n    \n    \n<\/div>\n<\/h6><h6><strong><span style=\"color: #008000;\">9. NOTAS DE DESGLOSE Y DE MEMORIA<\/span> <\/strong><\/h6><h6><div id=\"footable_parent_1950\"\n         class=\" footable_parent ninja_table_wrapper loading_ninja_table wp_table_data_press_parent semantic_ui \">\n                <table data-ninja_table_instance=\"ninja_table_instance_8\" data-footable_id=\"1950\" data-filter-delay=\"1000\" aria-label=\"Contable 9\"            id=\"footable_1950\"\n           data-unique_identifier=\"ninja_table_unique_id_364769646_1950\"\n           class=\" foo-table ninja_footable foo_table_1950 ninja_table_unique_id_364769646_1950 ui table  nt_type_ajax_table fixed selectable celled striped vertical_centered  footable-paging-right ninja_table_search_disabled ninja_table_pro\">\n                <colgroup>\n                            <col class=\"ninja_column_0 \">\n                            <col class=\"ninja_column_1 \">\n                            <col class=\"ninja_column_2 \">\n                            <col class=\"ninja_column_3 \">\n                            <col class=\"ninja_column_4 \">\n                            <col class=\"ninja_column_5 \">\n                            <col class=\"ninja_column_6 \">\n                            <col class=\"ninja_column_7 \">\n                            <col class=\"ninja_column_8 \">\n                    <\/colgroup>\n            <\/table>\n    \n    \n    \n<\/div>\n<\/h6><h6><span style=\"color: #008000;\"><strong>10. NOTAS DE GESTI\u00d3N ADMINISTRATIVA<\/strong><\/span><\/h6><h6><div id=\"footable_parent_1951\"\n         class=\" footable_parent ninja_table_wrapper loading_ninja_table wp_table_data_press_parent semantic_ui \">\n                <table data-ninja_table_instance=\"ninja_table_instance_9\" data-footable_id=\"1951\" data-filter-delay=\"1000\" aria-label=\"Contable 10\"            id=\"footable_1951\"\n           data-unique_identifier=\"ninja_table_unique_id_82061334_1951\"\n           class=\" foo-table ninja_footable foo_table_1951 ninja_table_unique_id_82061334_1951 ui table  nt_type_ajax_table fixed selectable celled striped vertical_centered  footable-paging-right ninja_table_search_disabled ninja_table_pro\">\n                <colgroup>\n                            <col class=\"ninja_column_0 \">\n                            <col class=\"ninja_column_1 \">\n                            <col class=\"ninja_column_2 \">\n                            <col class=\"ninja_column_3 \">\n                            <col class=\"ninja_column_4 \">\n                            <col class=\"ninja_column_5 \">\n                            <col class=\"ninja_column_6 \">\n                            <col class=\"ninja_column_7 \">\n                            <col class=\"ninja_column_8 \">\n                    <\/colgroup>\n            <\/table>\n    \n    \n    \n<\/div>\n<\/h6>\t\t\t\t\t\t\t\t<\/div>\n\t\t\t\t<\/div>\n\t\t\t\t\t<\/div>\n\t\t<\/div>\n\t\t\t\t\t<\/div>\n\t\t<\/section>\n\t\t\t\t<\/div>\n\t\t","protected":false},"excerpt":{"rendered":"<p>1. ESTADO DE LA SITUACI\u00d3N FINANCIERA 2. ESTADO DE ACTIVIDADES 3. ESTADO DE VARIACI\u00d3N EN HACIENDA P\u00daBLICA 4. ESTADO DE CAMBIOS EN LA SITUACI\u00d3N FINANCIERA 5. ESTADO DE FLUJOS DE<\/p>\n<a class=\"btn_a\" href=\"https:\/\/www.implanguanajuato.gob.mx\/?page_id=1559\"><span><i class=\"in_left fa fa-angle-right\"><\/i><span>Details<\/span><i class=\"in_right fa fa-angle-right\"><\/i><\/span><\/a>","protected":false},"author":1,"featured_media":0,"parent":1557,"menu_order":0,"comment_status":"closed","ping_status":"closed","template":"page-fullwidth.php","meta":{"ngg_post_thumbnail":0,"footnotes":""},"class_list":["post-1559","page","type-page","status-publish","hentry"],"_links":{"self":[{"href":"https:\/\/www.implanguanajuato.gob.mx\/index.php?rest_route=\/wp\/v2\/pages\/1559","targetHints":{"allow":["GET"]}}],"collection":[{"href":"https:\/\/www.implanguanajuato.gob.mx\/index.php?rest_route=\/wp\/v2\/pages"}],"about":[{"href":"https:\/\/www.implanguanajuato.gob.mx\/index.php?rest_route=\/wp\/v2\/types\/page"}],"author":[{"embeddable":true,"href":"https:\/\/www.implanguanajuato.gob.mx\/index.php?rest_route=\/wp\/v2\/users\/1"}],"replies":[{"embeddable":true,"href":"https:\/\/www.implanguanajuato.gob.mx\/index.php?rest_route=%2Fwp%2Fv2%2Fcomments&post=1559"}],"version-history":[{"count":25,"href":"https:\/\/www.implanguanajuato.gob.mx\/index.php?rest_route=\/wp\/v2\/pages\/1559\/revisions"}],"predecessor-version":[{"id":14210,"href":"https:\/\/www.implanguanajuato.gob.mx\/index.php?rest_route=\/wp\/v2\/pages\/1559\/revisions\/14210"}],"up":[{"embeddable":true,"href":"https:\/\/www.implanguanajuato.gob.mx\/index.php?rest_route=\/wp\/v2\/pages\/1557"}],"wp:attachment":[{"href":"https:\/\/www.implanguanajuato.gob.mx\/index.php?rest_route=%2Fwp%2Fv2%2Fmedia&parent=1559"}],"curies":[{"name":"wp","href":"https:\/\/api.w.org\/{rel}","templated":true}]}}