{"id":15699,"date":"2026-02-05T16:06:17","date_gmt":"2026-02-05T22:06:17","guid":{"rendered":"https:\/\/www.implanguanajuato.gob.mx\/?page_id=15699"},"modified":"2026-03-02T13:50:02","modified_gmt":"2026-03-02T19:50:02","slug":"plan-municipal-de-desarrollo-2025-2050","status":"publish","type":"page","link":"https:\/\/www.implanguanajuato.gob.mx\/?page_id=15699","title":{"rendered":"PLAN INTEGRAL DE MOVILIDAD URBANA SUSTENTABLE (PIMUS)"},"content":{"rendered":"\t\t<div data-elementor-type=\"wp-page\" data-elementor-id=\"15699\" class=\"elementor elementor-15699\" data-elementor-post-type=\"page\">\n\t\t\t\t\t\t<section class=\"elementor-section elementor-top-section elementor-element elementor-element-1b60022 elementor-section-boxed elementor-section-height-default elementor-section-height-default\" data-id=\"1b60022\" data-element_type=\"section\" data-e-type=\"section\">\n\t\t\t\t\t\t<div class=\"elementor-container elementor-column-gap-default\">\n\t\t\t\t\t<div class=\"elementor-column elementor-col-100 elementor-top-column elementor-element elementor-element-79dd609\" data-id=\"79dd609\" data-element_type=\"column\" data-e-type=\"column\">\n\t\t\t<div class=\"elementor-widget-wrap elementor-element-populated\">\n\t\t\t\t\t\t<div class=\"elementor-element elementor-element-0c4913b elementor-widget elementor-widget-image\" data-id=\"0c4913b\" data-element_type=\"widget\" data-e-type=\"widget\" data-widget_type=\"image.default\">\n\t\t\t\t<div class=\"elementor-widget-container\">\n\t\t\t\t\t\t\t\t\t\t\t\t\t\t\t<img fetchpriority=\"high\" decoding=\"async\" width=\"835\" height=\"342\" src=\"https:\/\/www.implanguanajuato.gob.mx\/wp-content\/uploads\/2026\/02\/IMAGEN-PIMUS-G-JPEG.jpg\" class=\"attachment-large size-large wp-image-15807\" alt=\"\" srcset=\"https:\/\/www.implanguanajuato.gob.mx\/wp-content\/uploads\/2026\/02\/IMAGEN-PIMUS-G-JPEG.jpg 902w, https:\/\/www.implanguanajuato.gob.mx\/wp-content\/uploads\/2026\/02\/IMAGEN-PIMUS-G-JPEG-300x123.jpg 300w, https:\/\/www.implanguanajuato.gob.mx\/wp-content\/uploads\/2026\/02\/IMAGEN-PIMUS-G-JPEG-768x314.jpg 768w\" sizes=\"(max-width: 835px) 100vw, 835px\" \/>\t\t\t\t\t\t\t\t\t\t\t\t\t\t\t<\/div>\n\t\t\t\t<\/div>\n\t\t\t\t\t<\/div>\n\t\t<\/div>\n\t\t\t\t\t<\/div>\n\t\t<\/section>\n\t\t\t\t<section class=\"elementor-section elementor-top-section elementor-element elementor-element-bec2bca elementor-section-boxed elementor-section-height-default elementor-section-height-default\" data-id=\"bec2bca\" data-element_type=\"section\" data-e-type=\"section\">\n\t\t\t\t\t\t<div class=\"elementor-container elementor-column-gap-default\">\n\t\t\t\t\t<div class=\"elementor-column elementor-col-100 elementor-top-column elementor-element elementor-element-725f0d8\" data-id=\"725f0d8\" data-element_type=\"column\" data-e-type=\"column\">\n\t\t\t<div class=\"elementor-widget-wrap elementor-element-populated\">\n\t\t\t\t\t\t<div class=\"elementor-element elementor-element-eff988a elementor-widget elementor-widget-text-editor\" data-id=\"eff988a\" data-element_type=\"widget\" data-e-type=\"widget\" data-widget_type=\"text-editor.default\">\n\t\t\t\t<div class=\"elementor-widget-container\">\n\t\t\t\t\t\t\t\t\t<h2 style=\"text-align: justify;\">\u00bfQu\u00e9 es el PMUS?<\/h2><p style=\"text-align: justify;\">Con fundamento en los art\u00edculos 115, fracciones II y V, inciso a) de la Constituci\u00f3n Pol\u00edtica de los Estados Unidos Mexicanos 117, fracci\u00f3n I y II, inciso a) de la Constituci\u00f3n Pol\u00edtica del Estado Libre y Soberano de Guanajuato, 31, fracci\u00f3n I, de la Movilidad del Estado de Guanajuato y sus Municipios, y 271 y 280 de la Ley para el Gobierno y la Administraci\u00f3n de los Municipios del Estado de Guanajuato, 1,4, fracci\u00f3n I, del Reglamento de Movilidad para el Municipio de Guanajuato, en la Sesi\u00f3n Ordinaria n\u00famero 22, celebrada el 19 de agosto de 2025, espec\u00edficamente en el punto n\u00famero 9 del orden del d\u00eda, el H. Ayuntamiento aprob\u00f3 el Plan Integral de Movilidad Urbana Sustentable del Municipio de Guanajuato (PIMUS).<\/p><p style=\"text-align: justify;\">El Plan Integral de Movilidad Urbana Sustentable del Municipio de Guanajuato (PIMUS), es un instrumento de planeaci\u00f3n que tiene como objetivo trasformar la movilidad de la ciudad, abordando los complejos desaf\u00edos de su topograf\u00eda accidentada, morfolog\u00eda mixta, hist\u00f3rica y contempor\u00e1nea; el cual contempla proyectos estrat\u00e9gicos y l\u00edneas de acci\u00f3n para fomentar la movilidad basada en 5 pilares fundamentales, la movilidad como un derecho y no como un privilegio, dos la integralidad, tres la sostenibilidad, cuatro la equidad y seguridad, priorizando la accidentabilidad universal y cinco la gobernanza participativa e innovaci\u00f3n social.<\/p><p style=\"text-align: justify;\">Por mencionar algunos proyectos y l\u00edneas de acci\u00f3n, el PIMUS contempla fomentar la movilidad activa, privilegiando al peat\u00f3n y ciclista, modernizar y fortalecer el trasporte p\u00fablico impulsando un Sistema integrado de Trasporte (SIT), optimizar la infraestructura vial redise\u00f1ando vialidades clave, mejorando los puntos de conflicto vial para mayor seguridad; desarrollos estacionamientos perif\u00e9ricos y centros de transferencia modal para descongestionar el centro hist\u00f3rico.<\/p><h2 style=\"text-align: justify;\">Publicaci\u00f3n<\/h2><div class=\"copy_shortcode\"><code class=\"copy flex p-[8px] rounded-[8px] border border-[#E1E4EA] el-tooltip__trigger el-tooltip__trigger\" data-clipboard-text=\"\"><div id=\"footable_parent_15803\"\n         class=\" footable_parent ninja_table_wrapper loading_ninja_table wp_table_data_press_parent semantic_ui \">\n                <table data-ninja_table_instance=\"ninja_table_instance_0\" data-footable_id=\"15803\" data-filter-delay=\"1000\" aria-label=\"Plan Integral de Movilidad Urbana Sustentable en el Municipio de Guanajuato\"            id=\"footable_15803\"\n           data-unique_identifier=\"ninja_table_unique_id_2424428464_15803\"\n           class=\" foo-table ninja_footable foo_table_15803 ninja_table_unique_id_2424428464_15803 ui table  ninja_search_right nt_type_ajax_table selectable celled striped vertical_centered  footable-paging-right ninja_table_search_disabled ninja_table_pro\">\n                <colgroup>\n                            <col class=\"ninja_column_0 \">\n                            <col class=\"ninja_column_1 \">\n                            <col class=\"ninja_column_2 \">\n                    <\/colgroup>\n            <\/table>\n    \n    \n    \n<\/div>\n <\/code><\/div>\t\t\t\t\t\t\t\t<\/div>\n\t\t\t\t<\/div>\n\t\t\t\t\t<\/div>\n\t\t<\/div>\n\t\t\t\t\t<\/div>\n\t\t<\/section>\n\t\t\t\t<\/div>\n\t\t","protected":false},"excerpt":{"rendered":"<p>\u00bfQu\u00e9 es el PMUS? Con fundamento en los art\u00edculos 115, fracciones II y V, inciso a) de la Constituci\u00f3n Pol\u00edtica de los Estados Unidos Mexicanos 117, fracci\u00f3n I y II,<\/p>\n<a class=\"btn_a\" href=\"https:\/\/www.implanguanajuato.gob.mx\/?page_id=15699\"><span><i class=\"in_left fa fa-angle-right\"><\/i><span>Details<\/span><i class=\"in_right fa fa-angle-right\"><\/i><\/span><\/a>","protected":false},"author":4,"featured_media":0,"parent":0,"menu_order":0,"comment_status":"closed","ping_status":"closed","template":"","meta":{"ngg_post_thumbnail":0,"footnotes":""},"class_list":["post-15699","page","type-page","status-publish","hentry"],"_links":{"self":[{"href":"https:\/\/www.implanguanajuato.gob.mx\/index.php?rest_route=\/wp\/v2\/pages\/15699","targetHints":{"allow":["GET"]}}],"collection":[{"href":"https:\/\/www.implanguanajuato.gob.mx\/index.php?rest_route=\/wp\/v2\/pages"}],"about":[{"href":"https:\/\/www.implanguanajuato.gob.mx\/index.php?rest_route=\/wp\/v2\/types\/page"}],"author":[{"embeddable":true,"href":"https:\/\/www.implanguanajuato.gob.mx\/index.php?rest_route=\/wp\/v2\/users\/4"}],"replies":[{"embeddable":true,"href":"https:\/\/www.implanguanajuato.gob.mx\/index.php?rest_route=%2Fwp%2Fv2%2Fcomments&post=15699"}],"version-history":[{"count":21,"href":"https:\/\/www.implanguanajuato.gob.mx\/index.php?rest_route=\/wp\/v2\/pages\/15699\/revisions"}],"predecessor-version":[{"id":15934,"href":"https:\/\/www.implanguanajuato.gob.mx\/index.php?rest_route=\/wp\/v2\/pages\/15699\/revisions\/15934"}],"wp:attachment":[{"href":"https:\/\/www.implanguanajuato.gob.mx\/index.php?rest_route=%2Fwp%2Fv2%2Fmedia&parent=15699"}],"curies":[{"name":"wp","href":"https:\/\/api.w.org\/{rel}","templated":true}]}}