{"id":1571,"date":"2020-07-28T10:09:09","date_gmt":"2020-07-28T15:09:09","guid":{"rendered":"http:\/\/www.implanguanajuato.gob.mx\/?page_id=1571"},"modified":"2026-01-19T10:09:42","modified_gmt":"2026-01-19T16:09:42","slug":"obligaciones-comunes","status":"publish","type":"page","link":"https:\/\/www.implanguanajuato.gob.mx\/?page_id=1571","title":{"rendered":"OBLIGACIONES COMUNES"},"content":{"rendered":"\t\t<div data-elementor-type=\"wp-page\" data-elementor-id=\"1571\" class=\"elementor elementor-1571\" data-elementor-post-type=\"page\">\n\t\t\t\t\t\t<section class=\"elementor-section elementor-top-section elementor-element elementor-element-7369d103 elementor-section-boxed elementor-section-height-default elementor-section-height-default\" data-id=\"7369d103\" data-element_type=\"section\" data-e-type=\"section\">\n\t\t\t\t\t\t<div class=\"elementor-container elementor-column-gap-default\">\n\t\t\t\t\t<div class=\"elementor-column elementor-col-100 elementor-top-column elementor-element elementor-element-32c55e21\" data-id=\"32c55e21\" data-element_type=\"column\" data-e-type=\"column\">\n\t\t\t<div class=\"elementor-widget-wrap elementor-element-populated\">\n\t\t\t\t\t\t<div class=\"elementor-element elementor-element-2739a1a7 elementor-widget elementor-widget-text-editor\" data-id=\"2739a1a7\" data-element_type=\"widget\" data-e-type=\"widget\" data-widget_type=\"text-editor.default\">\n\t\t\t\t<div class=\"elementor-widget-container\">\n\t\t\t\t\t\t\t\t\t<h4 style=\"text-align: center;\"><span style=\"font-family: georgia, palatino, serif; color: #3e7a3c;\">LEY DE TRANSPARENCIA Y ACCESO A LA INFORMACI\u00d3N P\u00daBLICA PARA EL ESTADO DE GUANAJUATO<\/span><\/h4><p style=\"text-align: center;\"><span style=\"color: #99cc00;\"><strong>SECCI\u00d3N TERCERA<\/strong><\/span><\/p><p style=\"text-align: justify;\"><strong>ART\u00cdCULO 26.<\/strong> Los sujetos obligados de manera proactiva deber\u00e1n poner a disposici\u00f3n de la sociedad y mantener actualizada, en los respectivos medios electr\u00f3nicos, de acuerdo a sus facultades, atribuciones, funciones u objeto social, seg\u00fan corresponda, la informaci\u00f3n, por lo menos, de los temas, documentos y pol\u00edticas que a continuaci\u00f3n se se\u00f1alan:<\/p>\t\t\t\t\t\t\t\t<\/div>\n\t\t\t\t<\/div>\n\t\t\t\t\t<\/div>\n\t\t<\/div>\n\t\t\t\t\t<\/div>\n\t\t<\/section>\n\t\t\t\t<section class=\"elementor-section elementor-top-section elementor-element elementor-element-0202f97 elementor-section-boxed elementor-section-height-default elementor-section-height-default\" data-id=\"0202f97\" data-element_type=\"section\" data-e-type=\"section\">\n\t\t\t\t\t\t<div class=\"elementor-container elementor-column-gap-default\">\n\t\t\t\t\t<div class=\"elementor-column elementor-col-100 elementor-top-column elementor-element elementor-element-9493aa0\" data-id=\"9493aa0\" data-element_type=\"column\" data-e-type=\"column\">\n\t\t\t<div class=\"elementor-widget-wrap elementor-element-populated\">\n\t\t\t\t\t\t<div class=\"elementor-element elementor-element-51f4edc elementor-widget elementor-widget-html\" data-id=\"51f4edc\" data-element_type=\"widget\" data-e-type=\"widget\" data-widget_type=\"html.default\">\n\t\t\t\t<div class=\"elementor-widget-container\">\n\t\t\t\t\t<iframe \n  src=\"https:\/\/www.implanguanajuato.gob.mx\/transparencia\/\"\n  width=\"100%\" \n  height=\"1200\"\n  frameborder=\"0\"\n  allowfullscreen>\n<\/iframe>\t\t\t\t<\/div>\n\t\t\t\t<\/div>\n\t\t\t\t\t<\/div>\n\t\t<\/div>\n\t\t\t\t\t<\/div>\n\t\t<\/section>\n\t\t\t\t<\/div>\n\t\t","protected":false},"excerpt":{"rendered":"<p>LEY DE TRANSPARENCIA Y ACCESO A LA INFORMACI\u00d3N P\u00daBLICA PARA EL ESTADO DE GUANAJUATO SECCI\u00d3N TERCERA ART\u00cdCULO 26. Los sujetos obligados de manera proactiva deber\u00e1n poner a disposici\u00f3n de la<\/p>\n<a class=\"btn_a\" href=\"https:\/\/www.implanguanajuato.gob.mx\/?page_id=1571\"><span><i class=\"in_left fa fa-angle-right\"><\/i><span>Details<\/span><i class=\"in_right fa fa-angle-right\"><\/i><\/span><\/a>","protected":false},"author":1,"featured_media":0,"parent":1557,"menu_order":0,"comment_status":"closed","ping_status":"closed","template":"page-fullwidth.php","meta":{"ngg_post_thumbnail":0,"footnotes":""},"class_list":["post-1571","page","type-page","status-publish","hentry"],"_links":{"self":[{"href":"https:\/\/www.implanguanajuato.gob.mx\/index.php?rest_route=\/wp\/v2\/pages\/1571","targetHints":{"allow":["GET"]}}],"collection":[{"href":"https:\/\/www.implanguanajuato.gob.mx\/index.php?rest_route=\/wp\/v2\/pages"}],"about":[{"href":"https:\/\/www.implanguanajuato.gob.mx\/index.php?rest_route=\/wp\/v2\/types\/page"}],"author":[{"embeddable":true,"href":"https:\/\/www.implanguanajuato.gob.mx\/index.php?rest_route=\/wp\/v2\/users\/1"}],"replies":[{"embeddable":true,"href":"https:\/\/www.implanguanajuato.gob.mx\/index.php?rest_route=%2Fwp%2Fv2%2Fcomments&post=1571"}],"version-history":[{"count":1530,"href":"https:\/\/www.implanguanajuato.gob.mx\/index.php?rest_route=\/wp\/v2\/pages\/1571\/revisions"}],"predecessor-version":[{"id":15341,"href":"https:\/\/www.implanguanajuato.gob.mx\/index.php?rest_route=\/wp\/v2\/pages\/1571\/revisions\/15341"}],"up":[{"embeddable":true,"href":"https:\/\/www.implanguanajuato.gob.mx\/index.php?rest_route=\/wp\/v2\/pages\/1557"}],"wp:attachment":[{"href":"https:\/\/www.implanguanajuato.gob.mx\/index.php?rest_route=%2Fwp%2Fv2%2Fmedia&parent=1571"}],"curies":[{"name":"wp","href":"https:\/\/api.w.org\/{rel}","templated":true}]}}