{"id":15917,"date":"2026-03-02T13:34:43","date_gmt":"2026-03-02T19:34:43","guid":{"rendered":"https:\/\/www.implanguanajuato.gob.mx\/?page_id=15917"},"modified":"2026-03-02T13:47:44","modified_gmt":"2026-03-02T19:47:44","slug":"plan-municipal-de-desarrollo-pmd-2020-2025","status":"publish","type":"page","link":"https:\/\/www.implanguanajuato.gob.mx\/?page_id=15917","title":{"rendered":"PLAN MUNICIPAL DE DESARROLLO (PMD) 2020-2025"},"content":{"rendered":"\t\t<div data-elementor-type=\"wp-page\" data-elementor-id=\"15917\" class=\"elementor elementor-15917\" data-elementor-post-type=\"page\">\n\t\t\t\t\t\t<section class=\"elementor-section elementor-top-section elementor-element elementor-element-eae86eb elementor-section-boxed elementor-section-height-default elementor-section-height-default\" data-id=\"eae86eb\" data-element_type=\"section\" data-e-type=\"section\">\n\t\t\t\t\t\t<div class=\"elementor-container elementor-column-gap-default\">\n\t\t\t\t\t<div class=\"elementor-column elementor-col-100 elementor-top-column elementor-element elementor-element-a1942cd\" data-id=\"a1942cd\" data-element_type=\"column\" data-e-type=\"column\">\n\t\t\t<div class=\"elementor-widget-wrap elementor-element-populated\">\n\t\t\t\t\t\t<div class=\"elementor-element elementor-element-537bbcd elementor-widget elementor-widget-image\" data-id=\"537bbcd\" data-element_type=\"widget\" data-e-type=\"widget\" data-widget_type=\"image.default\">\n\t\t\t\t<div class=\"elementor-widget-container\">\n\t\t\t\t\t\t\t\t\t\t\t\t\t\t\t<img fetchpriority=\"high\" decoding=\"async\" width=\"835\" height=\"249\" src=\"https:\/\/www.implanguanajuato.gob.mx\/wp-content\/uploads\/2026\/02\/IMAGEN-PMD-2050-1-1-1024x305.jpg\" class=\"attachment-large size-large wp-image-15713\" alt=\"\" srcset=\"https:\/\/www.implanguanajuato.gob.mx\/wp-content\/uploads\/2026\/02\/IMAGEN-PMD-2050-1-1-1024x305.jpg 1024w, https:\/\/www.implanguanajuato.gob.mx\/wp-content\/uploads\/2026\/02\/IMAGEN-PMD-2050-1-1-300x89.jpg 300w, https:\/\/www.implanguanajuato.gob.mx\/wp-content\/uploads\/2026\/02\/IMAGEN-PMD-2050-1-1-768x229.jpg 768w, https:\/\/www.implanguanajuato.gob.mx\/wp-content\/uploads\/2026\/02\/IMAGEN-PMD-2050-1-1.jpg 1328w\" sizes=\"(max-width: 835px) 100vw, 835px\" \/>\t\t\t\t\t\t\t\t\t\t\t\t\t\t\t<\/div>\n\t\t\t\t<\/div>\n\t\t\t\t\t<\/div>\n\t\t<\/div>\n\t\t\t\t\t<\/div>\n\t\t<\/section>\n\t\t\t\t<section class=\"elementor-section elementor-top-section elementor-element elementor-element-fe27d69 elementor-section-boxed elementor-section-height-default elementor-section-height-default\" data-id=\"fe27d69\" data-element_type=\"section\" data-e-type=\"section\">\n\t\t\t\t\t\t<div class=\"elementor-container elementor-column-gap-default\">\n\t\t\t\t\t<div class=\"elementor-column elementor-col-100 elementor-top-column elementor-element elementor-element-82e83d9\" data-id=\"82e83d9\" data-element_type=\"column\" data-e-type=\"column\">\n\t\t\t<div class=\"elementor-widget-wrap elementor-element-populated\">\n\t\t\t\t\t\t<div class=\"elementor-element elementor-element-6fba211 elementor-widget elementor-widget-text-editor\" data-id=\"6fba211\" data-element_type=\"widget\" data-e-type=\"widget\" data-widget_type=\"text-editor.default\">\n\t\t\t\t<div class=\"elementor-widget-container\">\n\t\t\t\t\t\t\t\t\t<h2 style=\"text-align: justify;\">\u00bfQu\u00e9 es el PMD 2020-2050?<\/h2><p style=\"text-align: justify;\">De acuerdo con el art\u00edculo 276 de la Ley para el Gobierno y Administraci\u00f3n de los Municipios de Guanajuato, el Plan Municipal de Desarrollo de Guanajuato 2050, es el instrumento que contiene los objetivos y las estrategias para el desarrollo del municipio, con una visi\u00f3n hac\u00eda el a\u00f1o 2050, con base en un diagn\u00f3stico sobre las condiciones socioecon\u00f3micas y socioculturales de Guanajuato.<\/p><p style=\"text-align: justify;\">Aprobado durante la sesi\u00f3n ordinaria n\u00famero 30 del H. Ayuntamiento del 4 de diciembre de 2025, fue publicado en el Peri\u00f3dico Oficial del Gobierno del Estado de Guanajuato A\u00f1o CXIII, Tomo CLXIV, N\u00famero 21, Tercera parte de fecha 29 de enero de 2026.<\/p><h2 style=\"text-align: justify;\">Publicaci\u00f3n<\/h2><div class=\"copy_shortcode\"><code class=\"copy flex p-[8px] rounded-[8px] border border-[#E1E4EA] el-tooltip__trigger el-tooltip__trigger\" data-clipboard-text=\"\"> <div id=\"footable_parent_15702\"\n         class=\" footable_parent ninja_table_wrapper loading_ninja_table wp_table_data_press_parent semantic_ui \">\n                <table data-ninja_table_instance=\"ninja_table_instance_0\" data-footable_id=\"15702\" data-filter-delay=\"1000\" aria-label=\"Plan Municipal de Desarrollo 2050\"            id=\"footable_15702\"\n           data-unique_identifier=\"ninja_table_unique_id_7383734_15702\"\n           class=\" foo-table ninja_footable foo_table_15702 ninja_table_unique_id_7383734_15702 ui table  ninja_search_right nt_type_ajax_table selectable celled striped vertical_centered  footable-paging-right ninja_table_search_disabled ninja_table_pro\">\n                <colgroup>\n                            <col class=\"ninja_column_0 \">\n                            <col class=\"ninja_column_1 \">\n                            <col class=\"ninja_column_2 \">\n                    <\/colgroup>\n            <\/table>\n    \n    \n    \n<\/div>\n <\/code><\/div>\t\t\t\t\t\t\t\t<\/div>\n\t\t\t\t<\/div>\n\t\t\t\t\t<\/div>\n\t\t<\/div>\n\t\t\t\t\t<\/div>\n\t\t<\/section>\n\t\t\t\t<\/div>\n\t\t","protected":false},"excerpt":{"rendered":"<p>\u00bfQu\u00e9 es el PMD 2020-2050? De acuerdo con el art\u00edculo 276 de la Ley para el Gobierno y Administraci\u00f3n de los Municipios de Guanajuato, el Plan Municipal de Desarrollo de<\/p>\n<a class=\"btn_a\" href=\"https:\/\/www.implanguanajuato.gob.mx\/?page_id=15917\"><span><i class=\"in_left fa fa-angle-right\"><\/i><span>Details<\/span><i class=\"in_right fa fa-angle-right\"><\/i><\/span><\/a>","protected":false},"author":4,"featured_media":0,"parent":0,"menu_order":0,"comment_status":"closed","ping_status":"closed","template":"","meta":{"ngg_post_thumbnail":0,"footnotes":""},"class_list":["post-15917","page","type-page","status-publish","hentry"],"_links":{"self":[{"href":"https:\/\/www.implanguanajuato.gob.mx\/index.php?rest_route=\/wp\/v2\/pages\/15917","targetHints":{"allow":["GET"]}}],"collection":[{"href":"https:\/\/www.implanguanajuato.gob.mx\/index.php?rest_route=\/wp\/v2\/pages"}],"about":[{"href":"https:\/\/www.implanguanajuato.gob.mx\/index.php?rest_route=\/wp\/v2\/types\/page"}],"author":[{"embeddable":true,"href":"https:\/\/www.implanguanajuato.gob.mx\/index.php?rest_route=\/wp\/v2\/users\/4"}],"replies":[{"embeddable":true,"href":"https:\/\/www.implanguanajuato.gob.mx\/index.php?rest_route=%2Fwp%2Fv2%2Fcomments&post=15917"}],"version-history":[{"count":11,"href":"https:\/\/www.implanguanajuato.gob.mx\/index.php?rest_route=\/wp\/v2\/pages\/15917\/revisions"}],"predecessor-version":[{"id":16159,"href":"https:\/\/www.implanguanajuato.gob.mx\/index.php?rest_route=\/wp\/v2\/pages\/15917\/revisions\/16159"}],"wp:attachment":[{"href":"https:\/\/www.implanguanajuato.gob.mx\/index.php?rest_route=%2Fwp%2Fv2%2Fmedia&parent=15917"}],"curies":[{"name":"wp","href":"https:\/\/api.w.org\/{rel}","templated":true}]}}