{"id":1597,"date":"2020-07-28T13:53:46","date_gmt":"2020-07-28T18:53:46","guid":{"rendered":"http:\/\/www.implanguanajuato.gob.mx\/?page_id=1597"},"modified":"2022-03-01T10:24:21","modified_gmt":"2022-03-01T16:24:21","slug":"plan-de-manejo-de-la-zona-declarada-patrimonio-por-la-unesco","status":"publish","type":"page","link":"https:\/\/www.implanguanajuato.gob.mx\/?page_id=1597","title":{"rendered":"PMZDPU"},"content":{"rendered":"\n<h2 class=\"has-text-align-center wp-block-heading\" id=\"plan-de-manejo-de-la-zona-declarada-patrimonio-por-la-unesco-del-municipio-de-guanajuato\">PLAN DE MANEJO DE LA ZONA DECLARADA PATRIMONIO POR LA UNESCO DEL MUNICIPIO DE GUANAJUATO<\/h2>\n\n\n\n<div style=\"height:20px\" aria-hidden=\"true\" class=\"wp-block-spacer\"><\/div>\n\n\n\n<p style=\"text-align: justify;\">Como instrumentos de gesti\u00f3n, sin ser propiamente de planeaci\u00f3n, se considera en particular, el Plan de Manejo de la Zona declarada Patrimonio por la UNESCO del Municipio de Guanajuato, este instrumento, nos indica como se debe tener el manejo de las \u00e1reas patrimoniales.<\/p>\n\n\n\n<hr class=\"wp-block-separator\"\/>\n\n\n\n<h2 class=\"wp-block-heading\" id=\"que-es-el-pmzdpu\">\u00bfQu\u00e9 es el PMZDPU?<\/h2>\n\n\n\n<p style=\"text-align: justify;\">El <strong>Plan de Manejo de la Zona<\/strong> declarada Patrimonio por la <strong>UNESCO<\/strong> del Municipio de Guanajuato Etapa 1 y 2, publicado el 21 de noviembre del 2018 en el Peri\u00f3dico Oficial del Estado, tiene como objetivo instrumentar la estrategia de gesti\u00f3n integral y la Zona de Monumentos a trav\u00e9s de sus programas, proyectos y acciones establecidos, bajo las pol\u00edticas de recuperaci\u00f3n, revitalizaci\u00f3n y gesti\u00f3n del Centro Hist\u00f3rico de la ciudad de Guanajuato.<\/p>\n\n\n\n<h2 class=\"wp-block-heading\" id=\"documento-integral\">Documento Integral<\/h2>\n\n\n\n<div id=\"footable_parent_3392\"\n         class=\" footable_parent ninja_table_wrapper loading_ninja_table wp_table_data_press_parent semantic_ui \">\n                <table data-ninja_table_instance=\"ninja_table_instance_0\" data-footable_id=\"3392\" data-filter-delay=\"1000\" aria-label=\"Ins gestion1\"            id=\"footable_3392\"\n           data-unique_identifier=\"ninja_table_unique_id_2857254528_3392\"\n           class=\" foo-table ninja_footable foo_table_3392 ninja_table_unique_id_2857254528_3392 ui table  nt_type_ajax_table selectable celled striped vertical_centered  footable-paging-right ninja_table_search_disabled ninja_table_pro\">\n                <colgroup>\n                            <col class=\"ninja_column_0 \">\n                            <col class=\"ninja_column_1 \">\n                            <col class=\"ninja_column_2 \">\n                    <\/colgroup>\n            <\/table>\n    \n    \n    \n<\/div>\n\n\n\n\n<h2 class=\"wp-block-heading\" id=\"publicacion\">Publicaci\u00f3n<\/h2>\n\n\n\n<div id=\"footable_parent_3394\"\n         class=\" footable_parent ninja_table_wrapper loading_ninja_table wp_table_data_press_parent semantic_ui \">\n                <table data-ninja_table_instance=\"ninja_table_instance_1\" data-footable_id=\"3394\" data-filter-delay=\"1000\" aria-label=\"Ins gestion2\"            id=\"footable_3394\"\n           data-unique_identifier=\"ninja_table_unique_id_1993026557_3394\"\n           class=\" foo-table ninja_footable foo_table_3394 ninja_table_unique_id_1993026557_3394 ui table  nt_type_ajax_table selectable celled striped vertical_centered  footable-paging-right ninja_table_search_disabled ninja_table_pro\">\n                <colgroup>\n                            <col class=\"ninja_column_0 \">\n                            <col class=\"ninja_column_1 \">\n                            <col class=\"ninja_column_2 \">\n                    <\/colgroup>\n            <\/table>\n    \n    \n    \n<\/div>\n\n\n\n\n<h2 class=\"wp-block-heading\" id=\"cartera-de-proyectos\">Cartera de Proyectos<\/h2>\n\n\n\n<div id=\"footable_parent_3397\"\n         class=\" footable_parent ninja_table_wrapper loading_ninja_table wp_table_data_press_parent semantic_ui \">\n                <table data-ninja_table_instance=\"ninja_table_instance_2\" data-footable_id=\"3397\" data-filter-delay=\"1000\" aria-label=\"Ins gestion3\"            id=\"footable_3397\"\n           data-unique_identifier=\"ninja_table_unique_id_2412253898_3397\"\n           class=\" foo-table ninja_footable foo_table_3397 ninja_table_unique_id_2412253898_3397 ui table  nt_type_ajax_table selectable celled striped vertical_centered  footable-paging-right ninja_table_search_disabled ninja_table_pro\">\n                <colgroup>\n                            <col class=\"ninja_column_0 \">\n                            <col class=\"ninja_column_1 \">\n                            <col class=\"ninja_column_2 \">\n                    <\/colgroup>\n            <\/table>\n    \n    \n    \n<\/div>\n\n\n\n\n<h2 class=\"wp-block-heading\" id=\"mapas-tematicos\">Mapas Tem\u00e1ticos<\/h2>\n\n\n\nngg_shortcode_0_placeholder\n\n\n\nngg_shortcode_1_placeholder\n\n\n\nngg_shortcode_2_placeholder\n","protected":false},"excerpt":{"rendered":"<p>PLAN DE MANEJO DE LA ZONA DECLARADA PATRIMONIO POR LA UNESCO DEL MUNICIPIO DE GUANAJUATO Como instrumentos de gesti\u00f3n, sin ser propiamente de planeaci\u00f3n, se considera en particular, el Plan<\/p>\n<a class=\"btn_a\" href=\"https:\/\/www.implanguanajuato.gob.mx\/?page_id=1597\"><span><i class=\"in_left fa fa-angle-right\"><\/i><span>Details<\/span><i class=\"in_right fa fa-angle-right\"><\/i><\/span><\/a>","protected":false},"author":1,"featured_media":0,"parent":0,"menu_order":0,"comment_status":"closed","ping_status":"closed","template":"page-fullwidth.php","meta":{"ngg_post_thumbnail":0,"footnotes":""},"class_list":["post-1597","page","type-page","status-publish","hentry"],"_links":{"self":[{"href":"https:\/\/www.implanguanajuato.gob.mx\/index.php?rest_route=\/wp\/v2\/pages\/1597","targetHints":{"allow":["GET"]}}],"collection":[{"href":"https:\/\/www.implanguanajuato.gob.mx\/index.php?rest_route=\/wp\/v2\/pages"}],"about":[{"href":"https:\/\/www.implanguanajuato.gob.mx\/index.php?rest_route=\/wp\/v2\/types\/page"}],"author":[{"embeddable":true,"href":"https:\/\/www.implanguanajuato.gob.mx\/index.php?rest_route=\/wp\/v2\/users\/1"}],"replies":[{"embeddable":true,"href":"https:\/\/www.implanguanajuato.gob.mx\/index.php?rest_route=%2Fwp%2Fv2%2Fcomments&post=1597"}],"version-history":[{"count":21,"href":"https:\/\/www.implanguanajuato.gob.mx\/index.php?rest_route=\/wp\/v2\/pages\/1597\/revisions"}],"predecessor-version":[{"id":7708,"href":"https:\/\/www.implanguanajuato.gob.mx\/index.php?rest_route=\/wp\/v2\/pages\/1597\/revisions\/7708"}],"wp:attachment":[{"href":"https:\/\/www.implanguanajuato.gob.mx\/index.php?rest_route=%2Fwp%2Fv2%2Fmedia&parent=1597"}],"curies":[{"name":"wp","href":"https:\/\/api.w.org\/{rel}","templated":true}]}}