{"id":1626,"date":"2020-07-28T15:36:45","date_gmt":"2020-07-28T20:36:45","guid":{"rendered":"http:\/\/www.implanguanajuato.gob.mx\/?page_id=1626"},"modified":"2024-05-07T09:39:06","modified_gmt":"2024-05-07T15:39:06","slug":"acervo-documental","status":"publish","type":"page","link":"https:\/\/www.implanguanajuato.gob.mx\/?page_id=1626","title":{"rendered":"ESTUDIOS"},"content":{"rendered":"\t\t<div data-elementor-type=\"wp-page\" data-elementor-id=\"1626\" class=\"elementor elementor-1626\" data-elementor-post-type=\"page\">\n\t\t\t\t\t\t<section class=\"elementor-section elementor-top-section elementor-element elementor-element-40f19a8 elementor-section-boxed elementor-section-height-default elementor-section-height-default\" data-id=\"40f19a8\" data-element_type=\"section\" data-e-type=\"section\">\n\t\t\t\t\t\t<div class=\"elementor-container elementor-column-gap-default\">\n\t\t\t\t\t<div class=\"elementor-column elementor-col-100 elementor-top-column elementor-element elementor-element-229ce63\" data-id=\"229ce63\" data-element_type=\"column\" data-e-type=\"column\">\n\t\t\t<div class=\"elementor-widget-wrap elementor-element-populated\">\n\t\t\t\t\t\t<div class=\"elementor-element elementor-element-a1cf3cc elementor-widget elementor-widget-heading\" data-id=\"a1cf3cc\" data-element_type=\"widget\" data-e-type=\"widget\" data-widget_type=\"heading.default\">\n\t\t\t\t<div class=\"elementor-widget-container\">\n\t\t\t\t\t<h2 class=\"elementor-heading-title elementor-size-default\"><a href=\"http:\/\/www.implanguanajuato.gob.mx\/?page_id=5492\">Inventario del Patrimonio Municipal Guanajuato<\/a><\/h2>\t\t\t\t<\/div>\n\t\t\t\t<\/div>\n\t\t\t\t\t<\/div>\n\t\t<\/div>\n\t\t\t\t\t<\/div>\n\t\t<\/section>\n\t\t\t\t<section class=\"elementor-section elementor-top-section elementor-element elementor-element-d928abc elementor-section-boxed elementor-section-height-default elementor-section-height-default\" data-id=\"d928abc\" data-element_type=\"section\" data-e-type=\"section\">\n\t\t\t\t\t\t<div class=\"elementor-container elementor-column-gap-default\">\n\t\t\t\t\t<div class=\"elementor-column elementor-col-66 elementor-top-column elementor-element elementor-element-4824780\" data-id=\"4824780\" data-element_type=\"column\" data-e-type=\"column\">\n\t\t\t<div class=\"elementor-widget-wrap elementor-element-populated\">\n\t\t\t\t\t\t<div class=\"elementor-element elementor-element-de7ae95 elementor-widget elementor-widget-image\" data-id=\"de7ae95\" data-element_type=\"widget\" data-e-type=\"widget\" data-widget_type=\"image.default\">\n\t\t\t\t<div class=\"elementor-widget-container\">\n\t\t\t\t\t\t\t\t\t\t\t\t\t\t\t\t<a href=\"http:\/\/www.implanguanajuato.gob.mx\/?page_id=5492\" target=\"_blank\">\n\t\t\t\t\t\t\t<img fetchpriority=\"high\" decoding=\"async\" width=\"768\" height=\"460\" src=\"https:\/\/www.implanguanajuato.gob.mx\/wp-content\/uploads\/2021\/10\/Logo-Principal-768x460.png\" class=\"attachment-medium_large size-medium_large wp-image-5509\" alt=\"\" srcset=\"https:\/\/www.implanguanajuato.gob.mx\/wp-content\/uploads\/2021\/10\/Logo-Principal-768x460.png 768w, https:\/\/www.implanguanajuato.gob.mx\/wp-content\/uploads\/2021\/10\/Logo-Principal-300x180.png 300w, https:\/\/www.implanguanajuato.gob.mx\/wp-content\/uploads\/2021\/10\/Logo-Principal-1024x613.png 1024w, https:\/\/www.implanguanajuato.gob.mx\/wp-content\/uploads\/2021\/10\/Logo-Principal-1536x919.png 1536w, https:\/\/www.implanguanajuato.gob.mx\/wp-content\/uploads\/2021\/10\/Logo-Principal-2048x1226.png 2048w\" sizes=\"(max-width: 768px) 100vw, 768px\" \/>\t\t\t\t\t\t\t\t<\/a>\n\t\t\t\t\t\t\t\t\t\t\t\t\t\t\t<\/div>\n\t\t\t\t<\/div>\n\t\t\t\t\t<\/div>\n\t\t<\/div>\n\t\t\t\t<div class=\"elementor-column elementor-col-33 elementor-top-column elementor-element elementor-element-1d9061b\" data-id=\"1d9061b\" data-element_type=\"column\" data-e-type=\"column\">\n\t\t\t<div class=\"elementor-widget-wrap elementor-element-populated\">\n\t\t\t\t\t\t<div class=\"elementor-element elementor-element-8ec9856 elementor-widget elementor-widget-spacer\" data-id=\"8ec9856\" data-element_type=\"widget\" data-e-type=\"widget\" data-widget_type=\"spacer.default\">\n\t\t\t\t<div class=\"elementor-widget-container\">\n\t\t\t\t\t\t\t<div class=\"elementor-spacer\">\n\t\t\t<div class=\"elementor-spacer-inner\"><\/div>\n\t\t<\/div>\n\t\t\t\t\t\t<\/div>\n\t\t\t\t<\/div>\n\t\t\t\t<div class=\"elementor-element elementor-element-b09aba6 elementor-widget elementor-widget-text-editor\" data-id=\"b09aba6\" data-element_type=\"widget\" data-e-type=\"widget\" data-widget_type=\"text-editor.default\">\n\t\t\t\t<div class=\"elementor-widget-container\">\n\t\t\t\t\t\t\t\t\t<p style=\"text-align: justify;\">El Inventario del Patrimonio Municipal de Guanajuato es un registro en formato de fichas individuales detalladas, la cual indica el estado y orden que deben tener los elementos. Se conforma de seis cap\u00edtulos principales, los cuales categorizan el tipo del patrimonio, siendo as\u00ed: el Patrimonio natural (flora y fauna), arqueol\u00f3gico, arquitect\u00f3nico, urbano, cultural inmaterial y zonas de valor esc\u00e9nico; se incluyen tambi\u00e9n recomendaciones de medidas, proyectos y acciones para su protecci\u00f3n, conservaci\u00f3n y restauraci\u00f3n.<\/p><p>Octubre 2021<\/p>\t\t\t\t\t\t\t\t<\/div>\n\t\t\t\t<\/div>\n\t\t\t\t\t<\/div>\n\t\t<\/div>\n\t\t\t\t\t<\/div>\n\t\t<\/section>\n\t\t\t\t<\/div>\n\t\t","protected":false},"excerpt":{"rendered":"<p>Inventario del Patrimonio Municipal Guanajuato El Inventario del Patrimonio Municipal de Guanajuato es un registro en formato de fichas individuales detalladas, la cual indica el estado y orden que deben<\/p>\n<a class=\"btn_a\" href=\"https:\/\/www.implanguanajuato.gob.mx\/?page_id=1626\"><span><i class=\"in_left fa fa-angle-right\"><\/i><span>Details<\/span><i class=\"in_right fa fa-angle-right\"><\/i><\/span><\/a>","protected":false},"author":1,"featured_media":0,"parent":0,"menu_order":0,"comment_status":"closed","ping_status":"closed","template":"page-fullwidth.php","meta":{"ngg_post_thumbnail":0,"footnotes":""},"class_list":["post-1626","page","type-page","status-publish","hentry"],"_links":{"self":[{"href":"https:\/\/www.implanguanajuato.gob.mx\/index.php?rest_route=\/wp\/v2\/pages\/1626","targetHints":{"allow":["GET"]}}],"collection":[{"href":"https:\/\/www.implanguanajuato.gob.mx\/index.php?rest_route=\/wp\/v2\/pages"}],"about":[{"href":"https:\/\/www.implanguanajuato.gob.mx\/index.php?rest_route=\/wp\/v2\/types\/page"}],"author":[{"embeddable":true,"href":"https:\/\/www.implanguanajuato.gob.mx\/index.php?rest_route=\/wp\/v2\/users\/1"}],"replies":[{"embeddable":true,"href":"https:\/\/www.implanguanajuato.gob.mx\/index.php?rest_route=%2Fwp%2Fv2%2Fcomments&post=1626"}],"version-history":[{"count":78,"href":"https:\/\/www.implanguanajuato.gob.mx\/index.php?rest_route=\/wp\/v2\/pages\/1626\/revisions"}],"predecessor-version":[{"id":11115,"href":"https:\/\/www.implanguanajuato.gob.mx\/index.php?rest_route=\/wp\/v2\/pages\/1626\/revisions\/11115"}],"wp:attachment":[{"href":"https:\/\/www.implanguanajuato.gob.mx\/index.php?rest_route=%2Fwp%2Fv2%2Fmedia&parent=1626"}],"curies":[{"name":"wp","href":"https:\/\/api.w.org\/{rel}","templated":true}]}}