{"id":1657,"date":"2020-07-28T18:53:08","date_gmt":"2020-07-28T23:53:08","guid":{"rendered":"http:\/\/www.implanguanajuato.gob.mx\/?page_id=1657"},"modified":"2025-05-12T14:12:29","modified_gmt":"2025-05-12T20:12:29","slug":"obligaciones-comunes-2","status":"publish","type":"page","link":"https:\/\/www.implanguanajuato.gob.mx\/?page_id=1657","title":{"rendered":"OBLIGACIONES ESPEC\u00cdFICAS"},"content":{"rendered":"\t\t<div data-elementor-type=\"wp-page\" data-elementor-id=\"1657\" class=\"elementor elementor-1657\" data-elementor-post-type=\"page\">\n\t\t\t\t\t\t<section class=\"elementor-section elementor-top-section elementor-element elementor-element-61f76061 elementor-section-boxed elementor-section-height-default elementor-section-height-default\" data-id=\"61f76061\" data-element_type=\"section\" data-e-type=\"section\">\n\t\t\t\t\t\t<div class=\"elementor-container elementor-column-gap-default\">\n\t\t\t\t\t<div class=\"elementor-column elementor-col-100 elementor-top-column elementor-element elementor-element-1744d469\" data-id=\"1744d469\" data-element_type=\"column\" data-e-type=\"column\">\n\t\t\t<div class=\"elementor-widget-wrap elementor-element-populated\">\n\t\t\t\t\t\t<div class=\"elementor-element elementor-element-440451bf elementor-widget elementor-widget-text-editor\" data-id=\"440451bf\" data-element_type=\"widget\" data-e-type=\"widget\" data-widget_type=\"text-editor.default\">\n\t\t\t\t<div class=\"elementor-widget-container\">\n\t\t\t\t\t\t\t\t\t<h4 style=\"text-align: center;\"><span style=\"font-family: georgia, palatino, serif; color: #003300;\">LEY DE TRANSPARENCIA Y ACCESO A LA INFORMACI\u00d3N P\u00daBLICA PARA EL ESTADO DE GUANAJUATO<\/span><\/h4>\n<p style=\"text-align: center;\"><span style=\"color: #99cc00;\"><strong>SECCI\u00d3N CUARTA<\/strong><\/span><\/p>\n<p style=\"text-align: justify;\"><strong>Art\u00edculo 28.<\/strong> Los sujetos obligados del Poder Ejecutivo y los ayuntamientos, deber\u00e1n poner a disposici\u00f3n del p\u00fablico y actualizar la siguiente informaci\u00f3n<\/p>\n<p style=\"text-align: justify;\"><strong>FRACCI\u00d3N I. <\/strong>En el caso del Poder Ejecutivo y los ayuntamientos:<\/p>\n<p style=\"text-align: justify;\">a) Los Planes Estatales y Municipales de Desarrollo, seg\u00fan corresponda.<\/p>\n<h4 style=\"text-align: center;\"><strong>2025<\/strong><\/h4>\n<p><div id=\"footable_parent_14059\"\n         class=\" footable_parent ninja_table_wrapper loading_ninja_table wp_table_data_press_parent semantic_ui \">\n                <table data-ninja_table_instance=\"ninja_table_instance_0\" data-footable_id=\"14059\" data-filter-delay=\"1000\" aria-label=\"Obligaciones especificas 2025\"            id=\"footable_14059\"\n           data-unique_identifier=\"ninja_table_unique_id_4169717351_14059\"\n           class=\" foo-table ninja_footable foo_table_14059 ninja_table_unique_id_4169717351_14059 ui table  nt_type_ajax_table selectable celled striped compact  footable-paging-right ninja_table_search_disabled ninja_table_pro\">\n                <colgroup>\n                            <col class=\"ninja_column_0 \">\n                            <col class=\"ninja_column_1 \">\n                    <\/colgroup>\n            <\/table>\n    \n    \n    \n<\/div>\n<\/p>\n<h4 style=\"text-align: center;\"><strong>2024<\/strong><\/h4>\n<p><div id=\"footable_parent_11822\"\n         class=\" footable_parent ninja_table_wrapper loading_ninja_table wp_table_data_press_parent semantic_ui \">\n                <table data-ninja_table_instance=\"ninja_table_instance_1\" data-footable_id=\"11822\" data-filter-delay=\"1000\" aria-label=\"Obligaciones especificas 2024\"            id=\"footable_11822\"\n           data-unique_identifier=\"ninja_table_unique_id_2044248317_11822\"\n           class=\" foo-table ninja_footable foo_table_11822 ninja_table_unique_id_2044248317_11822 ui table  nt_type_ajax_table selectable celled striped compact  footable-paging-right ninja_table_search_disabled ninja_table_pro\">\n                <colgroup>\n                            <col class=\"ninja_column_0 \">\n                            <col class=\"ninja_column_1 \">\n                    <\/colgroup>\n            <\/table>\n    \n    \n    \n<\/div>\n<\/p>\n<h4 style=\"text-align: center;\"><strong>2023<\/strong><\/h4>\n<p><div id=\"footable_parent_9758\"\n         class=\" footable_parent ninja_table_wrapper loading_ninja_table wp_table_data_press_parent semantic_ui \">\n                <table data-ninja_table_instance=\"ninja_table_instance_2\" data-footable_id=\"9758\" data-filter-delay=\"1000\" aria-label=\"Obligaciones especificas6\"            id=\"footable_9758\"\n           data-unique_identifier=\"ninja_table_unique_id_1690516187_9758\"\n           class=\" foo-table ninja_footable foo_table_9758 ninja_table_unique_id_1690516187_9758 ui table  nt_type_ajax_table selectable celled striped compact  footable-paging-right ninja_table_search_disabled ninja_table_pro\">\n                <colgroup>\n                            <col class=\"ninja_column_0 \">\n                            <col class=\"ninja_column_1 \">\n                    <\/colgroup>\n            <\/table>\n    \n    \n    \n<\/div>\n<\/p>\n<h4 style=\"text-align: center;\"><strong>2022<\/strong><\/h4>\n<p><div id=\"footable_parent_7982\"\n         class=\" footable_parent ninja_table_wrapper loading_ninja_table wp_table_data_press_parent semantic_ui \">\n                <table data-ninja_table_instance=\"ninja_table_instance_3\" data-footable_id=\"7982\" data-filter-delay=\"1000\" aria-label=\"Obligaciones especificas5\"            id=\"footable_7982\"\n           data-unique_identifier=\"ninja_table_unique_id_15950654_7982\"\n           class=\" foo-table ninja_footable foo_table_7982 ninja_table_unique_id_15950654_7982 ui table  nt_type_ajax_table selectable celled striped compact  footable-paging-right ninja_table_search_disabled ninja_table_pro\">\n                <colgroup>\n                            <col class=\"ninja_column_0 \">\n                            <col class=\"ninja_column_1 \">\n                    <\/colgroup>\n            <\/table>\n    \n    \n    \n<\/div>\n<\/p>\n<h4 style=\"text-align: center;\"><strong>2021<\/strong><\/h4>\n<p><div id=\"footable_parent_6039\"\n         class=\" footable_parent ninja_table_wrapper loading_ninja_table wp_table_data_press_parent semantic_ui \">\n                <table data-ninja_table_instance=\"ninja_table_instance_4\" data-footable_id=\"6039\" data-filter-delay=\"1000\" aria-label=\"Obligaciones especificas4\"            id=\"footable_6039\"\n           data-unique_identifier=\"ninja_table_unique_id_1187810973_6039\"\n           class=\" foo-table ninja_footable foo_table_6039 ninja_table_unique_id_1187810973_6039 ui table  nt_type_ajax_table selectable celled striped compact  footable-paging-right ninja_table_search_disabled ninja_table_pro\">\n                <colgroup>\n                            <col class=\"ninja_column_0 \">\n                            <col class=\"ninja_column_1 \">\n                    <\/colgroup>\n            <\/table>\n    \n    \n    \n<\/div>\n<\/p>\n<h4 style=\"text-align: center;\"><strong>2020<\/strong><\/h4>\n<p><div id=\"footable_parent_2447\"\n         class=\" footable_parent ninja_table_wrapper loading_ninja_table wp_table_data_press_parent semantic_ui \">\n                <table data-ninja_table_instance=\"ninja_table_instance_5\" data-footable_id=\"2447\" data-filter-delay=\"1000\" aria-label=\"Obligaciones especificas3\"            id=\"footable_2447\"\n           data-unique_identifier=\"ninja_table_unique_id_4033643662_2447\"\n           class=\" foo-table ninja_footable foo_table_2447 ninja_table_unique_id_4033643662_2447 ui table  nt_type_ajax_table selectable celled striped compact  footable-paging-right ninja_table_search_disabled ninja_table_pro\">\n                <colgroup>\n                            <col class=\"ninja_column_0 \">\n                            <col class=\"ninja_column_1 \">\n                    <\/colgroup>\n            <\/table>\n    \n    \n    \n<\/div>\n<\/p>\n<h4 style=\"text-align: center;\"><strong>2019<\/strong><\/h4>\n<p><div id=\"footable_parent_2444\"\n         class=\" footable_parent ninja_table_wrapper loading_ninja_table wp_table_data_press_parent semantic_ui \">\n                <table data-ninja_table_instance=\"ninja_table_instance_6\" data-footable_id=\"2444\" data-filter-delay=\"1000\" aria-label=\"Obligaciones especificas2\"            id=\"footable_2444\"\n           data-unique_identifier=\"ninja_table_unique_id_3282591007_2444\"\n           class=\" foo-table ninja_footable foo_table_2444 ninja_table_unique_id_3282591007_2444 ui table  nt_type_ajax_table selectable celled striped compact  footable-paging-right ninja_table_search_disabled ninja_table_pro\">\n                <colgroup>\n                            <col class=\"ninja_column_0 \">\n                            <col class=\"ninja_column_1 \">\n                    <\/colgroup>\n            <\/table>\n    \n    \n    \n<\/div>\n<\/p>\n<h4 style=\"text-align: center;\"><strong><span style=\"color: #000000;\"><span style=\"caret-color: #008000;\">2018<\/span><\/span><\/strong><\/h4>\n<p><div id=\"footable_parent_2010\"\n         class=\" footable_parent ninja_table_wrapper loading_ninja_table wp_table_data_press_parent semantic_ui \">\n                <table data-ninja_table_instance=\"ninja_table_instance_7\" data-footable_id=\"2010\" data-filter-delay=\"1000\" aria-label=\"Obligaciones especificas1\"            id=\"footable_2010\"\n           data-unique_identifier=\"ninja_table_unique_id_1658895465_2010\"\n           class=\" foo-table ninja_footable foo_table_2010 ninja_table_unique_id_1658895465_2010 ui table  nt_type_ajax_table selectable celled striped compact  footable-paging-right ninja_table_search_disabled ninja_table_pro\">\n                <colgroup>\n                            <col class=\"ninja_column_0 \">\n                            <col class=\"ninja_column_1 \">\n                    <\/colgroup>\n            <\/table>\n    \n    \n    \n<\/div>\n<\/p>\n<hr \/>\n<p><\/p>\n<hr \/>\n<p><\/p>\n<p><\/p>\n<hr \/>\n<p><\/p>\t\t\t\t\t\t\t\t<\/div>\n\t\t\t\t<\/div>\n\t\t\t\t\t<\/div>\n\t\t<\/div>\n\t\t\t\t\t<\/div>\n\t\t<\/section>\n\t\t\t\t<\/div>\n\t\t","protected":false},"excerpt":{"rendered":"<p>LEY DE TRANSPARENCIA Y ACCESO A LA INFORMACI\u00d3N P\u00daBLICA PARA EL ESTADO DE GUANAJUATO SECCI\u00d3N CUARTA Art\u00edculo 28. Los sujetos obligados del Poder Ejecutivo y los ayuntamientos, deber\u00e1n poner a<\/p>\n<a class=\"btn_a\" href=\"https:\/\/www.implanguanajuato.gob.mx\/?page_id=1657\"><span><i class=\"in_left fa fa-angle-right\"><\/i><span>Details<\/span><i class=\"in_right fa fa-angle-right\"><\/i><\/span><\/a>","protected":false},"author":1,"featured_media":0,"parent":1557,"menu_order":0,"comment_status":"closed","ping_status":"closed","template":"page-fullwidth.php","meta":{"ngg_post_thumbnail":0,"footnotes":""},"class_list":["post-1657","page","type-page","status-publish","hentry"],"_links":{"self":[{"href":"https:\/\/www.implanguanajuato.gob.mx\/index.php?rest_route=\/wp\/v2\/pages\/1657","targetHints":{"allow":["GET"]}}],"collection":[{"href":"https:\/\/www.implanguanajuato.gob.mx\/index.php?rest_route=\/wp\/v2\/pages"}],"about":[{"href":"https:\/\/www.implanguanajuato.gob.mx\/index.php?rest_route=\/wp\/v2\/types\/page"}],"author":[{"embeddable":true,"href":"https:\/\/www.implanguanajuato.gob.mx\/index.php?rest_route=\/wp\/v2\/users\/1"}],"replies":[{"embeddable":true,"href":"https:\/\/www.implanguanajuato.gob.mx\/index.php?rest_route=%2Fwp%2Fv2%2Fcomments&post=1657"}],"version-history":[{"count":43,"href":"https:\/\/www.implanguanajuato.gob.mx\/index.php?rest_route=\/wp\/v2\/pages\/1657\/revisions"}],"predecessor-version":[{"id":14062,"href":"https:\/\/www.implanguanajuato.gob.mx\/index.php?rest_route=\/wp\/v2\/pages\/1657\/revisions\/14062"}],"up":[{"embeddable":true,"href":"https:\/\/www.implanguanajuato.gob.mx\/index.php?rest_route=\/wp\/v2\/pages\/1557"}],"wp:attachment":[{"href":"https:\/\/www.implanguanajuato.gob.mx\/index.php?rest_route=%2Fwp%2Fv2%2Fmedia&parent=1657"}],"curies":[{"name":"wp","href":"https:\/\/api.w.org\/{rel}","templated":true}]}}