{"id":17,"date":"2019-02-27T03:53:47","date_gmt":"2019-02-27T09:53:47","guid":{"rendered":"http:\/\/www.implangto.gob.mx\/?page_id=17"},"modified":"2026-01-19T12:30:32","modified_gmt":"2026-01-19T18:30:32","slug":"nosotros","status":"publish","type":"page","link":"https:\/\/www.implanguanajuato.gob.mx\/?page_id=17","title":{"rendered":"NOSOTROS"},"content":{"rendered":"\n<h2 class=\"wp-block-heading\">\u00bfQu\u00e9 es el IMPLAN?<\/h2>\n\n\n\n<p style=\"text-align: justify;\">El Instituto Municipal de Planeaci\u00f3n (IMPLAN) de Guanajuato es un organismo p\u00fablico descentralizado de la administraci\u00f3n municipal, con personalidad jur\u00eddica y patrimonio propio, el cual funge como \u00f3rgano t\u00e9cnico-consultivo y coordina el Sistema Municipal de Planeaci\u00f3n.<\/p>\n\n\n\n<p style=\"text-align: justify;\">Entre sus principales actividades est\u00e1 la asesor\u00eda t\u00e9cnica a las dependencias municipales, la planeaci\u00f3n arm\u00f3nica, integral, sustentable e interdisciplinaria; lo anterior, a trav\u00e9s de la vinculaci\u00f3n con los sectores sociales, privados, acad\u00e9micos y gobierno a mediano y largo plazo; de tal manera que se garantice el desarrollo equilibrado y con ello trascender y dar continuidad a las prioridades integrales del municipio, con especial \u00e9nfasis en los aspectos cr\u00edticos de la poblaci\u00f3n guanajuatense y el territorio municipal.<\/p>\n\n\n\n<hr class=\"wp-block-separator has-css-opacity\"\/>\n\n\n\n<div class=\"wp-block-columns has-2-columns is-layout-flex wp-container-core-columns-is-layout-9d6595d7 wp-block-columns-is-layout-flex\">\n<div class=\"wp-block-column is-vertically-aligned-center is-layout-flow wp-block-column-is-layout-flow\"><div class=\"wp-block-image\">\n<figure class=\"aligncenter is-resized\"><img fetchpriority=\"high\" decoding=\"async\" width=\"417\" height=\"417\" src=\"https:\/\/www.implanguanajuato.gob.mx\/wp-content\/uploads\/2019\/08\/mision-vision-antecedentes-01-1.png\" alt=\"\" class=\"wp-image-852\" style=\"width:209px;height:209px\" srcset=\"https:\/\/www.implanguanajuato.gob.mx\/wp-content\/uploads\/2019\/08\/mision-vision-antecedentes-01-1.png 417w, https:\/\/www.implanguanajuato.gob.mx\/wp-content\/uploads\/2019\/08\/mision-vision-antecedentes-01-1-150x150.png 150w, https:\/\/www.implanguanajuato.gob.mx\/wp-content\/uploads\/2019\/08\/mision-vision-antecedentes-01-1-300x300.png 300w, https:\/\/www.implanguanajuato.gob.mx\/wp-content\/uploads\/2019\/08\/mision-vision-antecedentes-01-1-400x400.png 400w, https:\/\/www.implanguanajuato.gob.mx\/wp-content\/uploads\/2019\/08\/mision-vision-antecedentes-01-1-360x360.png 360w\" sizes=\"(max-width: 417px) 100vw, 417px\" \/><\/figure>\n<\/div><\/div>\n\n\n\n<div class=\"wp-block-column is-layout-flow wp-block-column-is-layout-flow\">\n<p style=\"text-align: justify;\">Orientar el desarrollo integral, equitativo y democr\u00e1tico del municipio, en equilibrio con su patrimonio hist\u00f3rico y en estrecha relaci\u00f3n con su riqueza natural, a trav\u00e9s de la integraci\u00f3n del Sistema Municipal de Planeaci\u00f3n, mismo que permite instrumentar y consolidar los ejercicios de planeaci\u00f3n consensuados, estudios y proyectos de investigaci\u00f3n, as\u00ed como la sistematizaci\u00f3n de la informaci\u00f3n de calidad, oportuna y leg\u00edtima, su monitoreo y evaluaci\u00f3n permanente.<\/p>\n<\/div>\n<\/div>\n\n\n\n<hr class=\"wp-block-separator has-css-opacity\"\/>\n\n\n\n<div class=\"wp-block-columns has-2-columns is-layout-flex wp-container-core-columns-is-layout-9d6595d7 wp-block-columns-is-layout-flex\">\n<div class=\"wp-block-column is-vertically-aligned-center is-layout-flow wp-block-column-is-layout-flow\"><div class=\"wp-block-image\">\n<figure class=\"aligncenter is-resized\"><img decoding=\"async\" width=\"417\" height=\"417\" src=\"https:\/\/www.implanguanajuato.gob.mx\/wp-content\/uploads\/2019\/08\/mision-vision-antecedentes-02-1.png\" alt=\"\" class=\"wp-image-857\" style=\"width:209px;height:209px\" srcset=\"https:\/\/www.implanguanajuato.gob.mx\/wp-content\/uploads\/2019\/08\/mision-vision-antecedentes-02-1.png 417w, https:\/\/www.implanguanajuato.gob.mx\/wp-content\/uploads\/2019\/08\/mision-vision-antecedentes-02-1-150x150.png 150w, https:\/\/www.implanguanajuato.gob.mx\/wp-content\/uploads\/2019\/08\/mision-vision-antecedentes-02-1-300x300.png 300w, https:\/\/www.implanguanajuato.gob.mx\/wp-content\/uploads\/2019\/08\/mision-vision-antecedentes-02-1-400x400.png 400w, https:\/\/www.implanguanajuato.gob.mx\/wp-content\/uploads\/2019\/08\/mision-vision-antecedentes-02-1-360x360.png 360w\" sizes=\"(max-width: 417px) 100vw, 417px\" \/><\/figure>\n<\/div>\n\n\n<p><\/p>\n<\/div>\n\n\n\n<div class=\"wp-block-column is-layout-flow wp-block-column-is-layout-flow\">\n<p class=\"has-text-align-left\" style=\"text-align: justify;\">Ser el \u00f3rgano interlocutor de los ejercicios leg\u00edtimos de planeaci\u00f3n t\u00e9cnico-consultivos que definen el rumbo de un municipio patrimonio de la humanidad, mismo que se encuentra en estrecha relaci\u00f3n y equilibrio con su entorno y su ecosistema.<\/p>\n<\/div>\n<\/div>\n\n\n\n<hr class=\"wp-block-separator has-css-opacity\"\/>\n\n\n\n<div class=\"wp-block-columns is-layout-flex wp-container-core-columns-is-layout-9d6595d7 wp-block-columns-is-layout-flex\">\n<div class=\"wp-block-column is-layout-flow wp-block-column-is-layout-flow\"><div class=\"wp-block-image\">\n<figure class=\"aligncenter size-large is-resized\"><img decoding=\"async\" width=\"278\" height=\"278\" src=\"https:\/\/www.implanguanajuato.gob.mx\/wp-content\/uploads\/2020\/07\/objetivos-4.png\" alt=\"\" class=\"wp-image-1686\" style=\"width:209px;height:209px\" srcset=\"https:\/\/www.implanguanajuato.gob.mx\/wp-content\/uploads\/2020\/07\/objetivos-4.png 278w, https:\/\/www.implanguanajuato.gob.mx\/wp-content\/uploads\/2020\/07\/objetivos-4-150x150.png 150w\" sizes=\"(max-width: 278px) 100vw, 278px\" \/><\/figure>\n<\/div><\/div>\n\n\n\n<div class=\"wp-block-column is-vertically-aligned-center is-layout-flow wp-block-column-is-layout-flow\">\n<p style=\"text-align: justify;\">El Instituto tiene por objetivos los siguientes:<\/p>\n<\/div>\n<\/div>\n\n\n\n<ol>\n<li style=\"text-align: justify;\">Auxiliar al Ayuntamiento y al Consejo de Planeaci\u00f3n de Desarrollo Municipal (COPLADEM) en el cumplimiento de las funciones que les confiere la Ley para el Gobierno y Administraci\u00f3n de los Municipios del Estado de Guanajuato, el Reglamento de Planeaci\u00f3n para el Desarrollo Integral del Municipio de Guanajuato, Gto., y el Reglamento del Comit\u00e9 de Planeaci\u00f3n para el Desarrollo del Municipio de Guanajuato, Gto., respectivamente, en materia de planeaci\u00f3n, emitiendo opiniones y recomendaciones al propio Ayuntamiento para que \u00e9ste los discuta y apruebe en su caso.<\/li>\n<li style=\"text-align: justify;\">Asesorar al Ayuntamiento y coadyuvar con \u00e9l en la planeaci\u00f3n arm\u00f3nica, integral y sustentable del municipio, con visi\u00f3n multidisciplinaria y de desarrollo a mediano y largo plazo.<\/li>\n<li style=\"text-align: justify;\">Asesorar t\u00e9cnicamente al Ayuntamiento, a las dependencias del gobierno municipal y a las entidades paramunicipales, en la instrumentaci\u00f3n y aplicaci\u00f3n de normas que se deriven del Sistema Municipal de Planeaci\u00f3n.<\/li>\n<li style=\"text-align: justify;\">Fortalecer y dar continuidad a los proyectos de planeaci\u00f3n y facilitar la gesti\u00f3n entre los diferentes sectores involucrados en la planeaci\u00f3n del desarrollo del municipio.<\/li>\n<li style=\"text-align: justify;\">Implementar l\u00edneas de acci\u00f3n que tiendan a lograr el desarrollo equilibrado del municipio y el mejoramiento de las condiciones de vida de la poblaci\u00f3n.<\/li>\n<li style=\"text-align: justify;\">Elaborar proyectos t\u00e9cnicos viables para ser aplicados por la Administraci\u00f3n municipal, en beneficio de sus habitantes.<\/li>\n<li style=\"text-align: justify;\">Dise\u00f1ar la metodolog\u00eda para la elaboraci\u00f3n de planes, programas y dem\u00e1s instrumentos del Sistema Municipal de Planeaci\u00f3n, as\u00ed como de los proyectos de investigaci\u00f3n y sistemas de informaci\u00f3n, que den sustento a los mismos.<\/li>\n<li style=\"text-align: justify;\">Difundir, previa autorizaci\u00f3n del Ayuntamiento, el Sistema Municipal de Planeaci\u00f3n, los proyectos de investigaci\u00f3n y los sistemas de informaci\u00f3n.<\/li>\n<\/ol>\n\n\n\n<hr class=\"wp-block-separator has-css-opacity\"\/>\n\n\n\n<div class=\"wp-block-columns are-vertically-aligned-center has-2-columns is-layout-flex wp-container-core-columns-is-layout-9d6595d7 wp-block-columns-is-layout-flex\">\n<div class=\"wp-block-column is-vertically-aligned-center is-layout-flow wp-block-column-is-layout-flow\">\n<div class=\"wp-block-group\"><div class=\"wp-block-group__inner-container is-layout-flow wp-block-group-is-layout-flow\"><div class=\"wp-block-image\">\n<figure class=\"aligncenter size-large is-resized\"><img loading=\"lazy\" decoding=\"async\" width=\"278\" height=\"278\" src=\"https:\/\/www.implanguanajuato.gob.mx\/wp-content\/uploads\/2020\/07\/antecedentes-1.png\" alt=\"\" class=\"wp-image-1684\" style=\"width:217px;height:217px\" srcset=\"https:\/\/www.implanguanajuato.gob.mx\/wp-content\/uploads\/2020\/07\/antecedentes-1.png 278w, https:\/\/www.implanguanajuato.gob.mx\/wp-content\/uploads\/2020\/07\/antecedentes-1-150x150.png 150w\" sizes=\"(max-width: 278px) 100vw, 278px\" \/><\/figure>\n<\/div><\/div><\/div>\n\n\n\n<p><\/p>\n<\/div>\n\n\n\n<div class=\"wp-block-column is-vertically-aligned-center is-layout-flow wp-block-column-is-layout-flow\">\n\n\n<p style=\"text-align: justify;\">El 20 de diciembre del 2010 se constituy\u00f3 la creaci\u00f3n del Instituto Municipal de Planeaci\u00f3n (IMPLAN) conforme al decreto publicado en el <em>Peri\u00f3dico Oficial del Gobierno del Estado de Guanajuato<\/em> en su edici\u00f3n n\u00famero 202. A partir de su creaci\u00f3n, ha tenido tres reformas plasmadas en el <em>Peri\u00f3dico Oficial del Gobierno del Estado<\/em>, un dictamen aprobado por el Ayuntamiento 2012-2015 y un proyecto de reforma, mismas que se enumeran a continuaci\u00f3n:<\/p>\n<\/div>\n<\/div>\n\n\n\n<ol>\n<li style=\"text-align: justify;\">El 8 de marzo del 2011 N\u00famero 38, en la que se reforman las fracciones I, II, III y IV del art\u00edculo 37 y la fracci\u00f3n V del art\u00edculo 38; se adicionan, la fracci\u00f3n V del art\u00edculo 37, el art\u00edculo 37 BIS, y la fracci\u00f3n VI al art\u00edculo 38.<\/li>\n<li style=\"text-align: justify;\">El 15 de febrero 2013 N\u00famero 27, en la que se reforma el art\u00edculo 12, fracci\u00f3n II.<\/li>\n<li style=\"text-align: justify;\">El 30 de agosto del 2013 N\u00famero 139, en la que se deja sin efectos los art\u00edculos transitorios. Primero, Segundo y Tercero de la Reforma al Reglamento del 14 de agosto de 2012.<\/li>\n<li style=\"text-align: justify;\">Dictamen CAIDUIOETEIP\/001\/12-15 del 14 de mayo del 2013. En \u00e9ste se aprueba que el Instituto Municipal de Planeaci\u00f3n de Guanajuato siga siendo un organismo descentralizado de la Administraci\u00f3n municipal, se precisa su estructura org\u00e1nica y se ajustan sus atribuciones.<\/li>\n<\/ol>\n\n\n\n<p><\/p>\n","protected":false},"excerpt":{"rendered":"<p>\u00bfQu\u00e9 es el IMPLAN? El Instituto Municipal de Planeaci\u00f3n (IMPLAN) de Guanajuato es un organismo p\u00fablico descentralizado de la administraci\u00f3n municipal, con personalidad jur\u00eddica y patrimonio propio, el cual funge<\/p>\n<a class=\"btn_a\" href=\"https:\/\/www.implanguanajuato.gob.mx\/?page_id=17\"><span><i class=\"in_left fa fa-angle-right\"><\/i><span>Details<\/span><i class=\"in_right fa fa-angle-right\"><\/i><\/span><\/a>","protected":false},"author":1,"featured_media":0,"parent":1525,"menu_order":0,"comment_status":"closed","ping_status":"closed","template":"page-fullwidth.php","meta":{"ngg_post_thumbnail":0,"footnotes":""},"class_list":["post-17","page","type-page","status-publish","hentry"],"_links":{"self":[{"href":"https:\/\/www.implanguanajuato.gob.mx\/index.php?rest_route=\/wp\/v2\/pages\/17","targetHints":{"allow":["GET"]}}],"collection":[{"href":"https:\/\/www.implanguanajuato.gob.mx\/index.php?rest_route=\/wp\/v2\/pages"}],"about":[{"href":"https:\/\/www.implanguanajuato.gob.mx\/index.php?rest_route=\/wp\/v2\/types\/page"}],"author":[{"embeddable":true,"href":"https:\/\/www.implanguanajuato.gob.mx\/index.php?rest_route=\/wp\/v2\/users\/1"}],"replies":[{"embeddable":true,"href":"https:\/\/www.implanguanajuato.gob.mx\/index.php?rest_route=%2Fwp%2Fv2%2Fcomments&post=17"}],"version-history":[{"count":77,"href":"https:\/\/www.implanguanajuato.gob.mx\/index.php?rest_route=\/wp\/v2\/pages\/17\/revisions"}],"predecessor-version":[{"id":15343,"href":"https:\/\/www.implanguanajuato.gob.mx\/index.php?rest_route=\/wp\/v2\/pages\/17\/revisions\/15343"}],"up":[{"embeddable":true,"href":"https:\/\/www.implanguanajuato.gob.mx\/index.php?rest_route=\/wp\/v2\/pages\/1525"}],"wp:attachment":[{"href":"https:\/\/www.implanguanajuato.gob.mx\/index.php?rest_route=%2Fwp%2Fv2%2Fmedia&parent=17"}],"curies":[{"name":"wp","href":"https:\/\/api.w.org\/{rel}","templated":true}]}}