{"id":2480,"date":"2020-08-02T18:49:26","date_gmt":"2020-08-02T23:49:26","guid":{"rendered":"http:\/\/www.implanguanajuato.gob.mx\/?page_id=2480"},"modified":"2020-08-02T22:36:57","modified_gmt":"2020-08-03T03:36:57","slug":"aviso-de-privacidad","status":"publish","type":"page","link":"https:\/\/www.implanguanajuato.gob.mx\/?page_id=2480","title":{"rendered":"AVISO DE PRIVACIDAD"},"content":{"rendered":"<h5 style=\"text-align: justify;\">Con fundamento en lo dispuesto en los art\u00edculos 3 fracci\u00f3n I, 34, 35, 36, 37, 38, 39, 40, 42 as\u00ed como lo dispuesto en el t\u00edtulo tercero, cap\u00edtulo primero de la Ley de Protecci\u00f3n de Datos Personales en Posesi\u00f3n de Sujetos Obligados para el Estado de Guanajuato, publicada en el peri\u00f3dico oficial del Gobierno del Estado de Guanajuato el 14 de julio del 2017, se hace de su conocimiento lo siguiente:<\/h5>\n<h5 style=\"text-align: justify;\">El Instituto Municipal de Planeaci\u00f3n de Guanajuato, con domicilio en Carretera Libre Guanajuato Silao #3 Letra C, Altos Colonia Marfil, Guanajuato, Gto. C.P. 36251, no podr\u00e1 requerirle informaci\u00f3n que exceda los fines para los cuales se solicita, as\u00ed como tampoco podr\u00e1 usarse dicha informaci\u00f3n para finalidades distintas a las que Usted solicita, lo anterior a efecto de cumplir con la Ley en la materia, debiendo ser informaci\u00f3n identificable, exacta, adecuada, pertinente y no excesiva.<\/h5>\n<h5 style=\"text-align: justify;\">Los datos recabados por este Instituto, podr\u00e1n ser obtenidos en las formas establecidas en el art\u00edculo 3 fracci\u00f3n VII y VIII de la Ley de Protecci\u00f3n de Datos Personales en Posesi\u00f3n de Sujetos Obligados para el Estado de Guanajuato, ser\u00e1n protegidos, incorporados y tratados en las bases de datos personales con la \u00fanica, determinada, expl\u00edcita y leg\u00edtima finalidad para los cuales fueron otorgados por Usted. Estos datos se utilizar\u00e1n a efectos procesales de notificaci\u00f3n, seguimiento y respuesta a solicitud, de conformidad en los art\u00edculos 8 de la Constituci\u00f3n Pol\u00edtica de los Estados Unidos Mexicanos; siendo los datos que podr\u00e1n recabarse: nombre completo, domicilio para recibir notificaciones, tel\u00e9fono as\u00ed como correo electr\u00f3nico personal.<\/h5>\n<h5 style=\"text-align: justify;\">Los datos recabados por esta dependencia no ser\u00e1n transferidos a otros sujetos obligados.<\/h5>\n<h5 style=\"text-align: justify;\">Se hace de su conocimiento que en t\u00e9rminos del art\u00edculo 62 de la Ley de Protecci\u00f3n de Datos Personales en Posesi\u00f3n de Sujetos Obligados para el Estado de Guanajuato, puede solicitar ante la Unidad de Transparencia y Acceso a la Informaci\u00f3n P\u00fablica del Municipio de Guanajuato, que es la unidad administrativa responsable del sistema de datos personales y el lugar donde el titular de los datos personales podr\u00e1 ejercer su derecho de acceso, rectificaci\u00f3n, cancelaci\u00f3n, correcci\u00f3n u oposici\u00f3n al tratamiento de sus datos personales (ARCO) recabados por esta dependencia ubicada en Plaza de la Paz #12, Zona Centro, Guanajuato, Gto. C.P. 36000 tel\u00e9fono 473 732 12 13 o bien a la direcci\u00f3n de correo electr\u00f3nico <a href=\"mailto:uaip@guanajuatocapital.gob.mx\">uaip@guanajuatocapital.gob.mx<\/a><\/h5>\n<h5 style=\"text-align: justify;\">El aviso de privacidad podr\u00e1 ser consultado en la p\u00e1gina institucional en internet: <a href=\"https:\/\/www.implanguanajuato.gob.mx\/\">https:\/\/www.implanguanajuato.gob.mx\/<\/a><\/h5>\n<h5 style=\"text-align: justify;\">Yo (nombre y firma)<u> \u00a0\u00a0\u00a0\u00a0\u00a0\u00a0\u00a0\u00a0\u00a0\u00a0\u00a0\u00a0\u00a0\u00a0\u00a0\u00a0\u00a0\u00a0\u00a0\u00a0\u00a0\u00a0\u00a0\u00a0\u00a0\u00a0\u00a0\u00a0\u00a0\u00a0\u00a0\u00a0\u00a0\u00a0\u00a0\u00a0\u00a0\u00a0\u00a0\u00a0\u00a0\u00a0\u00a0\u00a0\u00a0\u00a0\u00a0\u00a0\u00a0\u00a0\u00a0\u00a0\u00a0 \u00a0\u00a0\u00a0\u00a0\u00a0\u00a0\u00a0\u00a0\u00a0\u00a0\u00a0\u00a0\u00a0\u00a0\u00a0\u00a0\u00a0\u00a0\u00a0\u00a0 <\/u><u>,<\/u> SI otorgo mi consentimiento para el tratamiento de mis datos personales.<\/h5>\n<h5 style=\"text-align: justify;\">Yo (nombre y firma)<u>\u00a0\u00a0\u00a0\u00a0\u00a0\u00a0\u00a0\u00a0\u00a0\u00a0\u00a0\u00a0\u00a0\u00a0\u00a0\u00a0\u00a0\u00a0\u00a0\u00a0\u00a0\u00a0\u00a0\u00a0\u00a0\u00a0\u00a0\u00a0\u00a0\u00a0\u00a0\u00a0\u00a0\u00a0\u00a0\u00a0\u00a0\u00a0\u00a0\u00a0\u00a0\u00a0\u00a0\u00a0\u00a0\u00a0\u00a0\u00a0\u00a0\u00a0\u00a0\u00a0\u00a0\u00a0\u00a0\u00a0\u00a0\u00a0\u00a0\u00a0\u00a0\u00a0\u00a0\u00a0\u00a0\u00a0\u00a0\u00a0\u00a0\u00a0\u00a0\u00a0\u00a0\u00a0\u00a0 ,<\/u> NO otorgo mi consentimiento para el tratamiento de mis datos personales.<\/h5>\n<h6 style=\"text-align: justify;\"><\/h6>\n","protected":false},"excerpt":{"rendered":"<p>Con fundamento en lo dispuesto en los art\u00edculos 3 fracci\u00f3n I, 34, 35, 36, 37, 38, 39, 40, 42 as\u00ed como lo dispuesto en el t\u00edtulo tercero, cap\u00edtulo primero de<\/p>\n<a class=\"btn_a\" href=\"https:\/\/www.implanguanajuato.gob.mx\/?page_id=2480\"><span><i class=\"in_left fa fa-angle-right\"><\/i><span>Details<\/span><i class=\"in_right fa fa-angle-right\"><\/i><\/span><\/a>","protected":false},"author":1,"featured_media":0,"parent":0,"menu_order":0,"comment_status":"closed","ping_status":"closed","template":"page-fullwidth.php","meta":{"ngg_post_thumbnail":0,"footnotes":""},"class_list":["post-2480","page","type-page","status-publish","hentry"],"_links":{"self":[{"href":"https:\/\/www.implanguanajuato.gob.mx\/index.php?rest_route=\/wp\/v2\/pages\/2480","targetHints":{"allow":["GET"]}}],"collection":[{"href":"https:\/\/www.implanguanajuato.gob.mx\/index.php?rest_route=\/wp\/v2\/pages"}],"about":[{"href":"https:\/\/www.implanguanajuato.gob.mx\/index.php?rest_route=\/wp\/v2\/types\/page"}],"author":[{"embeddable":true,"href":"https:\/\/www.implanguanajuato.gob.mx\/index.php?rest_route=\/wp\/v2\/users\/1"}],"replies":[{"embeddable":true,"href":"https:\/\/www.implanguanajuato.gob.mx\/index.php?rest_route=%2Fwp%2Fv2%2Fcomments&post=2480"}],"version-history":[{"count":14,"href":"https:\/\/www.implanguanajuato.gob.mx\/index.php?rest_route=\/wp\/v2\/pages\/2480\/revisions"}],"predecessor-version":[{"id":5459,"href":"https:\/\/www.implanguanajuato.gob.mx\/index.php?rest_route=\/wp\/v2\/pages\/2480\/revisions\/5459"}],"wp:attachment":[{"href":"https:\/\/www.implanguanajuato.gob.mx\/index.php?rest_route=%2Fwp%2Fv2%2Fmedia&parent=2480"}],"curies":[{"name":"wp","href":"https:\/\/api.w.org\/{rel}","templated":true}]}}