{"id":4222,"date":"2020-09-25T14:27:44","date_gmt":"2020-09-25T19:27:44","guid":{"rendered":"http:\/\/www.implanguanajuato.gob.mx\/?page_id=4222"},"modified":"2026-03-02T09:02:24","modified_gmt":"2026-03-02T15:02:24","slug":"sitema-municipal-de-planeacion","status":"publish","type":"page","link":"https:\/\/www.implanguanajuato.gob.mx\/?page_id=4222","title":{"rendered":"SISTEMA MUNICIPAL DE PLANEACI\u00d3N"},"content":{"rendered":"\t\t<div data-elementor-type=\"wp-page\" data-elementor-id=\"4222\" class=\"elementor elementor-4222\" data-elementor-post-type=\"page\">\n\t\t\t\t\t\t<section class=\"elementor-section elementor-top-section elementor-element elementor-element-8c1bc24 elementor-section-boxed elementor-section-height-default elementor-section-height-default\" data-id=\"8c1bc24\" data-element_type=\"section\" data-e-type=\"section\">\n\t\t\t\t\t\t<div class=\"elementor-container elementor-column-gap-default\">\n\t\t\t\t\t<div class=\"elementor-column elementor-col-100 elementor-top-column elementor-element elementor-element-ce14480\" data-id=\"ce14480\" data-element_type=\"column\" data-e-type=\"column\">\n\t\t\t<div class=\"elementor-widget-wrap elementor-element-populated\">\n\t\t\t\t\t\t<div class=\"elementor-element elementor-element-5096836 elementor-widget-divider--view-line elementor-widget elementor-widget-divider\" data-id=\"5096836\" data-element_type=\"widget\" data-e-type=\"widget\" data-widget_type=\"divider.default\">\n\t\t\t\t<div class=\"elementor-widget-container\">\n\t\t\t\t\t\t\t<div class=\"elementor-divider\">\n\t\t\t<span class=\"elementor-divider-separator\">\n\t\t\t\t\t\t<\/span>\n\t\t<\/div>\n\t\t\t\t\t\t<\/div>\n\t\t\t\t<\/div>\n\t\t\t\t<div class=\"elementor-element elementor-element-26a6d92 elementor-widget elementor-widget-heading\" data-id=\"26a6d92\" data-element_type=\"widget\" data-e-type=\"widget\" data-widget_type=\"heading.default\">\n\t\t\t\t<div class=\"elementor-widget-container\">\n\t\t\t\t\t<h4 class=\"elementor-heading-title elementor-size-default\">\u00bfQu\u00e9 es el Sistema Municipal de Planeaci\u00f3n?<\/h4>\t\t\t\t<\/div>\n\t\t\t\t<\/div>\n\t\t\t\t<div class=\"elementor-element elementor-element-f963a13 elementor-widget elementor-widget-text-editor\" data-id=\"f963a13\" data-element_type=\"widget\" data-e-type=\"widget\" data-widget_type=\"text-editor.default\">\n\t\t\t\t<div class=\"elementor-widget-container\">\n\t\t\t\t\t\t\t\t\t<p style=\"text-align: justify;\">El Sistema Municipal de Planeaci\u00f3n Democr\u00e1tica es el conjunto de procedimientos y actividades mediante los cuales las dependencias y paramunicipales de la Administraci\u00f3n P\u00fablica Municipal, entre s\u00ed, y en colaboraci\u00f3n con los sectores de la sociedad, toman decisiones para llevar a cabo en forma coordinada y concertada el proceso de planeaci\u00f3n, a fin de garantizar el desarrollo integral y sostenible del Municipio.<\/p><p style=\"text-align: justify;\">El Sistema Municipal de planeaci\u00f3n se conforma por cuatro pilares interrelacionados, que impulsan el ejercicio de planeaci\u00f3n y desarrollo del municipio. El primero es el Instituto Municipal de Planeaci\u00f3n de Guanajuato, entidad paramunicipal encargada de coordinar el Sistema Municipal de planeaci\u00f3n, conformado a su vez, por la Junta Directiva m\u00e1xima autoridad del Instituto y el Consejo Consultivo ambos conforman el segundo pilar.<\/p><p style=\"text-align: justify;\">La Junta Directiva, encarga de revisar la administraci\u00f3n del Instituto y la aprobaci\u00f3n del plan de trabajo, asesorada y apoyada \u00a0por \u00a0el Consejo Consultivo \u00f3rgano de consulta de Instituto; y complementados por el Consejo de Planeaci\u00f3n de Desarrollo Municipal, \u201cCOPLADEM\u201d se asegura la participaci\u00f3n social, siendo el tercer pilar.<\/p><p style=\"text-align: justify;\">Teniendo como fin \u00faltimo, el ejercicio de la planeaci\u00f3n del desarrollo integral del municipio a trav\u00e9s de la elaboraci\u00f3n de los instrumentos de planeaci\u00f3n, el cuarto pilar. \u00c9ste se integra por el\u00a0 Plan Municipal de Desarrollo \u201cPMD\u201d, el Programa Municipal de Desarrollo Urbano y Ordenamiento Ecol\u00f3gico Territorial \u201cPMDUOET\u201d, el Programa de Gobierno Municipal \u201cPGM\u201d, el Plan Integral de Movilidad Urbana Sustentable &#8220;PIMUS&#8221;;\u00a0 as\u00ed como Proyectos y Estudios Integrales enfocados a las vocaciones del municipio;\u00a0 la planeaci\u00f3n estrat\u00e9gica para las pol\u00edticas p\u00fablicas y asesor\u00eda de los tomadores de decisiones y finalmente la coordinaci\u00f3n del Sistema Municipal de Informaci\u00f3n Estad\u00edstica y Geogr\u00e1fica encargado de la generaci\u00f3n, administraci\u00f3n y difusi\u00f3n de la informaci\u00f3n, la evaluaci\u00f3n y monitoreo de la planeaci\u00f3n, instrumentado mediante su Programa Municipal de Informaci\u00f3n Estad\u00edstica y Geogr\u00e1fica, bajo el mecanismo de coordinaci\u00f3n del Comit\u00e9 de Informaci\u00f3n Estad\u00edstica y Geogr\u00e1fica.<\/p>\t\t\t\t\t\t\t\t<\/div>\n\t\t\t\t<\/div>\n\t\t\t\t\t<\/div>\n\t\t<\/div>\n\t\t\t\t\t<\/div>\n\t\t<\/section>\n\t\t\t\t<section class=\"elementor-section elementor-top-section elementor-element elementor-element-197f749 elementor-section-boxed elementor-section-height-default elementor-section-height-default\" data-id=\"197f749\" data-element_type=\"section\" data-e-type=\"section\">\n\t\t\t\t\t\t<div class=\"elementor-container elementor-column-gap-default\">\n\t\t\t\t\t<div class=\"elementor-column elementor-col-100 elementor-top-column elementor-element elementor-element-38f97df\" data-id=\"38f97df\" data-element_type=\"column\" data-e-type=\"column\">\n\t\t\t<div class=\"elementor-widget-wrap elementor-element-populated\">\n\t\t\t\t\t\t<div class=\"elementor-element elementor-element-352925e elementor-widget elementor-widget-image\" data-id=\"352925e\" data-element_type=\"widget\" data-e-type=\"widget\" data-widget_type=\"image.default\">\n\t\t\t\t<div class=\"elementor-widget-container\">\n\t\t\t\t\t\t\t\t\t\t\t\t\t\t\t<img fetchpriority=\"high\" decoding=\"async\" width=\"1279\" height=\"959\" src=\"https:\/\/www.implanguanajuato.gob.mx\/wp-content\/uploads\/2026\/02\/ESQUEMA-SIMUPLAN.jpg\" class=\"attachment-full size-full wp-image-15852\" alt=\"\" srcset=\"https:\/\/www.implanguanajuato.gob.mx\/wp-content\/uploads\/2026\/02\/ESQUEMA-SIMUPLAN.jpg 1279w, https:\/\/www.implanguanajuato.gob.mx\/wp-content\/uploads\/2026\/02\/ESQUEMA-SIMUPLAN-300x225.jpg 300w, https:\/\/www.implanguanajuato.gob.mx\/wp-content\/uploads\/2026\/02\/ESQUEMA-SIMUPLAN-1024x768.jpg 1024w, https:\/\/www.implanguanajuato.gob.mx\/wp-content\/uploads\/2026\/02\/ESQUEMA-SIMUPLAN-768x576.jpg 768w\" sizes=\"(max-width: 1279px) 100vw, 1279px\" \/>\t\t\t\t\t\t\t\t\t\t\t\t\t\t\t<\/div>\n\t\t\t\t<\/div>\n\t\t\t\t\t<\/div>\n\t\t<\/div>\n\t\t\t\t\t<\/div>\n\t\t<\/section>\n\t\t\t\t<\/div>\n\t\t","protected":false},"excerpt":{"rendered":"<p>\u00bfQu\u00e9 es el Sistema Municipal de Planeaci\u00f3n? El Sistema Municipal de Planeaci\u00f3n Democr\u00e1tica es el conjunto de procedimientos y actividades mediante los cuales las dependencias y paramunicipales de la Administraci\u00f3n<\/p>\n<a class=\"btn_a\" href=\"https:\/\/www.implanguanajuato.gob.mx\/?page_id=4222\"><span><i class=\"in_left fa fa-angle-right\"><\/i><span>Details<\/span><i class=\"in_right fa fa-angle-right\"><\/i><\/span><\/a>","protected":false},"author":1,"featured_media":0,"parent":0,"menu_order":0,"comment_status":"closed","ping_status":"closed","template":"page-fullwidth.php","meta":{"ngg_post_thumbnail":0,"footnotes":""},"class_list":["post-4222","page","type-page","status-publish","hentry"],"_links":{"self":[{"href":"https:\/\/www.implanguanajuato.gob.mx\/index.php?rest_route=\/wp\/v2\/pages\/4222","targetHints":{"allow":["GET"]}}],"collection":[{"href":"https:\/\/www.implanguanajuato.gob.mx\/index.php?rest_route=\/wp\/v2\/pages"}],"about":[{"href":"https:\/\/www.implanguanajuato.gob.mx\/index.php?rest_route=\/wp\/v2\/types\/page"}],"author":[{"embeddable":true,"href":"https:\/\/www.implanguanajuato.gob.mx\/index.php?rest_route=\/wp\/v2\/users\/1"}],"replies":[{"embeddable":true,"href":"https:\/\/www.implanguanajuato.gob.mx\/index.php?rest_route=%2Fwp%2Fv2%2Fcomments&post=4222"}],"version-history":[{"count":36,"href":"https:\/\/www.implanguanajuato.gob.mx\/index.php?rest_route=\/wp\/v2\/pages\/4222\/revisions"}],"predecessor-version":[{"id":15888,"href":"https:\/\/www.implanguanajuato.gob.mx\/index.php?rest_route=\/wp\/v2\/pages\/4222\/revisions\/15888"}],"wp:attachment":[{"href":"https:\/\/www.implanguanajuato.gob.mx\/index.php?rest_route=%2Fwp%2Fv2%2Fmedia&parent=4222"}],"curies":[{"name":"wp","href":"https:\/\/api.w.org\/{rel}","templated":true}]}}