{"id":4563,"date":"2021-04-26T14:46:15","date_gmt":"2021-04-26T19:46:15","guid":{"rendered":"http:\/\/www.implangto.gob.mx\/?page_id=4563"},"modified":"2026-03-03T11:23:33","modified_gmt":"2026-03-03T17:23:33","slug":"comite","status":"publish","type":"page","link":"https:\/\/www.implanguanajuato.gob.mx\/?page_id=4563","title":{"rendered":"COMIT\u00c9 DE INFORMACI\u00d3N ESTAD\u00cdSTICA Y GEOGR\u00c1FICA MUNICIPAL"},"content":{"rendered":"\t\t<div data-elementor-type=\"wp-page\" data-elementor-id=\"4563\" class=\"elementor elementor-4563\" data-elementor-post-type=\"page\">\n\t\t\t\t\t\t<section class=\"elementor-section elementor-top-section elementor-element elementor-element-7adc39b9 elementor-section-boxed elementor-section-height-default elementor-section-height-default\" data-id=\"7adc39b9\" data-element_type=\"section\" data-e-type=\"section\">\n\t\t\t\t\t\t<div class=\"elementor-container elementor-column-gap-default\">\n\t\t\t\t\t<div class=\"elementor-column elementor-col-100 elementor-top-column elementor-element elementor-element-38725911\" data-id=\"38725911\" data-element_type=\"column\" data-e-type=\"column\">\n\t\t\t<div class=\"elementor-widget-wrap elementor-element-populated\">\n\t\t\t\t\t\t<div class=\"elementor-element elementor-element-397a233f elementor-widget elementor-widget-text-editor\" data-id=\"397a233f\" data-element_type=\"widget\" data-e-type=\"widget\" data-widget_type=\"text-editor.default\">\n\t\t\t\t<div class=\"elementor-widget-container\">\n\t\t\t\t\t\t\t\t\t<p><\/p>\n<p style=\"text-align: justify;\"><span style=\"color: #000000;\">El Comit\u00e9, adem\u00e1s de las funciones establecidas en el Convenio de Colaboraci\u00f3n y Coordinaci\u00f3n en materia de Informaci\u00f3n celebrado entre el Instituto de Planeaci\u00f3n, Estad\u00edstica y Geograf\u00eda del Estado de Guanajuato y el Municipio, debe establecer y coordinar al interior de la administraci\u00f3n p\u00fablica municipal los procesos y mecanismos necesarios para el intercambio, captura, almacenamiento y actualizaci\u00f3n de informaci\u00f3n estad\u00edstica y geogr\u00e1fica, proponer al Ayuntamiento modificaciones a la normativa municipal, elaborar su Programa Anual de Trabajo, elaborar un Programa Municipal de Informaci\u00f3n Estad\u00edstica y Geogr\u00e1fica.<\/span><\/p>\n<h2><strong><br><\/strong><\/h2><h2><strong>ACTAS<\/strong><\/h2>\n<div id=\"footable_parent_4562\"\n         class=\" footable_parent ninja_table_wrapper loading_ninja_table wp_table_data_press_parent semantic_ui \">\n                <table data-ninja_table_instance=\"ninja_table_instance_0\" data-footable_id=\"4562\" data-filter-delay=\"1000\" aria-label=\"ACTAS\"            id=\"footable_4562\"\n           data-unique_identifier=\"ninja_table_unique_id_1782059254_4562\"\n           class=\" foo-table ninja_footable foo_table_4562 ninja_table_unique_id_1782059254_4562 ui table  nt_type_ajax_table selectable striped vertical_centered  footable-paging-right ninja_table_search_disabled ninja_table_pro\">\n                <colgroup>\n                            <col class=\"ninja_column_0 \">\n                            <col class=\"ninja_column_1 \">\n                            <col class=\"ninja_column_2 \">\n                    <\/colgroup>\n            <\/table>\n    \n    \n    \n<\/div>\n<p><\/p>\n<p>\n<\/p>\t\t\t\t\t\t\t\t<\/div>\n\t\t\t\t<\/div>\n\t\t\t\t\t<\/div>\n\t\t<\/div>\n\t\t\t\t\t<\/div>\n\t\t<\/section>\n\t\t\t\t<\/div>\n\t\t","protected":false},"excerpt":{"rendered":"<p>El Comit\u00e9, adem\u00e1s de las funciones establecidas en el Convenio de Colaboraci\u00f3n y Coordinaci\u00f3n en materia de Informaci\u00f3n celebrado entre el Instituto de Planeaci\u00f3n, Estad\u00edstica y Geograf\u00eda del Estado de<\/p>\n<a class=\"btn_a\" href=\"https:\/\/www.implanguanajuato.gob.mx\/?page_id=4563\"><span><i class=\"in_left fa fa-angle-right\"><\/i><span>Details<\/span><i class=\"in_right fa fa-angle-right\"><\/i><\/span><\/a>","protected":false},"author":1,"featured_media":0,"parent":0,"menu_order":0,"comment_status":"closed","ping_status":"closed","template":"","meta":{"ngg_post_thumbnail":0,"footnotes":""},"class_list":["post-4563","page","type-page","status-publish","hentry"],"_links":{"self":[{"href":"https:\/\/www.implanguanajuato.gob.mx\/index.php?rest_route=\/wp\/v2\/pages\/4563","targetHints":{"allow":["GET"]}}],"collection":[{"href":"https:\/\/www.implanguanajuato.gob.mx\/index.php?rest_route=\/wp\/v2\/pages"}],"about":[{"href":"https:\/\/www.implanguanajuato.gob.mx\/index.php?rest_route=\/wp\/v2\/types\/page"}],"author":[{"embeddable":true,"href":"https:\/\/www.implanguanajuato.gob.mx\/index.php?rest_route=\/wp\/v2\/users\/1"}],"replies":[{"embeddable":true,"href":"https:\/\/www.implanguanajuato.gob.mx\/index.php?rest_route=%2Fwp%2Fv2%2Fcomments&post=4563"}],"version-history":[{"count":15,"href":"https:\/\/www.implanguanajuato.gob.mx\/index.php?rest_route=\/wp\/v2\/pages\/4563\/revisions"}],"predecessor-version":[{"id":15978,"href":"https:\/\/www.implanguanajuato.gob.mx\/index.php?rest_route=\/wp\/v2\/pages\/4563\/revisions\/15978"}],"wp:attachment":[{"href":"https:\/\/www.implanguanajuato.gob.mx\/index.php?rest_route=%2Fwp%2Fv2%2Fmedia&parent=4563"}],"curies":[{"name":"wp","href":"https:\/\/api.w.org\/{rel}","templated":true}]}}