{"id":6063,"date":"2021-11-29T09:56:28","date_gmt":"2021-11-29T15:56:28","guid":{"rendered":"http:\/\/www.implangto.gob.mx\/?page_id=6063"},"modified":"2022-01-07T19:03:24","modified_gmt":"2022-01-08T01:03:24","slug":"pgm-2021-2024","status":"publish","type":"page","link":"https:\/\/www.implanguanajuato.gob.mx\/?page_id=6063","title":{"rendered":"PGM BORRADOR FINAL. CO-CREACI\u00d3N"},"content":{"rendered":"\t\t<div data-elementor-type=\"wp-page\" data-elementor-id=\"6063\" class=\"elementor elementor-6063\" data-elementor-post-type=\"page\">\n\t\t\t\t\t\t<section class=\"elementor-section elementor-top-section elementor-element elementor-element-673acb3 elementor-section-boxed elementor-section-height-default elementor-section-height-default\" data-id=\"673acb3\" data-element_type=\"section\" data-e-type=\"section\">\n\t\t\t\t\t\t<div class=\"elementor-container elementor-column-gap-default\">\n\t\t\t\t\t<div class=\"elementor-column elementor-col-50 elementor-top-column elementor-element elementor-element-ed6403f\" data-id=\"ed6403f\" data-element_type=\"column\" data-e-type=\"column\">\n\t\t\t<div class=\"elementor-widget-wrap elementor-element-populated\">\n\t\t\t\t\t\t<div class=\"elementor-element elementor-element-109dbe0 elementor-widget elementor-widget-heading\" data-id=\"109dbe0\" data-element_type=\"widget\" data-e-type=\"widget\" data-widget_type=\"heading.default\">\n\t\t\t\t<div class=\"elementor-widget-container\">\n\t\t\t\t\t<h2 class=\"elementor-heading-title elementor-size-default\">Bases de la Participaci\u00f3n en la Etapa de Co-Creaci\u00f3n del Programa de Gobierno Municipal <br>2021-2024<br><br><\/h2>\t\t\t\t<\/div>\n\t\t\t\t<\/div>\n\t\t\t\t\t<\/div>\n\t\t<\/div>\n\t\t\t\t<div class=\"elementor-column elementor-col-50 elementor-top-column elementor-element elementor-element-dcb8bea\" data-id=\"dcb8bea\" data-element_type=\"column\" data-e-type=\"column\">\n\t\t\t<div class=\"elementor-widget-wrap elementor-element-populated\">\n\t\t\t\t\t\t<div class=\"elementor-element elementor-element-96a5bb5 elementor-widget elementor-widget-image\" data-id=\"96a5bb5\" data-element_type=\"widget\" data-e-type=\"widget\" data-widget_type=\"image.default\">\n\t\t\t\t<div class=\"elementor-widget-container\">\n\t\t\t\t\t\t\t\t\t\t\t\t\t\t\t<img fetchpriority=\"high\" decoding=\"async\" width=\"835\" height=\"413\" src=\"https:\/\/www.implanguanajuato.gob.mx\/wp-content\/uploads\/2021\/12\/Baner-PGM24-CORTO-1024x506.jpg\" class=\"attachment-large size-large wp-image-6154\" alt=\"\" srcset=\"https:\/\/www.implanguanajuato.gob.mx\/wp-content\/uploads\/2021\/12\/Baner-PGM24-CORTO-1024x506.jpg 1024w, https:\/\/www.implanguanajuato.gob.mx\/wp-content\/uploads\/2021\/12\/Baner-PGM24-CORTO-300x148.jpg 300w, https:\/\/www.implanguanajuato.gob.mx\/wp-content\/uploads\/2021\/12\/Baner-PGM24-CORTO-768x379.jpg 768w, https:\/\/www.implanguanajuato.gob.mx\/wp-content\/uploads\/2021\/12\/Baner-PGM24-CORTO-1536x759.jpg 1536w, https:\/\/www.implanguanajuato.gob.mx\/wp-content\/uploads\/2021\/12\/Baner-PGM24-CORTO-2048x1011.jpg 2048w\" sizes=\"(max-width: 835px) 100vw, 835px\" \/>\t\t\t\t\t\t\t\t\t\t\t\t\t\t\t<\/div>\n\t\t\t\t<\/div>\n\t\t\t\t\t<\/div>\n\t\t<\/div>\n\t\t\t\t\t<\/div>\n\t\t<\/section>\n\t\t\t\t<section class=\"elementor-section elementor-top-section elementor-element elementor-element-49ae122 elementor-section-boxed elementor-section-height-default elementor-section-height-default\" data-id=\"49ae122\" data-element_type=\"section\" data-e-type=\"section\">\n\t\t\t\t\t\t<div class=\"elementor-container elementor-column-gap-default\">\n\t\t\t\t\t<div class=\"elementor-column elementor-col-100 elementor-top-column elementor-element elementor-element-ae6ca1c\" data-id=\"ae6ca1c\" data-element_type=\"column\" data-e-type=\"column\">\n\t\t\t<div class=\"elementor-widget-wrap elementor-element-populated\">\n\t\t\t\t\t\t<div class=\"elementor-element elementor-element-efc5c40 elementor-widget elementor-widget-heading\" data-id=\"efc5c40\" data-element_type=\"widget\" data-e-type=\"widget\" data-widget_type=\"heading.default\">\n\t\t\t\t<div class=\"elementor-widget-container\">\n\t\t\t\t\t<h2 class=\"elementor-heading-title elementor-size-default\">\u00bfQu\u00e9 es la Co-creaci\u00f3n del  PGM 21-24?<\/h2>\t\t\t\t<\/div>\n\t\t\t\t<\/div>\n\t\t\t\t\t<\/div>\n\t\t<\/div>\n\t\t\t\t\t<\/div>\n\t\t<\/section>\n\t\t\t\t<section class=\"elementor-section elementor-top-section elementor-element elementor-element-3449b43 elementor-section-boxed elementor-section-height-default elementor-section-height-default\" data-id=\"3449b43\" data-element_type=\"section\" data-e-type=\"section\">\n\t\t\t\t\t\t<div class=\"elementor-container elementor-column-gap-default\">\n\t\t\t\t\t<div class=\"elementor-column elementor-col-100 elementor-top-column elementor-element elementor-element-d9fe26e\" data-id=\"d9fe26e\" data-element_type=\"column\" data-e-type=\"column\">\n\t\t\t<div class=\"elementor-widget-wrap elementor-element-populated\">\n\t\t\t\t\t\t<div class=\"elementor-element elementor-element-98ece0e elementor-widget elementor-widget-text-editor\" data-id=\"98ece0e\" data-element_type=\"widget\" data-e-type=\"widget\" data-widget_type=\"text-editor.default\">\n\t\t\t\t<div class=\"elementor-widget-container\">\n\t\t\t\t\t\t\t\t\t<p style=\"text-align: justify;\"><span style=\"font-size: 12pt; line-height: 115%; font-family: arial, helvetica, sans-serif; color: #000000;\">Etapa del proceso de\u00a0elaboraci\u00f3n del Programa de Gobierno en la cual el borrador del PGM 21-24 est\u00e1\u00a0disponible electr\u00f3nicamente para que los diferentes actores (ciudadanos,\u00a0agrupaciones sociales, funcionarias y funcionarios p\u00fablicos, etc.) que hayan participado en el proceso, lleven a cabo una revisi\u00f3n final que permita el\u00a0an\u00e1lisis del documento en cuanto a su contenido previo a la aprobaci\u00f3n del H.\u00a0Ayuntamiento y su respectiva publicaci\u00f3n en el Peri\u00f3dico Oficial del Gobierno\u00a0del Estado de Guanajuato.<\/span><\/p>\t\t\t\t\t\t\t\t<\/div>\n\t\t\t\t<\/div>\n\t\t\t\t\t<\/div>\n\t\t<\/div>\n\t\t\t\t\t<\/div>\n\t\t<\/section>\n\t\t\t\t<section class=\"elementor-section elementor-top-section elementor-element elementor-element-a38f114 elementor-section-boxed elementor-section-height-default elementor-section-height-default\" data-id=\"a38f114\" data-element_type=\"section\" data-e-type=\"section\">\n\t\t\t\t\t\t<div class=\"elementor-container elementor-column-gap-default\">\n\t\t\t\t\t<div class=\"elementor-column elementor-col-100 elementor-top-column elementor-element elementor-element-8d87644\" data-id=\"8d87644\" data-element_type=\"column\" data-e-type=\"column\">\n\t\t\t<div class=\"elementor-widget-wrap elementor-element-populated\">\n\t\t\t\t\t\t<div class=\"elementor-element elementor-element-1fa6406 elementor-widget elementor-widget-heading\" data-id=\"1fa6406\" data-element_type=\"widget\" data-e-type=\"widget\" data-widget_type=\"heading.default\">\n\t\t\t\t<div class=\"elementor-widget-container\">\n\t\t\t\t\t<h2 class=\"elementor-heading-title elementor-size-default\">\u00bfQui\u00e9nes pueden participar?<\/h2>\t\t\t\t<\/div>\n\t\t\t\t<\/div>\n\t\t\t\t\t<\/div>\n\t\t<\/div>\n\t\t\t\t\t<\/div>\n\t\t<\/section>\n\t\t\t\t<section class=\"elementor-section elementor-top-section elementor-element elementor-element-9f4aceb elementor-section-boxed elementor-section-height-default elementor-section-height-default\" data-id=\"9f4aceb\" data-element_type=\"section\" data-e-type=\"section\">\n\t\t\t\t\t\t<div class=\"elementor-container elementor-column-gap-default\">\n\t\t\t\t\t<div class=\"elementor-column elementor-col-100 elementor-top-column elementor-element elementor-element-379e04d\" data-id=\"379e04d\" data-element_type=\"column\" data-e-type=\"column\">\n\t\t\t<div class=\"elementor-widget-wrap elementor-element-populated\">\n\t\t\t\t\t\t<div class=\"elementor-element elementor-element-520f0bf elementor-widget elementor-widget-text-editor\" data-id=\"520f0bf\" data-element_type=\"widget\" data-e-type=\"widget\" data-widget_type=\"text-editor.default\">\n\t\t\t\t<div class=\"elementor-widget-container\">\n\t\t\t\t\t\t\t\t\t<p style=\"text-align: justify;\"><span style=\"font-family: arial, helvetica, sans-serif; font-size: 12pt; color: #000000;\">Ciudadanas y ciudadanos que hayan participado en algunas de las etapas previas en el proceso o aquellos que tengan el inter\u00e9s particular de revisar el documento del PGM 21-24 con la finalidad de emitir comentarios y observaciones sobre el contenido del mismo.<\/span><\/p>\t\t\t\t\t\t\t\t<\/div>\n\t\t\t\t<\/div>\n\t\t\t\t\t<\/div>\n\t\t<\/div>\n\t\t\t\t\t<\/div>\n\t\t<\/section>\n\t\t\t\t<section class=\"elementor-section elementor-top-section elementor-element elementor-element-83c8995 elementor-section-boxed elementor-section-height-default elementor-section-height-default\" data-id=\"83c8995\" data-element_type=\"section\" data-e-type=\"section\">\n\t\t\t\t\t\t<div class=\"elementor-container elementor-column-gap-default\">\n\t\t\t\t\t<div class=\"elementor-column elementor-col-100 elementor-top-column elementor-element elementor-element-a472324\" data-id=\"a472324\" data-element_type=\"column\" data-e-type=\"column\">\n\t\t\t<div class=\"elementor-widget-wrap elementor-element-populated\">\n\t\t\t\t\t\t<div class=\"elementor-element elementor-element-38e7443 elementor-widget elementor-widget-heading\" data-id=\"38e7443\" data-element_type=\"widget\" data-e-type=\"widget\" data-widget_type=\"heading.default\">\n\t\t\t\t<div class=\"elementor-widget-container\">\n\t\t\t\t\t<h2 class=\"elementor-heading-title elementor-size-default\">\u00bfC\u00f3mo participar?<\/h2>\t\t\t\t<\/div>\n\t\t\t\t<\/div>\n\t\t\t\t\t<\/div>\n\t\t<\/div>\n\t\t\t\t\t<\/div>\n\t\t<\/section>\n\t\t\t\t<section class=\"elementor-section elementor-top-section elementor-element elementor-element-81df92d elementor-section-boxed elementor-section-height-default elementor-section-height-default\" data-id=\"81df92d\" data-element_type=\"section\" data-e-type=\"section\">\n\t\t\t\t\t\t<div class=\"elementor-container elementor-column-gap-default\">\n\t\t\t\t\t<div class=\"elementor-column elementor-col-100 elementor-top-column elementor-element elementor-element-fb9299a\" data-id=\"fb9299a\" data-element_type=\"column\" data-e-type=\"column\">\n\t\t\t<div class=\"elementor-widget-wrap elementor-element-populated\">\n\t\t\t\t\t\t<div class=\"elementor-element elementor-element-3fca9a8 elementor-widget elementor-widget-text-editor\" data-id=\"3fca9a8\" data-element_type=\"widget\" data-e-type=\"widget\" data-widget_type=\"text-editor.default\">\n\t\t\t\t<div class=\"elementor-widget-container\">\n\t\t\t\t\t\t\t\t\t<p><span style=\"font-family: arial, helvetica, sans-serif; font-size: 14pt;\"><span style=\"color: #333333;\">1.Da click <\/span><span style=\"font-size: 12pt; color: #000000;\">desde un equipo de c\u00f3mputo, al documento PROGRAMA DE GOBIERNO MUNICIPAL GTO 21-24. ETAPA DE CO-CREACI\u00d3N.pdf\u00a0 en su formato DRIVE <span style=\"font-family: arial, helvetica, sans-serif;\">revisar, analizar e incluir observaciones consideradas.\u00a0<\/span><\/span><\/span><\/p><p style=\"text-align: left;\"><span style=\"font-family: arial, helvetica, sans-serif; font-size: 18pt; color: #1333eb;\"><a style=\"color: #1333eb;\" href=\"https:\/\/drive.google.com\/file\/d\/1sumbr7fTPgY9UMpxO1SQolVeaheI-qJK\/view\">Borrador Final Programa de Gobierno Municipal 21 24<\/a>\u00a0<\/span><\/p><p><span style=\"font-family: arial, helvetica, sans-serif; color: #000000; font-size: 12pt;\">2.Hacer clic derecho sobre la parte del documento que se quiera comentar para agregar comentario u observaci\u00f3n.<\/span><\/p>\t\t\t\t\t\t\t\t<\/div>\n\t\t\t\t<\/div>\n\t\t\t\t\t<\/div>\n\t\t<\/div>\n\t\t\t\t\t<\/div>\n\t\t<\/section>\n\t\t\t\t<section class=\"elementor-section elementor-top-section elementor-element elementor-element-b19e926 elementor-section-boxed elementor-section-height-default elementor-section-height-default\" data-id=\"b19e926\" data-element_type=\"section\" data-e-type=\"section\">\n\t\t\t\t\t\t<div class=\"elementor-container elementor-column-gap-default\">\n\t\t\t\t\t<div class=\"elementor-column elementor-col-50 elementor-top-column elementor-element elementor-element-1fac309\" data-id=\"1fac309\" data-element_type=\"column\" data-e-type=\"column\">\n\t\t\t<div class=\"elementor-widget-wrap elementor-element-populated\">\n\t\t\t\t\t\t<div class=\"elementor-element elementor-element-4017b01 elementor-widget elementor-widget-image\" data-id=\"4017b01\" data-element_type=\"widget\" data-e-type=\"widget\" data-widget_type=\"image.default\">\n\t\t\t\t<div class=\"elementor-widget-container\">\n\t\t\t\t\t\t\t\t\t\t\t\t\t\t\t<img decoding=\"async\" width=\"567\" height=\"637\" src=\"https:\/\/www.implanguanajuato.gob.mx\/wp-content\/uploads\/2022\/01\/base-2.1-1.jpg\" class=\"attachment-large size-large wp-image-6778\" alt=\"\" srcset=\"https:\/\/www.implanguanajuato.gob.mx\/wp-content\/uploads\/2022\/01\/base-2.1-1.jpg 567w, https:\/\/www.implanguanajuato.gob.mx\/wp-content\/uploads\/2022\/01\/base-2.1-1-267x300.jpg 267w\" sizes=\"(max-width: 567px) 100vw, 567px\" \/>\t\t\t\t\t\t\t\t\t\t\t\t\t\t\t<\/div>\n\t\t\t\t<\/div>\n\t\t\t\t\t<\/div>\n\t\t<\/div>\n\t\t\t\t<div class=\"elementor-column elementor-col-50 elementor-top-column elementor-element elementor-element-9de4746\" data-id=\"9de4746\" data-element_type=\"column\" data-e-type=\"column\">\n\t\t\t<div class=\"elementor-widget-wrap elementor-element-populated\">\n\t\t\t\t\t\t<div class=\"elementor-element elementor-element-c0b18af elementor-widget elementor-widget-image\" data-id=\"c0b18af\" data-element_type=\"widget\" data-e-type=\"widget\" data-widget_type=\"image.default\">\n\t\t\t\t<div class=\"elementor-widget-container\">\n\t\t\t\t\t\t\t\t\t\t\t\t\t\t\t<img decoding=\"async\" width=\"610\" height=\"632\" src=\"https:\/\/www.implanguanajuato.gob.mx\/wp-content\/uploads\/2022\/01\/base-2.2.jpg\" class=\"attachment-large size-large wp-image-6779\" alt=\"\" srcset=\"https:\/\/www.implanguanajuato.gob.mx\/wp-content\/uploads\/2022\/01\/base-2.2.jpg 610w, https:\/\/www.implanguanajuato.gob.mx\/wp-content\/uploads\/2022\/01\/base-2.2-290x300.jpg 290w\" sizes=\"(max-width: 610px) 100vw, 610px\" \/>\t\t\t\t\t\t\t\t\t\t\t\t\t\t\t<\/div>\n\t\t\t\t<\/div>\n\t\t\t\t\t<\/div>\n\t\t<\/div>\n\t\t\t\t\t<\/div>\n\t\t<\/section>\n\t\t\t\t<section class=\"elementor-section elementor-top-section elementor-element elementor-element-09e68af elementor-section-boxed elementor-section-height-default elementor-section-height-default\" data-id=\"09e68af\" data-element_type=\"section\" data-e-type=\"section\">\n\t\t\t\t\t\t<div class=\"elementor-container elementor-column-gap-default\">\n\t\t\t\t\t<div class=\"elementor-column elementor-col-100 elementor-top-column elementor-element elementor-element-f464ab4\" data-id=\"f464ab4\" data-element_type=\"column\" data-e-type=\"column\">\n\t\t\t<div class=\"elementor-widget-wrap elementor-element-populated\">\n\t\t\t\t\t\t<div class=\"elementor-element elementor-element-2a8af41 elementor-widget elementor-widget-text-editor\" data-id=\"2a8af41\" data-element_type=\"widget\" data-e-type=\"widget\" data-widget_type=\"text-editor.default\">\n\t\t\t\t<div class=\"elementor-widget-container\">\n\t\t\t\t\t\t\t\t\t<p><span style=\"font-family: arial, helvetica, sans-serif; color: #000000;\">3.Incluir despu\u00e9s de su comentario u observaci\u00f3n, la direcci\u00f3n de correo electr\u00f3nico del cual est\u00e1 participando para hacerle llegar la retroalimentaci\u00f3n de su participaci\u00f3n.<\/span><\/p><p><span style=\"font-family: arial, helvetica, sans-serif; color: #000000;\">4.El Equipo T\u00e9cnico del Programa de Gobierno, revisar\u00e1 cada una de las observaciones y comentarios de manera previa a la aprobaci\u00f3n del H. Ayuntamiento.<\/span><\/p><p style=\"text-align: justify;\"><span style=\"font-family: arial, helvetica, sans-serif; color: #000000;\">5.Una vez que sea aprobado el Programa de Gobierno por el H. Ayuntamiento, se dar\u00e1 respuesta sobre la inclusi\u00f3n o no de cada una de las observaciones y comentarios, a trav\u00e9s del correo de participaci\u00f3n.<\/span><\/p>\t\t\t\t\t\t\t\t<\/div>\n\t\t\t\t<\/div>\n\t\t\t\t\t<\/div>\n\t\t<\/div>\n\t\t\t\t\t<\/div>\n\t\t<\/section>\n\t\t\t\t<section class=\"elementor-section elementor-top-section elementor-element elementor-element-121b033 elementor-section-boxed elementor-section-height-default elementor-section-height-default\" data-id=\"121b033\" data-element_type=\"section\" data-e-type=\"section\">\n\t\t\t\t\t\t<div class=\"elementor-container elementor-column-gap-default\">\n\t\t\t\t\t<div class=\"elementor-column elementor-col-100 elementor-top-column elementor-element elementor-element-61246e4\" data-id=\"61246e4\" data-element_type=\"column\" data-e-type=\"column\">\n\t\t\t<div class=\"elementor-widget-wrap elementor-element-populated\">\n\t\t\t\t\t\t<div class=\"elementor-element elementor-element-4adeaab elementor-widget elementor-widget-heading\" data-id=\"4adeaab\" data-element_type=\"widget\" data-e-type=\"widget\" data-widget_type=\"heading.default\">\n\t\t\t\t<div class=\"elementor-widget-container\">\n\t\t\t\t\t<h2 class=\"elementor-heading-title elementor-size-default\">\u00bfQu\u00e9 contiene el PGM 21-24?<\/h2>\t\t\t\t<\/div>\n\t\t\t\t<\/div>\n\t\t\t\t\t<\/div>\n\t\t<\/div>\n\t\t\t\t\t<\/div>\n\t\t<\/section>\n\t\t\t\t<section class=\"elementor-section elementor-top-section elementor-element elementor-element-e721d82 elementor-section-boxed elementor-section-height-default elementor-section-height-default\" data-id=\"e721d82\" data-element_type=\"section\" data-e-type=\"section\">\n\t\t\t\t\t\t<div class=\"elementor-container elementor-column-gap-default\">\n\t\t\t\t\t<div class=\"elementor-column elementor-col-100 elementor-top-column elementor-element elementor-element-7f61b25\" data-id=\"7f61b25\" data-element_type=\"column\" data-e-type=\"column\">\n\t\t\t<div class=\"elementor-widget-wrap elementor-element-populated\">\n\t\t\t\t\t\t<div class=\"elementor-element elementor-element-f38b6dd elementor-widget elementor-widget-text-editor\" data-id=\"f38b6dd\" data-element_type=\"widget\" data-e-type=\"widget\" data-widget_type=\"text-editor.default\">\n\t\t\t\t<div class=\"elementor-widget-container\">\n\t\t\t\t\t\t\t\t\t<table><tbody><tr><td width=\"158\"><p><strong>Contenido del\u00a0<\/strong><\/p><p><strong>PGM 21-24<\/strong><\/p><\/td><td width=\"93\"><p><strong>P\u00e1ginas del documento<\/strong><\/p><\/td><td width=\"367\"><p><strong>Aspectos relevantes del apartado<\/strong><\/p><\/td><\/tr><tr><td width=\"158\"><p><strong>Presentaci\u00f3n <\/strong><\/p><\/td><td width=\"93\"><p>3-4<\/p><\/td><td width=\"367\"><p style=\"text-align: justify;\">Contiene el mensaje que el Presidente Municipal, Alejandro Navarro Salda\u00f1a, dirige a las y los guanajuatenses presentando el Programa de Gobierno Municipal, la relevancia e importancia de este instrumento y los retos que como administraci\u00f3n se persiguen.<\/p><\/td><\/tr><tr><td width=\"158\"><p><strong>Introducci\u00f3n<\/strong><\/p><\/td><td width=\"93\"><p>4-7<\/p><\/td><td width=\"367\"><p style=\"text-align: justify;\">Describe de manera general el contenido del PGM 21-24, as\u00ed como la descripci\u00f3n del proceso normativo al que se apega la elaboraci\u00f3n del Programa.<\/p><\/td><\/tr><tr><td width=\"158\"><p><strong>Marco de Referencia<\/strong><\/p><\/td><td width=\"93\"><p>7-77<\/p><\/td><td width=\"367\"><p style=\"text-align: justify;\">Se refiere a distintos apartados del documento:<\/p><p style=\"text-align: justify;\">a)\u00a0\u00a0\u00a0\u00a0 Los distintos enfoques desde los que se aborda el Programa, siendo estos, la Nueva Gesti\u00f3n P\u00fablica, el enfoque de Derechos Humanos y la perspectiva de Igualdad de G\u00e9nero.<\/p><p style=\"text-align: justify;\">b)\u00a0\u00a0\u00a0\u00a0 El marco jur\u00eddico regulador del Programa, analizado desde el \u00e1mbito federal, el \u00e1mbito estatal, el \u00e1mbito municipal, adem\u00e1s de se\u00f1alar aspectos org\u00e1nicos de la administraci\u00f3n municipal.<\/p><p style=\"text-align: justify;\">c)\u00a0\u00a0\u00a0\u00a0 Descripci\u00f3n del proceso de elaboraci\u00f3n, los actores que participaron en su elaboraci\u00f3n, tanto de manera institucional como la ciudadan\u00eda en general y los representantes de agrupaciones sociales, mediante el proceso de participaci\u00f3n ciudadana y social.<\/p><\/td><\/tr><tr><td width=\"158\"><p><strong>Filosof\u00eda de la Administraci\u00f3n Municipal<\/strong><\/p><\/td><td width=\"93\"><p>77-80<\/p><\/td><td width=\"367\"><p style=\"text-align: justify;\">En el apartado de la Filosof\u00eda se establecen la Visi\u00f3n, la Misi\u00f3n y los Valores compartidos por la administraci\u00f3n p\u00fablica municipal de Guanajuato.<\/p><\/td><\/tr><tr><td width=\"158\"><p><strong>Diagn\u00f3stico<\/strong><\/p><\/td><td width=\"93\"><p>81-107<\/p><\/td><td width=\"367\"><p style=\"text-align: justify;\">Este apartado ha sido elaborado a partir de la caracterizaci\u00f3n del municipio con un diagn\u00f3stico estrat\u00e9gico integrado, considerando diferentes metodolog\u00edas de trabajo para detectar problemas y la prospectiva de respuestas posibles como son: el DOFA, el PESTEL, m\u00e9todo de BARDACH, \u00e1baco de R\u00c9GNIER, los STAKEHOLDERS (principales interesados), la METODOLOG\u00cdA DEL MARCO L\u00d3GICO (MML) de la CEPAL y los ODS de la Agenda 2030.<\/p><\/td><\/tr><tr><td width=\"158\"><p><strong>Planteamiento Estrat\u00e9gico <\/strong><\/p><\/td><td width=\"93\"><p>107-184<\/p><\/td><td style=\"text-align: justify;\" width=\"367\"><p style=\"text-align: justify;\">Apartado trascendente de PLANEACI\u00d3N ESTRATEGICA que contiene los cinco n\u00facleos que act\u00faan transversalmente dise\u00f1ados y conforman el Programa: Seguridad; Impulso Econ\u00f3mico; Desarrollo Ordenado; Bienestar, Salud y Medio Ambiente; y Buen Gobierno. Cada uno de estos n\u00facleos se divide a su vez en l\u00edneas estrat\u00e9gicas, 24 en total, de las que se desprenden los objetivos, las metas, las estrategias, acciones y proyectos que se suman para lograr el valor p\u00fablico que, durante los tres a\u00f1os, la administraci\u00f3n p\u00fablica del periodo 2021 &#8211; 2024 estar\u00e1 concretando con resultados tangibles.<\/p><\/td><\/tr><tr><td width=\"158\"><p><strong>Programas, proyectos y acciones<\/strong><\/p><\/td><td width=\"93\"><p>184-192<\/p><\/td><td style=\"text-align: justify;\" width=\"367\"><p style=\"text-align: justify;\">En este apartado se se\u00f1alan los proyectos insignia de la Administraci\u00f3n, as\u00ed como los proyectos transversales alineados a los Objetivos para el Desarrollo Sostenible.<\/p><\/td><\/tr><tr><td width=\"158\"><p><strong>Indicadores y metas<\/strong><\/p><\/td><td width=\"93\"><p>192-194<\/p><\/td><td style=\"text-align: justify;\" width=\"367\"><p style=\"text-align: justify;\">Aqu\u00ed se esquematiza las Fichas T\u00e9cnicas de Indicadores (FTI) que forman parte de uno de los anexos del Programas, y que ser\u00e1n el instrumento mediante el cual se le estar\u00e1 dando seguimiento a su ejecuci\u00f3n.<\/p><\/td><\/tr><tr><td width=\"158\"><p><strong>Lineamientos para la ejecuci\u00f3n, el seguimiento y la evaluaci\u00f3n<\/strong><\/p><\/td><td width=\"93\"><p>195-198<\/p><\/td><td style=\"text-align: justify;\" width=\"367\"><p style=\"text-align: justify;\">Se refiere a los instrumentos y herramientas de trabajo, que se han dise\u00f1ado para el seguimiento, monitoreo y evaluaci\u00f3n del Programa.<\/p><\/td><\/tr><tr><td width=\"158\"><p><strong>Referencias<\/strong><\/p><\/td><td width=\"93\"><p>198-202<\/p><\/td><td style=\"text-align: justify;\" width=\"367\"><p style=\"text-align: justify;\">Contiene las fuentes de informaci\u00f3n bibliogr\u00e1fica consultadas para la elaboraci\u00f3n e integraci\u00f3n del Programa de Gobierno.<\/p><\/td><\/tr><tr><td width=\"158\"><p><strong>Anexos<\/strong><\/p><\/td><td width=\"93\"><p>202-747<\/p><\/td><td style=\"text-align: justify;\" width=\"367\"><p style=\"text-align: justify;\">En este apartado se encuentran como anexos los archivos que derivaron de las diferentes etapas del proceso de elaboraci\u00f3n del Programa:<\/p><p style=\"text-align: justify;\">\u00b7 Informe del proceso de ciudadanizaci\u00f3n y socializaci\u00f3n.<\/p><p style=\"text-align: justify;\">\u00b7 Informe presentado por el Instituto Nacional Dem\u00f3crata.<\/p><p style=\"text-align: justify;\">\u00b7 Ficha T\u00e9cnica de Indicadores (FTI) y los medios de verificaci\u00f3n.<\/p><\/td><\/tr><\/tbody><\/table>\t\t\t\t\t\t\t\t<\/div>\n\t\t\t\t<\/div>\n\t\t\t\t\t<\/div>\n\t\t<\/div>\n\t\t\t\t\t<\/div>\n\t\t<\/section>\n\t\t\t\t<\/div>\n\t\t","protected":false},"excerpt":{"rendered":"<p>Bases de la Participaci\u00f3n en la Etapa de Co-Creaci\u00f3n del Programa de Gobierno Municipal 2021-2024 \u00bfQu\u00e9 es la Co-creaci\u00f3n del PGM 21-24? Etapa del proceso de\u00a0elaboraci\u00f3n del Programa de Gobierno<\/p>\n<a class=\"btn_a\" href=\"https:\/\/www.implanguanajuato.gob.mx\/?page_id=6063\"><span><i class=\"in_left fa fa-angle-right\"><\/i><span>Details<\/span><i class=\"in_right fa fa-angle-right\"><\/i><\/span><\/a>","protected":false},"author":5,"featured_media":0,"parent":0,"menu_order":0,"comment_status":"closed","ping_status":"closed","template":"","meta":{"ngg_post_thumbnail":0,"footnotes":""},"class_list":["post-6063","page","type-page","status-publish","hentry"],"_links":{"self":[{"href":"https:\/\/www.implanguanajuato.gob.mx\/index.php?rest_route=\/wp\/v2\/pages\/6063","targetHints":{"allow":["GET"]}}],"collection":[{"href":"https:\/\/www.implanguanajuato.gob.mx\/index.php?rest_route=\/wp\/v2\/pages"}],"about":[{"href":"https:\/\/www.implanguanajuato.gob.mx\/index.php?rest_route=\/wp\/v2\/types\/page"}],"author":[{"embeddable":true,"href":"https:\/\/www.implanguanajuato.gob.mx\/index.php?rest_route=\/wp\/v2\/users\/5"}],"replies":[{"embeddable":true,"href":"https:\/\/www.implanguanajuato.gob.mx\/index.php?rest_route=%2Fwp%2Fv2%2Fcomments&post=6063"}],"version-history":[{"count":191,"href":"https:\/\/www.implanguanajuato.gob.mx\/index.php?rest_route=\/wp\/v2\/pages\/6063\/revisions"}],"predecessor-version":[{"id":6895,"href":"https:\/\/www.implanguanajuato.gob.mx\/index.php?rest_route=\/wp\/v2\/pages\/6063\/revisions\/6895"}],"wp:attachment":[{"href":"https:\/\/www.implanguanajuato.gob.mx\/index.php?rest_route=%2Fwp%2Fv2%2Fmedia&parent=6063"}],"curies":[{"name":"wp","href":"https:\/\/api.w.org\/{rel}","templated":true}]}}