{"id":6707,"date":"2022-01-07T16:05:59","date_gmt":"2022-01-07T22:05:59","guid":{"rendered":"http:\/\/www.implangto.gob.mx\/?page_id=6707"},"modified":"2022-01-11T11:01:46","modified_gmt":"2022-01-11T17:01:46","slug":"pgm-metodologia","status":"publish","type":"page","link":"https:\/\/www.implanguanajuato.gob.mx\/?page_id=6707","title":{"rendered":"PGM METODOLOG\u00cdA"},"content":{"rendered":"\t\t<div data-elementor-type=\"wp-page\" data-elementor-id=\"6707\" class=\"elementor elementor-6707\" data-elementor-post-type=\"page\">\n\t\t\t\t\t\t<section class=\"elementor-section elementor-top-section elementor-element elementor-element-b9194f4 elementor-section-boxed elementor-section-height-default elementor-section-height-default\" data-id=\"b9194f4\" data-element_type=\"section\" data-e-type=\"section\">\n\t\t\t\t\t\t<div class=\"elementor-container elementor-column-gap-default\">\n\t\t\t\t\t<div class=\"elementor-column elementor-col-100 elementor-top-column elementor-element elementor-element-6ffcd25\" data-id=\"6ffcd25\" data-element_type=\"column\" data-e-type=\"column\">\n\t\t\t<div class=\"elementor-widget-wrap elementor-element-populated\">\n\t\t\t\t\t\t<div class=\"elementor-element elementor-element-d868c2f elementor-widget elementor-widget-text-editor\" data-id=\"d868c2f\" data-element_type=\"widget\" data-e-type=\"widget\" data-widget_type=\"text-editor.default\">\n\t\t\t\t<div class=\"elementor-widget-container\">\n\t\t\t\t\t\t\t\t\t<h6 style=\"text-align: justify;\">Las <strong><em>Bases para la Elaboraci\u00f3n e Integraci\u00f3n del Programa de Gobierno Municipal 2021-2024<\/em><\/strong>, aprobadas por el H. Ayuntamiento el 29 de octubre de 2021 durante la segunda sesi\u00f3n ordinaria, establecen que, durante el proceso de elaboraci\u00f3n del Programa de Gobierno Municipal 2021-24, la Unidad de Innovaci\u00f3n y Pol\u00edticas P\u00fablicas en coordinaci\u00f3n con el IMPLAN, dise\u00f1ar\u00e1n la metodolog\u00eda que permita hacer part\u00edcipes activos a la ciudadan\u00eda, a representantes de la sociedad civil organizada y grupos sociales del municipio, as\u00ed como de los consejeros del Consejo de Planeaci\u00f3n del Desarrollo Municipal (COPLADEM). De igual manera se\u00f1alan que posterior a la aprobaci\u00f3n de las Bases se dar\u00eda la instrucci\u00f3n para que el equipo t\u00e9cnico encargado de la integraci\u00f3n del PGM 21-24, lleve a cabo la socializaci\u00f3n del proceso con el prop\u00f3sito de identificar las situaciones problem\u00e1ticas desde una perspectiva ciudadana y social.<\/h6><h6 style=\"text-align: justify;\">Con este antecedente, la Unidad de Innovaci\u00f3n y Pol\u00edticas P\u00fablicas y el Instituto de Planeaci\u00f3n han dise\u00f1ado la presente metodolog\u00eda que se divide en acciones sustantivas, que forman parte de la propuesta del Programa de Gobierno Municipal 2021-2024, el cual ser\u00e1 aprobado por el H. Ayuntamiento, en los t\u00e9rminos establecidos en la Ley Org\u00e1nica Municipal para el Estado de Guanajuato.<\/h6>\t\t\t\t\t\t\t\t<\/div>\n\t\t\t\t<\/div>\n\t\t\t\t\t<\/div>\n\t\t<\/div>\n\t\t\t\t\t<\/div>\n\t\t<\/section>\n\t\t\t\t<section class=\"elementor-section elementor-top-section elementor-element elementor-element-da7b25f elementor-section-boxed elementor-section-height-default elementor-section-height-default\" data-id=\"da7b25f\" data-element_type=\"section\" data-e-type=\"section\">\n\t\t\t\t\t\t<div class=\"elementor-container elementor-column-gap-default\">\n\t\t\t\t\t<div class=\"elementor-column elementor-col-100 elementor-top-column elementor-element elementor-element-3c3ed88\" data-id=\"3c3ed88\" data-element_type=\"column\" data-e-type=\"column\">\n\t\t\t<div class=\"elementor-widget-wrap elementor-element-populated\">\n\t\t\t\t\t\t<div class=\"elementor-element elementor-element-5f54020 elementor-widget elementor-widget-html\" data-id=\"5f54020\" data-element_type=\"widget\" data-e-type=\"widget\" data-widget_type=\"html.default\">\n\t\t\t\t<div class=\"elementor-widget-container\">\n\t\t\t\t\t<div id=\"footable_parent_6972\"\n         class=\" footable_parent ninja_table_wrapper loading_ninja_table wp_table_data_press_parent semantic_ui \">\n                <table data-ninja_table_instance=\"ninja_table_instance_0\" data-footable_id=\"6972\" data-filter-delay=\"1000\" aria-label=\"PGM21-24 Metodolog\u00eda\"            id=\"footable_6972\"\n           data-unique_identifier=\"ninja_table_unique_id_1644858100_6972\"\n           class=\" foo-table ninja_footable foo_table_6972 ninja_table_unique_id_1644858100_6972 ui table  nt_type_ajax_table selectable celled striped vertical_centered  footable-paging-right ninja_table_search_disabled ninja_table_pro\">\n                <colgroup>\n                            <col class=\"ninja_column_0 \">\n                            <col class=\"ninja_column_1 \">\n                            <col class=\"ninja_column_2 \">\n                    <\/colgroup>\n            <\/table>\n    \n    \n    \n<\/div>\n\t\t\t\t<\/div>\n\t\t\t\t<\/div>\n\t\t\t\t\t<\/div>\n\t\t<\/div>\n\t\t\t\t\t<\/div>\n\t\t<\/section>\n\t\t\t\t<\/div>\n\t\t","protected":false},"excerpt":{"rendered":"<p>Las Bases para la Elaboraci\u00f3n e Integraci\u00f3n del Programa de Gobierno Municipal 2021-2024, aprobadas por el H. Ayuntamiento el 29 de octubre de 2021 durante la segunda sesi\u00f3n ordinaria, establecen<\/p>\n<a class=\"btn_a\" href=\"https:\/\/www.implanguanajuato.gob.mx\/?page_id=6707\"><span><i class=\"in_left fa fa-angle-right\"><\/i><span>Details<\/span><i class=\"in_right fa fa-angle-right\"><\/i><\/span><\/a>","protected":false},"author":4,"featured_media":0,"parent":0,"menu_order":0,"comment_status":"closed","ping_status":"closed","template":"","meta":{"ngg_post_thumbnail":0,"footnotes":""},"class_list":["post-6707","page","type-page","status-publish","hentry"],"_links":{"self":[{"href":"https:\/\/www.implanguanajuato.gob.mx\/index.php?rest_route=\/wp\/v2\/pages\/6707","targetHints":{"allow":["GET"]}}],"collection":[{"href":"https:\/\/www.implanguanajuato.gob.mx\/index.php?rest_route=\/wp\/v2\/pages"}],"about":[{"href":"https:\/\/www.implanguanajuato.gob.mx\/index.php?rest_route=\/wp\/v2\/types\/page"}],"author":[{"embeddable":true,"href":"https:\/\/www.implanguanajuato.gob.mx\/index.php?rest_route=\/wp\/v2\/users\/4"}],"replies":[{"embeddable":true,"href":"https:\/\/www.implanguanajuato.gob.mx\/index.php?rest_route=%2Fwp%2Fv2%2Fcomments&post=6707"}],"version-history":[{"count":6,"href":"https:\/\/www.implanguanajuato.gob.mx\/index.php?rest_route=\/wp\/v2\/pages\/6707\/revisions"}],"predecessor-version":[{"id":6975,"href":"https:\/\/www.implanguanajuato.gob.mx\/index.php?rest_route=\/wp\/v2\/pages\/6707\/revisions\/6975"}],"wp:attachment":[{"href":"https:\/\/www.implanguanajuato.gob.mx\/index.php?rest_route=%2Fwp%2Fv2%2Fmedia&parent=6707"}],"curies":[{"name":"wp","href":"https:\/\/api.w.org\/{rel}","templated":true}]}}