{"id":6711,"date":"2022-01-07T16:09:51","date_gmt":"2022-01-07T22:09:51","guid":{"rendered":"http:\/\/www.implangto.gob.mx\/?page_id=6711"},"modified":"2022-01-11T11:25:20","modified_gmt":"2022-01-11T17:25:20","slug":"pmg-participacion","status":"publish","type":"page","link":"https:\/\/www.implanguanajuato.gob.mx\/?page_id=6711","title":{"rendered":"PMG PARTICIPACI\u00d3N CIUDADANA Y SOCIAL"},"content":{"rendered":"\t\t<div data-elementor-type=\"wp-page\" data-elementor-id=\"6711\" class=\"elementor elementor-6711\" data-elementor-post-type=\"page\">\n\t\t\t\t\t\t<section class=\"elementor-section elementor-top-section elementor-element elementor-element-b94dc5c elementor-section-boxed elementor-section-height-default elementor-section-height-default\" data-id=\"b94dc5c\" data-element_type=\"section\" data-e-type=\"section\">\n\t\t\t\t\t\t<div class=\"elementor-container elementor-column-gap-default\">\n\t\t\t\t\t<div class=\"elementor-column elementor-col-100 elementor-top-column elementor-element elementor-element-9555b5d\" data-id=\"9555b5d\" data-element_type=\"column\" data-e-type=\"column\">\n\t\t\t<div class=\"elementor-widget-wrap elementor-element-populated\">\n\t\t\t\t\t\t<div class=\"elementor-element elementor-element-8c157c9 elementor-widget elementor-widget-text-editor\" data-id=\"8c157c9\" data-element_type=\"widget\" data-e-type=\"widget\" data-widget_type=\"text-editor.default\">\n\t\t\t\t<div class=\"elementor-widget-container\">\n\t\t\t\t\t\t\t\t\t<h6 style=\"text-align: justify;\">Posterior a la aprobaci\u00f3n de las bases, a partir del 1 de noviembre de 2021 estuvo a disposici\u00f3n de la ciudadan\u00eda en las p\u00e1ginas del Gobierno Municipal de Guanajuato y del Instituto Municipal de Planeaci\u00f3n, un formato de Google Form denominado Instrumento social para PGM-24, a trav\u00e9s del cual, los ciudadanos del municipio pudieron identificar situaciones problem\u00e1ticas y priorizar las l\u00edneas estrat\u00e9gicas del Plan 24, as\u00ed como plantear acciones concretas que se considerar\u00e1n en la integraci\u00f3n del Programa. Adem\u00e1s del Formato Google Form, durante esta primera fase, como una estrategia para que un mayor n\u00famero de ciudadanos pudieran participar en el proceso, a trav\u00e9s de la Direcci\u00f3n de Desarrollo Rural, se llevaron a cabo reuniones con comunidades del municipio, cuyo objetivo fue escuchar las necesidades de la poblaci\u00f3n de la zona rural.<\/h6><h6 style=\"text-align: justify;\">Con la finalidad de conocer la percepci\u00f3n de la sociedad civil organizada sobre las problem\u00e1ticas presentes en el territorio municipal, y las posibles acciones para solucionarlas el 19 de noviembre de 2021 se realiz\u00f3 el FORO SOCIAL PGM 2024 con el apoyo del Instituto Nacional Dem\u00f3crata (NDI por sus siglas en ingles). Para llevar a cabo el trabajo coordinado en materia de gobierno abierto, el NDI y el Municipio de Guanajuato celebraron la firma de un convenio de colaboraci\u00f3n que permita fortalecer democr\u00e1ticamente el proceso de participaci\u00f3n ciudadana y social para la elaboraci\u00f3n del PGM 21-24.<\/h6>\t\t\t\t\t\t\t\t<\/div>\n\t\t\t\t<\/div>\n\t\t\t\t\t<\/div>\n\t\t<\/div>\n\t\t\t\t\t<\/div>\n\t\t<\/section>\n\t\t\t\t<section class=\"elementor-section elementor-top-section elementor-element elementor-element-cd9f820 elementor-section-boxed elementor-section-height-default elementor-section-height-default\" data-id=\"cd9f820\" data-element_type=\"section\" data-e-type=\"section\">\n\t\t\t\t\t\t<div class=\"elementor-container elementor-column-gap-default\">\n\t\t\t\t\t<div class=\"elementor-column elementor-col-100 elementor-top-column elementor-element elementor-element-9d3dd51\" data-id=\"9d3dd51\" data-element_type=\"column\" data-e-type=\"column\">\n\t\t\t<div class=\"elementor-widget-wrap elementor-element-populated\">\n\t\t\t\t\t\t<div class=\"elementor-element elementor-element-cef635c elementor-widget elementor-widget-html\" data-id=\"cef635c\" data-element_type=\"widget\" data-e-type=\"widget\" data-widget_type=\"html.default\">\n\t\t\t\t<div class=\"elementor-widget-container\">\n\t\t\t\t\t<div id=\"footable_parent_6979\"\n         class=\" footable_parent ninja_table_wrapper loading_ninja_table wp_table_data_press_parent semantic_ui \">\n                <table data-ninja_table_instance=\"ninja_table_instance_0\" data-footable_id=\"6979\" data-filter-delay=\"1000\" aria-label=\"PGM21-24 Participaci\u00f3n\"            id=\"footable_6979\"\n           data-unique_identifier=\"ninja_table_unique_id_3922280887_6979\"\n           class=\" foo-table ninja_footable foo_table_6979 ninja_table_unique_id_3922280887_6979 ui table  nt_type_ajax_table selectable celled striped vertical_centered  footable-paging-right ninja_table_search_disabled ninja_table_pro\">\n                <colgroup>\n                            <col class=\"ninja_column_0 \">\n                            <col class=\"ninja_column_1 \">\n                            <col class=\"ninja_column_2 \">\n                    <\/colgroup>\n            <\/table>\n    \n    \n    \n<\/div>\n\t\t\t\t<\/div>\n\t\t\t\t<\/div>\n\t\t\t\t\t<\/div>\n\t\t<\/div>\n\t\t\t\t\t<\/div>\n\t\t<\/section>\n\t\t\t\t<section class=\"elementor-section elementor-top-section elementor-element elementor-element-1dfe14e elementor-section-boxed elementor-section-height-default elementor-section-height-default\" data-id=\"1dfe14e\" data-element_type=\"section\" data-e-type=\"section\">\n\t\t\t\t\t\t<div class=\"elementor-container elementor-column-gap-default\">\n\t\t\t\t\t<div class=\"elementor-column elementor-col-100 elementor-top-column elementor-element elementor-element-cffaf66\" data-id=\"cffaf66\" data-element_type=\"column\" data-e-type=\"column\">\n\t\t\t<div class=\"elementor-widget-wrap elementor-element-populated\">\n\t\t\t\t\t\t<div class=\"elementor-element elementor-element-25d9475 elementor-widget elementor-widget-spacer\" data-id=\"25d9475\" data-element_type=\"widget\" data-e-type=\"widget\" data-widget_type=\"spacer.default\">\n\t\t\t\t<div class=\"elementor-widget-container\">\n\t\t\t\t\t\t\t<div class=\"elementor-spacer\">\n\t\t\t<div class=\"elementor-spacer-inner\"><\/div>\n\t\t<\/div>\n\t\t\t\t\t\t<\/div>\n\t\t\t\t<\/div>\n\t\t\t\t<div class=\"elementor-element elementor-element-600a7da elementor-widget elementor-widget-heading\" data-id=\"600a7da\" data-element_type=\"widget\" data-e-type=\"widget\" data-widget_type=\"heading.default\">\n\t\t\t\t<div class=\"elementor-widget-container\">\n\t\t\t\t\t<h2 class=\"elementor-heading-title elementor-size-default\">FORO SOCIAL PGM 2024<\/h2>\t\t\t\t<\/div>\n\t\t\t\t<\/div>\n\t\t\t\t<div class=\"elementor-element elementor-element-2b20717 elementor-widget elementor-widget-text-editor\" data-id=\"2b20717\" data-element_type=\"widget\" data-e-type=\"widget\" data-widget_type=\"text-editor.default\">\n\t\t\t\t<div class=\"elementor-widget-container\">\n\t\t\t\t\t\t\t\t\t<p style=\"text-align: right;\">19 de noviembre de 2021<\/p>\t\t\t\t\t\t\t\t<\/div>\n\t\t\t\t<\/div>\n\t\t\t\t<div class=\"elementor-element elementor-element-1cd8c49 elementor-arrows-position-inside elementor-pagination-position-outside elementor-widget elementor-widget-image-carousel\" data-id=\"1cd8c49\" data-element_type=\"widget\" data-e-type=\"widget\" data-settings=\"{&quot;image_spacing_custom&quot;:{&quot;unit&quot;:&quot;px&quot;,&quot;size&quot;:10,&quot;sizes&quot;:[]},&quot;slides_to_show&quot;:&quot;2&quot;,&quot;navigation&quot;:&quot;both&quot;,&quot;autoplay&quot;:&quot;yes&quot;,&quot;pause_on_hover&quot;:&quot;yes&quot;,&quot;pause_on_interaction&quot;:&quot;yes&quot;,&quot;autoplay_speed&quot;:5000,&quot;infinite&quot;:&quot;yes&quot;,&quot;speed&quot;:500,&quot;image_spacing_custom_tablet&quot;:{&quot;unit&quot;:&quot;px&quot;,&quot;size&quot;:&quot;&quot;,&quot;sizes&quot;:[]},&quot;image_spacing_custom_mobile&quot;:{&quot;unit&quot;:&quot;px&quot;,&quot;size&quot;:&quot;&quot;,&quot;sizes&quot;:[]}}\" data-widget_type=\"image-carousel.default\">\n\t\t\t\t<div class=\"elementor-widget-container\">\n\t\t\t\t\t\t\t<div class=\"elementor-image-carousel-wrapper swiper\" role=\"region\" aria-roledescription=\"carousel\" aria-label=\"Carrusel de Im\u00e1genes\" dir=\"ltr\">\n\t\t\t<div class=\"elementor-image-carousel swiper-wrapper\" aria-live=\"off\">\n\t\t\t\t\t\t\t\t<div class=\"swiper-slide\" role=\"group\" aria-roledescription=\"slide\" aria-label=\"1 de 7\"><figure class=\"swiper-slide-inner\"><img decoding=\"async\" class=\"swiper-slide-image\" src=\"https:\/\/www.implanguanajuato.gob.mx\/wp-content\/uploads\/2021\/11\/WhatsApp-Image-2021-11-19-at-15.40.55-768x576.jpeg\" alt=\"WhatsApp-Image-2021-11-19-at-15.40.55\" \/><\/figure><\/div><div class=\"swiper-slide\" role=\"group\" aria-roledescription=\"slide\" aria-label=\"2 de 7\"><figure class=\"swiper-slide-inner\"><img decoding=\"async\" class=\"swiper-slide-image\" src=\"https:\/\/www.implanguanajuato.gob.mx\/wp-content\/uploads\/2021\/11\/WhatsApp-Image-2021-11-19-at-15.42.01-768x576.jpeg\" alt=\"WhatsApp-Image-2021-11-19-at-15.42.01\" \/><\/figure><\/div><div class=\"swiper-slide\" role=\"group\" aria-roledescription=\"slide\" aria-label=\"3 de 7\"><figure class=\"swiper-slide-inner\"><img decoding=\"async\" class=\"swiper-slide-image\" src=\"https:\/\/www.implanguanajuato.gob.mx\/wp-content\/uploads\/2021\/11\/WhatsApp-Image-2021-11-19-at-15.42.03-768x576.jpeg\" alt=\"WhatsApp-Image-2021-11-19-at-15.42.03\" \/><\/figure><\/div><div class=\"swiper-slide\" role=\"group\" aria-roledescription=\"slide\" aria-label=\"4 de 7\"><figure class=\"swiper-slide-inner\"><img decoding=\"async\" class=\"swiper-slide-image\" src=\"https:\/\/www.implanguanajuato.gob.mx\/wp-content\/uploads\/2021\/11\/WhatsApp-Image-2021-11-19-at-15.43.56-768x576.jpeg\" alt=\"WhatsApp-Image-2021-11-19-at-15.43.56\" \/><\/figure><\/div><div class=\"swiper-slide\" role=\"group\" aria-roledescription=\"slide\" aria-label=\"5 de 7\"><figure class=\"swiper-slide-inner\"><img decoding=\"async\" class=\"swiper-slide-image\" src=\"https:\/\/www.implanguanajuato.gob.mx\/wp-content\/uploads\/2021\/11\/WhatsApp-Image-2021-11-19-at-15.43.481-768x576.jpeg\" alt=\"WhatsApp-Image-2021-11-19-at-15.43.481\" \/><\/figure><\/div><div class=\"swiper-slide\" role=\"group\" aria-roledescription=\"slide\" aria-label=\"6 de 7\"><figure class=\"swiper-slide-inner\"><img decoding=\"async\" class=\"swiper-slide-image\" src=\"https:\/\/www.implanguanajuato.gob.mx\/wp-content\/uploads\/2021\/11\/WhatsApp-Image-2021-11-19-at-15.43.48-768x576.jpeg\" alt=\"WhatsApp-Image-2021-11-19-at-15.43.48\" \/><\/figure><\/div><div class=\"swiper-slide\" role=\"group\" aria-roledescription=\"slide\" aria-label=\"7 de 7\"><figure class=\"swiper-slide-inner\"><img decoding=\"async\" class=\"swiper-slide-image\" src=\"https:\/\/www.implanguanajuato.gob.mx\/wp-content\/uploads\/2021\/11\/WhatsApp-Image-2021-11-19-at-15.42.07-768x576.jpeg\" alt=\"WhatsApp-Image-2021-11-19-at-15.42.07\" \/><\/figure><\/div>\t\t\t<\/div>\n\t\t\t\t\t\t\t\t\t\t\t\t<div class=\"elementor-swiper-button elementor-swiper-button-prev\" role=\"button\" tabindex=\"0\">\n\t\t\t\t\t\t<i aria-hidden=\"true\" class=\"eicon-chevron-left\"><\/i>\t\t\t\t\t<\/div>\n\t\t\t\t\t<div class=\"elementor-swiper-button elementor-swiper-button-next\" role=\"button\" tabindex=\"0\">\n\t\t\t\t\t\t<i aria-hidden=\"true\" class=\"eicon-chevron-right\"><\/i>\t\t\t\t\t<\/div>\n\t\t\t\t\n\t\t\t\t\t\t\t\t\t<div class=\"swiper-pagination\"><\/div>\n\t\t\t\t\t\t\t\t\t<\/div>\n\t\t\t\t\t\t<\/div>\n\t\t\t\t<\/div>\n\t\t\t\t\t<\/div>\n\t\t<\/div>\n\t\t\t\t\t<\/div>\n\t\t<\/section>\n\t\t\t\t<section class=\"elementor-section elementor-top-section elementor-element elementor-element-4beb1f6 elementor-section-boxed elementor-section-height-default elementor-section-height-default\" data-id=\"4beb1f6\" data-element_type=\"section\" data-e-type=\"section\">\n\t\t\t\t\t\t<div class=\"elementor-container elementor-column-gap-default\">\n\t\t\t\t\t<div class=\"elementor-column elementor-col-100 elementor-top-column elementor-element elementor-element-7e2ddcb\" data-id=\"7e2ddcb\" data-element_type=\"column\" data-e-type=\"column\">\n\t\t\t<div class=\"elementor-widget-wrap elementor-element-populated\">\n\t\t\t\t\t\t<div class=\"elementor-element elementor-element-5467ef0 elementor-widget elementor-widget-spacer\" data-id=\"5467ef0\" data-element_type=\"widget\" data-e-type=\"widget\" data-widget_type=\"spacer.default\">\n\t\t\t\t<div class=\"elementor-widget-container\">\n\t\t\t\t\t\t\t<div class=\"elementor-spacer\">\n\t\t\t<div class=\"elementor-spacer-inner\"><\/div>\n\t\t<\/div>\n\t\t\t\t\t\t<\/div>\n\t\t\t\t<\/div>\n\t\t\t\t<div class=\"elementor-element elementor-element-830acac elementor-widget elementor-widget-heading\" data-id=\"830acac\" data-element_type=\"widget\" data-e-type=\"widget\" data-widget_type=\"heading.default\">\n\t\t\t\t<div class=\"elementor-widget-container\">\n\t\t\t\t\t<h2 class=\"elementor-heading-title elementor-size-default\">DI\u00c1LOGO DEMOCR\u00c1TICO <\/h2>\t\t\t\t<\/div>\n\t\t\t\t<\/div>\n\t\t\t\t<div class=\"elementor-element elementor-element-7617a4b elementor-widget elementor-widget-text-editor\" data-id=\"7617a4b\" data-element_type=\"widget\" data-e-type=\"widget\" data-widget_type=\"text-editor.default\">\n\t\t\t\t<div class=\"elementor-widget-container\">\n\t\t\t\t\t\t\t\t\t<p style=\"text-align: right;\">17, 20 y 21 de diciembre de 2021<\/p>\t\t\t\t\t\t\t\t<\/div>\n\t\t\t\t<\/div>\n\t\t\t\t<div class=\"elementor-element elementor-element-7607ad7 elementor-arrows-position-inside elementor-pagination-position-outside elementor-widget elementor-widget-image-carousel\" data-id=\"7607ad7\" data-element_type=\"widget\" data-e-type=\"widget\" data-settings=\"{&quot;image_spacing_custom&quot;:{&quot;unit&quot;:&quot;px&quot;,&quot;size&quot;:10,&quot;sizes&quot;:[]},&quot;slides_to_show&quot;:&quot;2&quot;,&quot;navigation&quot;:&quot;both&quot;,&quot;autoplay&quot;:&quot;yes&quot;,&quot;pause_on_hover&quot;:&quot;yes&quot;,&quot;pause_on_interaction&quot;:&quot;yes&quot;,&quot;autoplay_speed&quot;:5000,&quot;infinite&quot;:&quot;yes&quot;,&quot;speed&quot;:500,&quot;image_spacing_custom_tablet&quot;:{&quot;unit&quot;:&quot;px&quot;,&quot;size&quot;:&quot;&quot;,&quot;sizes&quot;:[]},&quot;image_spacing_custom_mobile&quot;:{&quot;unit&quot;:&quot;px&quot;,&quot;size&quot;:&quot;&quot;,&quot;sizes&quot;:[]}}\" data-widget_type=\"image-carousel.default\">\n\t\t\t\t<div class=\"elementor-widget-container\">\n\t\t\t\t\t\t\t<div class=\"elementor-image-carousel-wrapper swiper\" role=\"region\" aria-roledescription=\"carousel\" aria-label=\"Carrusel de Im\u00e1genes\" dir=\"ltr\">\n\t\t\t<div class=\"elementor-image-carousel swiper-wrapper swiper-image-stretch\" aria-live=\"off\">\n\t\t\t\t\t\t\t\t<div class=\"swiper-slide\" role=\"group\" aria-roledescription=\"slide\" aria-label=\"1 de 7\"><figure class=\"swiper-slide-inner\"><img decoding=\"async\" class=\"swiper-slide-image\" src=\"https:\/\/www.implanguanajuato.gob.mx\/wp-content\/uploads\/2022\/01\/WhatsApp-Image-2022-01-11-at-10.25.571-768x576.jpeg\" alt=\"WhatsApp Image 2022-01-11 at 10.25.57(1)\" \/><\/figure><\/div><div class=\"swiper-slide\" role=\"group\" aria-roledescription=\"slide\" aria-label=\"2 de 7\"><figure class=\"swiper-slide-inner\"><img decoding=\"async\" class=\"swiper-slide-image\" src=\"https:\/\/www.implanguanajuato.gob.mx\/wp-content\/uploads\/2022\/01\/WhatsApp-Image-2022-01-11-at-10.25.56-768x576.jpeg\" alt=\"WhatsApp Image 2022-01-11 at 10.25.56\" \/><\/figure><\/div><div class=\"swiper-slide\" role=\"group\" aria-roledescription=\"slide\" aria-label=\"3 de 7\"><figure class=\"swiper-slide-inner\"><img decoding=\"async\" class=\"swiper-slide-image\" src=\"https:\/\/www.implanguanajuato.gob.mx\/wp-content\/uploads\/2022\/01\/WhatsApp-Image-2022-01-11-at-10.25.553-768x576.jpeg\" alt=\"WhatsApp Image 2022-01-11 at 10.25.55(3)\" \/><\/figure><\/div><div class=\"swiper-slide\" role=\"group\" aria-roledescription=\"slide\" aria-label=\"4 de 7\"><figure class=\"swiper-slide-inner\"><img decoding=\"async\" class=\"swiper-slide-image\" src=\"https:\/\/www.implanguanajuato.gob.mx\/wp-content\/uploads\/2022\/01\/WhatsApp-Image-2022-01-11-at-10.25.552-768x576.jpeg\" alt=\"WhatsApp Image 2022-01-11 at 10.25.55(2)\" \/><\/figure><\/div><div class=\"swiper-slide\" role=\"group\" aria-roledescription=\"slide\" aria-label=\"5 de 7\"><figure class=\"swiper-slide-inner\"><img decoding=\"async\" class=\"swiper-slide-image\" src=\"https:\/\/www.implanguanajuato.gob.mx\/wp-content\/uploads\/2022\/01\/WhatsApp-Image-2022-01-11-at-10.25.55-768x576.jpeg\" alt=\"WhatsApp Image 2022-01-11 at 10.25.55\" \/><\/figure><\/div><div class=\"swiper-slide\" role=\"group\" aria-roledescription=\"slide\" aria-label=\"6 de 7\"><figure class=\"swiper-slide-inner\"><img decoding=\"async\" class=\"swiper-slide-image\" src=\"https:\/\/www.implanguanajuato.gob.mx\/wp-content\/uploads\/2022\/01\/WhatsApp-Image-2022-01-11-at-10.25.533-768x576.jpeg\" alt=\"WhatsApp Image 2022-01-11 at 10.25.53(3)\" \/><\/figure><\/div><div class=\"swiper-slide\" role=\"group\" aria-roledescription=\"slide\" aria-label=\"7 de 7\"><figure class=\"swiper-slide-inner\"><img decoding=\"async\" class=\"swiper-slide-image\" src=\"https:\/\/www.implanguanajuato.gob.mx\/wp-content\/uploads\/2022\/01\/WhatsApp-Image-2022-01-11-at-10.25.53-768x576.jpeg\" alt=\"WhatsApp Image 2022-01-11 at 10.25.53\" \/><\/figure><\/div>\t\t\t<\/div>\n\t\t\t\t\t\t\t\t\t\t\t\t<div class=\"elementor-swiper-button elementor-swiper-button-prev\" role=\"button\" tabindex=\"0\">\n\t\t\t\t\t\t<i aria-hidden=\"true\" class=\"eicon-chevron-left\"><\/i>\t\t\t\t\t<\/div>\n\t\t\t\t\t<div class=\"elementor-swiper-button elementor-swiper-button-next\" role=\"button\" tabindex=\"0\">\n\t\t\t\t\t\t<i aria-hidden=\"true\" class=\"eicon-chevron-right\"><\/i>\t\t\t\t\t<\/div>\n\t\t\t\t\n\t\t\t\t\t\t\t\t\t<div class=\"swiper-pagination\"><\/div>\n\t\t\t\t\t\t\t\t\t<\/div>\n\t\t\t\t\t\t<\/div>\n\t\t\t\t<\/div>\n\t\t\t\t\t<\/div>\n\t\t<\/div>\n\t\t\t\t\t<\/div>\n\t\t<\/section>\n\t\t\t\t<\/div>\n\t\t","protected":false},"excerpt":{"rendered":"<p>Posterior a la aprobaci\u00f3n de las bases, a partir del 1 de noviembre de 2021 estuvo a disposici\u00f3n de la ciudadan\u00eda en las p\u00e1ginas del Gobierno Municipal de Guanajuato y<\/p>\n<a class=\"btn_a\" href=\"https:\/\/www.implanguanajuato.gob.mx\/?page_id=6711\"><span><i class=\"in_left fa fa-angle-right\"><\/i><span>Details<\/span><i class=\"in_right fa fa-angle-right\"><\/i><\/span><\/a>","protected":false},"author":4,"featured_media":0,"parent":0,"menu_order":0,"comment_status":"closed","ping_status":"closed","template":"","meta":{"ngg_post_thumbnail":0,"footnotes":""},"class_list":["post-6711","page","type-page","status-publish","hentry"],"_links":{"self":[{"href":"https:\/\/www.implanguanajuato.gob.mx\/index.php?rest_route=\/wp\/v2\/pages\/6711","targetHints":{"allow":["GET"]}}],"collection":[{"href":"https:\/\/www.implanguanajuato.gob.mx\/index.php?rest_route=\/wp\/v2\/pages"}],"about":[{"href":"https:\/\/www.implanguanajuato.gob.mx\/index.php?rest_route=\/wp\/v2\/types\/page"}],"author":[{"embeddable":true,"href":"https:\/\/www.implanguanajuato.gob.mx\/index.php?rest_route=\/wp\/v2\/users\/4"}],"replies":[{"embeddable":true,"href":"https:\/\/www.implanguanajuato.gob.mx\/index.php?rest_route=%2Fwp%2Fv2%2Fcomments&post=6711"}],"version-history":[{"count":18,"href":"https:\/\/www.implanguanajuato.gob.mx\/index.php?rest_route=\/wp\/v2\/pages\/6711\/revisions"}],"predecessor-version":[{"id":7387,"href":"https:\/\/www.implanguanajuato.gob.mx\/index.php?rest_route=\/wp\/v2\/pages\/6711\/revisions\/7387"}],"wp:attachment":[{"href":"https:\/\/www.implanguanajuato.gob.mx\/index.php?rest_route=%2Fwp%2Fv2%2Fmedia&parent=6711"}],"curies":[{"name":"wp","href":"https:\/\/api.w.org\/{rel}","templated":true}]}}