{"id":7812,"date":"2022-03-28T12:59:20","date_gmt":"2022-03-28T18:59:20","guid":{"rendered":"http:\/\/www.implangto.gob.mx\/?page_id=7812"},"modified":"2024-10-10T14:57:38","modified_gmt":"2024-10-10T20:57:38","slug":"pmduoet-guanajuato-2050","status":"publish","type":"page","link":"https:\/\/www.implanguanajuato.gob.mx\/?page_id=7812","title":{"rendered":"PROCESO ADMINISTRATIVO"},"content":{"rendered":"\t\t<div data-elementor-type=\"wp-page\" data-elementor-id=\"7812\" class=\"elementor elementor-7812\" data-elementor-post-type=\"page\">\n\t\t\t\t\t\t<section class=\"elementor-section elementor-top-section elementor-element elementor-element-7c5f21b elementor-section-boxed elementor-section-height-default elementor-section-height-default\" data-id=\"7c5f21b\" data-element_type=\"section\" data-e-type=\"section\">\n\t\t\t\t\t\t<div class=\"elementor-container elementor-column-gap-default\">\n\t\t\t\t\t<div class=\"elementor-column elementor-col-100 elementor-top-column elementor-element elementor-element-42ef131\" data-id=\"42ef131\" data-element_type=\"column\" data-e-type=\"column\">\n\t\t\t<div class=\"elementor-widget-wrap\">\n\t\t\t\t\t\t\t<\/div>\n\t\t<\/div>\n\t\t\t\t\t<\/div>\n\t\t<\/section>\n\t\t\t\t<section class=\"elementor-section elementor-top-section elementor-element elementor-element-4ace2d9 elementor-section-boxed elementor-section-height-default elementor-section-height-default\" data-id=\"4ace2d9\" data-element_type=\"section\" data-e-type=\"section\">\n\t\t\t\t\t\t<div class=\"elementor-container elementor-column-gap-default\">\n\t\t\t\t\t<div class=\"elementor-column elementor-col-100 elementor-top-column elementor-element elementor-element-07e59a2\" data-id=\"07e59a2\" data-element_type=\"column\" data-e-type=\"column\">\n\t\t\t<div class=\"elementor-widget-wrap elementor-element-populated\">\n\t\t\t\t\t\t<div class=\"elementor-element elementor-element-2a17eb3 elementor-widget elementor-widget-spacer\" data-id=\"2a17eb3\" data-element_type=\"widget\" data-e-type=\"widget\" data-widget_type=\"spacer.default\">\n\t\t\t\t<div class=\"elementor-widget-container\">\n\t\t\t\t\t\t\t<div class=\"elementor-spacer\">\n\t\t\t<div class=\"elementor-spacer-inner\"><\/div>\n\t\t<\/div>\n\t\t\t\t\t\t<\/div>\n\t\t\t\t<\/div>\n\t\t\t\t<div class=\"elementor-element elementor-element-81da726 elementor-widget elementor-widget-text-editor\" data-id=\"81da726\" data-element_type=\"widget\" data-e-type=\"widget\" data-widget_type=\"text-editor.default\">\n\t\t\t\t<div class=\"elementor-widget-container\">\n\t\t\t\t\t\t\t\t\t<p class=\"MsoNormal\" style=\"text-align: center;\"><span style=\"font-size: 12pt; line-height: 107%; font-family: 'Arial', sans-serif;\">La elaboraci\u00f3n del PMDUOET responde al proceso estructurado en el art\u00edculo 58 del C\u00f3digo Territorial para el Estado y los Municipios de Guanajuato.<\/span><\/p>\t\t\t\t\t\t\t\t<\/div>\n\t\t\t\t<\/div>\n\t\t\t\t\t<\/div>\n\t\t<\/div>\n\t\t\t\t\t<\/div>\n\t\t<\/section>\n\t\t\t\t<section class=\"elementor-section elementor-top-section elementor-element elementor-element-1dfb4bc elementor-section-boxed elementor-section-height-default elementor-section-height-default\" data-id=\"1dfb4bc\" data-element_type=\"section\" data-e-type=\"section\">\n\t\t\t\t\t\t<div class=\"elementor-container elementor-column-gap-default\">\n\t\t\t\t\t<div class=\"elementor-column elementor-col-100 elementor-top-column elementor-element elementor-element-249c2b7\" data-id=\"249c2b7\" data-element_type=\"column\" data-e-type=\"column\">\n\t\t\t<div class=\"elementor-widget-wrap elementor-element-populated\">\n\t\t\t\t\t\t<div class=\"elementor-element elementor-element-b60de45 elementor-widget elementor-widget-image\" data-id=\"b60de45\" data-element_type=\"widget\" data-e-type=\"widget\" data-widget_type=\"image.default\">\n\t\t\t\t<div class=\"elementor-widget-container\">\n\t\t\t\t\t\t\t\t\t\t\t\t\t\t\t<img fetchpriority=\"high\" decoding=\"async\" width=\"835\" height=\"281\" src=\"https:\/\/www.implanguanajuato.gob.mx\/wp-content\/uploads\/2024\/10\/Banner-consulta-nueva-admin-sin-click-1024x345.jpg\" class=\"attachment-large size-large wp-image-13095\" alt=\"\" srcset=\"https:\/\/www.implanguanajuato.gob.mx\/wp-content\/uploads\/2024\/10\/Banner-consulta-nueva-admin-sin-click-1024x345.jpg 1024w, https:\/\/www.implanguanajuato.gob.mx\/wp-content\/uploads\/2024\/10\/Banner-consulta-nueva-admin-sin-click-300x101.jpg 300w, https:\/\/www.implanguanajuato.gob.mx\/wp-content\/uploads\/2024\/10\/Banner-consulta-nueva-admin-sin-click-768x258.jpg 768w, https:\/\/www.implanguanajuato.gob.mx\/wp-content\/uploads\/2024\/10\/Banner-consulta-nueva-admin-sin-click-1536x517.jpg 1536w, https:\/\/www.implanguanajuato.gob.mx\/wp-content\/uploads\/2024\/10\/Banner-consulta-nueva-admin-sin-click-2048x689.jpg 2048w\" sizes=\"(max-width: 835px) 100vw, 835px\" \/>\t\t\t\t\t\t\t\t\t\t\t\t\t\t\t<\/div>\n\t\t\t\t<\/div>\n\t\t\t\t<div class=\"elementor-element elementor-element-3d4f3b5 elementor-widget elementor-widget-image\" data-id=\"3d4f3b5\" data-element_type=\"widget\" data-e-type=\"widget\" data-widget_type=\"image.default\">\n\t\t\t\t<div class=\"elementor-widget-container\">\n\t\t\t\t\t\t\t\t\t\t\t\t\t\t\t<img decoding=\"async\" width=\"835\" height=\"500\" src=\"https:\/\/www.implanguanajuato.gob.mx\/wp-content\/uploads\/2022\/03\/PADMON-PMDUOET-58-1024x613.jpg\" class=\"attachment-large size-large wp-image-7821\" alt=\"\" srcset=\"https:\/\/www.implanguanajuato.gob.mx\/wp-content\/uploads\/2022\/03\/PADMON-PMDUOET-58-1024x613.jpg 1024w, https:\/\/www.implanguanajuato.gob.mx\/wp-content\/uploads\/2022\/03\/PADMON-PMDUOET-58-300x180.jpg 300w, https:\/\/www.implanguanajuato.gob.mx\/wp-content\/uploads\/2022\/03\/PADMON-PMDUOET-58-768x460.jpg 768w, https:\/\/www.implanguanajuato.gob.mx\/wp-content\/uploads\/2022\/03\/PADMON-PMDUOET-58.jpg 1189w\" sizes=\"(max-width: 835px) 100vw, 835px\" \/>\t\t\t\t\t\t\t\t\t\t\t\t\t\t\t<\/div>\n\t\t\t\t<\/div>\n\t\t\t\t\t<\/div>\n\t\t<\/div>\n\t\t\t\t\t<\/div>\n\t\t<\/section>\n\t\t\t\t<section class=\"elementor-section elementor-top-section elementor-element elementor-element-9a8c8d1 elementor-section-boxed elementor-section-height-default elementor-section-height-default\" data-id=\"9a8c8d1\" data-element_type=\"section\" data-e-type=\"section\">\n\t\t\t\t\t\t<div class=\"elementor-container elementor-column-gap-default\">\n\t\t\t\t\t<div class=\"elementor-column elementor-col-100 elementor-top-column elementor-element elementor-element-ab7815f\" data-id=\"ab7815f\" data-element_type=\"column\" data-e-type=\"column\">\n\t\t\t<div class=\"elementor-widget-wrap elementor-element-populated\">\n\t\t\t\t\t\t<div class=\"elementor-element elementor-element-90abccc elementor-widget elementor-widget-spacer\" data-id=\"90abccc\" data-element_type=\"widget\" data-e-type=\"widget\" data-widget_type=\"spacer.default\">\n\t\t\t\t<div class=\"elementor-widget-container\">\n\t\t\t\t\t\t\t<div class=\"elementor-spacer\">\n\t\t\t<div class=\"elementor-spacer-inner\"><\/div>\n\t\t<\/div>\n\t\t\t\t\t\t<\/div>\n\t\t\t\t<\/div>\n\t\t\t\t\t<\/div>\n\t\t<\/div>\n\t\t\t\t\t<\/div>\n\t\t<\/section>\n\t\t\t\t<section class=\"elementor-section elementor-top-section elementor-element elementor-element-87f1c47 elementor-section-boxed elementor-section-height-default elementor-section-height-default\" data-id=\"87f1c47\" data-element_type=\"section\" data-e-type=\"section\">\n\t\t\t\t\t\t<div class=\"elementor-container elementor-column-gap-default\">\n\t\t\t\t\t<div class=\"elementor-column elementor-col-100 elementor-top-column elementor-element elementor-element-b237a17\" data-id=\"b237a17\" data-element_type=\"column\" data-e-type=\"column\">\n\t\t\t<div class=\"elementor-widget-wrap elementor-element-populated\">\n\t\t\t\t\t\t<div class=\"elementor-element elementor-element-2818de7 elementor-widget elementor-widget-html\" data-id=\"2818de7\" data-element_type=\"widget\" data-e-type=\"widget\" data-widget_type=\"html.default\">\n\t\t\t\t<div class=\"elementor-widget-container\">\n\t\t\t\t\t <div id=\"footable_parent_7835\"\n         class=\" footable_parent ninja_table_wrapper loading_ninja_table wp_table_data_press_parent semantic_ui \">\n                <table data-ninja_table_instance=\"ninja_table_instance_0\" data-footable_id=\"7835\" data-filter-delay=\"1000\" aria-label=\"PROYECTO PMDUOET 2050 tabla 1\"            id=\"footable_7835\"\n           data-unique_identifier=\"ninja_table_unique_id_1657202650_7835\"\n           class=\" foo-table ninja_footable foo_table_7835 ninja_table_unique_id_1657202650_7835 ui table  ninja_search_right nt_type_ajax_table selectable celled striped vertical_centered  footable-paging-right ninja_table_search_disabled ninja_table_pro\">\n                <colgroup>\n                            <col class=\"ninja_column_0 \">\n                            <col class=\"ninja_column_1 \">\n                            <col class=\"ninja_column_2 \">\n                            <col class=\"ninja_column_3 \">\n                            <col class=\"ninja_column_4 \">\n                    <\/colgroup>\n            <\/table>\n    \n    \n    \n<\/div>\n\n \t\t\t\t<\/div>\n\t\t\t\t<\/div>\n\t\t\t\t\t<\/div>\n\t\t<\/div>\n\t\t\t\t\t<\/div>\n\t\t<\/section>\n\t\t\t\t<\/div>\n\t\t","protected":false},"excerpt":{"rendered":"<p>La elaboraci\u00f3n del PMDUOET responde al proceso estructurado en el art\u00edculo 58 del C\u00f3digo Territorial para el Estado y los Municipios de Guanajuato.<\/p>\n<a class=\"btn_a\" href=\"https:\/\/www.implanguanajuato.gob.mx\/?page_id=7812\"><span><i class=\"in_left fa fa-angle-right\"><\/i><span>Details<\/span><i class=\"in_right fa fa-angle-right\"><\/i><\/span><\/a>","protected":false},"author":4,"featured_media":0,"parent":0,"menu_order":0,"comment_status":"closed","ping_status":"closed","template":"","meta":{"ngg_post_thumbnail":0,"footnotes":""},"class_list":["post-7812","page","type-page","status-publish","hentry"],"_links":{"self":[{"href":"https:\/\/www.implanguanajuato.gob.mx\/index.php?rest_route=\/wp\/v2\/pages\/7812","targetHints":{"allow":["GET"]}}],"collection":[{"href":"https:\/\/www.implanguanajuato.gob.mx\/index.php?rest_route=\/wp\/v2\/pages"}],"about":[{"href":"https:\/\/www.implanguanajuato.gob.mx\/index.php?rest_route=\/wp\/v2\/types\/page"}],"author":[{"embeddable":true,"href":"https:\/\/www.implanguanajuato.gob.mx\/index.php?rest_route=\/wp\/v2\/users\/4"}],"replies":[{"embeddable":true,"href":"https:\/\/www.implanguanajuato.gob.mx\/index.php?rest_route=%2Fwp%2Fv2%2Fcomments&post=7812"}],"version-history":[{"count":61,"href":"https:\/\/www.implanguanajuato.gob.mx\/index.php?rest_route=\/wp\/v2\/pages\/7812\/revisions"}],"predecessor-version":[{"id":13098,"href":"https:\/\/www.implanguanajuato.gob.mx\/index.php?rest_route=\/wp\/v2\/pages\/7812\/revisions\/13098"}],"wp:attachment":[{"href":"https:\/\/www.implanguanajuato.gob.mx\/index.php?rest_route=%2Fwp%2Fv2%2Fmedia&parent=7812"}],"curies":[{"name":"wp","href":"https:\/\/api.w.org\/{rel}","templated":true}]}}