{"id":8280,"date":"2022-07-19T15:23:54","date_gmt":"2022-07-19T20:23:54","guid":{"rendered":"http:\/\/www.implangto.gob.mx\/?page_id=8280"},"modified":"2024-09-25T15:24:12","modified_gmt":"2024-09-25T21:24:12","slug":"gaceta-2","status":"publish","type":"page","link":"https:\/\/www.implanguanajuato.gob.mx\/?page_id=8280","title":{"rendered":"GACETA"},"content":{"rendered":"\t\t<div data-elementor-type=\"wp-page\" data-elementor-id=\"8280\" class=\"elementor elementor-8280\" data-elementor-post-type=\"page\">\n\t\t\t\t\t\t<section class=\"elementor-section elementor-top-section elementor-element elementor-element-cbba968 elementor-section-boxed elementor-section-height-default elementor-section-height-default\" data-id=\"cbba968\" data-element_type=\"section\" data-e-type=\"section\">\n\t\t\t\t\t\t<div class=\"elementor-container elementor-column-gap-default\">\n\t\t\t\t\t<div class=\"elementor-column elementor-col-100 elementor-top-column elementor-element elementor-element-85efa4c\" data-id=\"85efa4c\" data-element_type=\"column\" data-e-type=\"column\">\n\t\t\t<div class=\"elementor-widget-wrap elementor-element-populated\">\n\t\t\t\t\t\t<div class=\"elementor-element elementor-element-b50b140 elementor-widget elementor-widget-heading\" data-id=\"b50b140\" data-element_type=\"widget\" data-e-type=\"widget\" data-widget_type=\"heading.default\">\n\t\t\t\t<div class=\"elementor-widget-container\">\n\t\t\t\t\t<h3 class=\"elementor-heading-title elementor-size-default\">GACETA <\/h3>\t\t\t\t<\/div>\n\t\t\t\t<\/div>\n\t\t\t\t<div class=\"elementor-element elementor-element-2d65b32 elementor-widget elementor-widget-spacer\" data-id=\"2d65b32\" data-element_type=\"widget\" data-e-type=\"widget\" data-widget_type=\"spacer.default\">\n\t\t\t\t<div class=\"elementor-widget-container\">\n\t\t\t\t\t\t\t<div class=\"elementor-spacer\">\n\t\t\t<div class=\"elementor-spacer-inner\"><\/div>\n\t\t<\/div>\n\t\t\t\t\t\t<\/div>\n\t\t\t\t<\/div>\n\t\t\t\t<section class=\"elementor-section elementor-inner-section elementor-element elementor-element-78dcd90 elementor-section-boxed elementor-section-height-default elementor-section-height-default\" data-id=\"78dcd90\" data-element_type=\"section\" data-e-type=\"section\">\n\t\t\t\t\t\t<div class=\"elementor-container elementor-column-gap-default\">\n\t\t\t\t\t<div class=\"elementor-column elementor-col-100 elementor-inner-column elementor-element elementor-element-00652b5\" data-id=\"00652b5\" data-element_type=\"column\" data-e-type=\"column\">\n\t\t\t<div class=\"elementor-widget-wrap elementor-element-populated\">\n\t\t\t\t\t\t<div class=\"elementor-element elementor-element-e612e2c elementor-widget elementor-widget-text-editor\" data-id=\"e612e2c\" data-element_type=\"widget\" data-e-type=\"widget\" data-widget_type=\"text-editor.default\">\n\t\t\t\t<div class=\"elementor-widget-container\">\n\t\t\t\t\t\t\t\t\t<h6 style=\"text-align: justify;\">En cumplimiento a lo establecido en el Reglamento del Instituto Municipal de Planeaci\u00f3n de Guanajuato, Gto. en sus art\u00edculos 19, 20, 21 y 22.&nbsp;<\/h6>\t\t\t\t\t\t\t\t<\/div>\n\t\t\t\t<\/div>\n\t\t\t\t<div class=\"elementor-element elementor-element-e0c164c elementor-widget elementor-widget-spacer\" data-id=\"e0c164c\" data-element_type=\"widget\" data-e-type=\"widget\" data-widget_type=\"spacer.default\">\n\t\t\t\t<div class=\"elementor-widget-container\">\n\t\t\t\t\t\t\t<div class=\"elementor-spacer\">\n\t\t\t<div class=\"elementor-spacer-inner\"><\/div>\n\t\t<\/div>\n\t\t\t\t\t\t<\/div>\n\t\t\t\t<\/div>\n\t\t\t\t\t<\/div>\n\t\t<\/div>\n\t\t\t\t\t<\/div>\n\t\t<\/section>\n\t\t\t\t<div class=\"elementor-element elementor-element-8463a6f elementor-widget elementor-widget-text-editor\" data-id=\"8463a6f\" data-element_type=\"widget\" data-e-type=\"widget\" data-widget_type=\"text-editor.default\">\n\t\t\t\t<div class=\"elementor-widget-container\">\n\t\t\t\t\t\t\t\t\t<h5>Aprobaci\u00f3n de Representantes de la Junta Directiva<\/h5><ul style=\"list-style-type: circle;\"><li><a href=\"http:\/\/www.implanguanajuato.gob.mx\/wp-content\/uploads\/2022\/07\/ACTA-12VA-SESION-ORDINARIA-AYUN.-30.04.2022.docx\">Acta de Sesi\u00f3n de Ayuntamiento<\/a><\/li><li><a href=\"http:\/\/www.implanguanajuato.gob.mx\/wp-content\/uploads\/2022\/07\/ACTA-DE-INSTALACION-DEL-CC-2022-20.06.2-T-1.pdf\">Acta del Consejo Consultivo del IMPLAN<\/a><\/li><\/ul><h5>4ta Sesi\u00f3n Ordinaria<\/h5><ul style=\"list-style-type: circle;\"><li><a href=\"http:\/\/www.implanguanajuato.gob.mx\/wp-content\/uploads\/2022\/06\/Presentacion-4a-ordinaria-2022-JD.pdf\">Presentaci\u00f3n<\/a><\/li><li>Acta<\/li><\/ul><h5>5ta Sesi\u00f3n Ordinaria<\/h5><ul style=\"list-style-type: circle;\"><li><a href=\"http:\/\/www.implanguanajuato.gob.mx\/wp-content\/uploads\/2022\/07\/5TA-SESION-ORDINARIA-JD-28.07.2022.pdf\">Presentaci\u00f3n<\/a><\/li><li><a href=\"http:\/\/www.implanguanajuato.gob.mx\/wp-content\/uploads\/2022\/07\/Anexo-5.A-Edo.-que-guarda-la-admon.-IMPLAN-28.07.2022.pdf\">Anexo 5.A Estado que guarda la administraci\u00f3n<\/a><\/li><li><a href=\"http:\/\/www.implanguanajuato.gob.mx\/wp-content\/uploads\/2022\/07\/Anexo-5.B-Reporte-anual-de-actividades-IMPLAN-28.07.2022.pdf\">Anexo 5.B Reporte Anual de Actividades<\/a><\/li><li><a href=\"http:\/\/www.implanguanajuato.gob.mx\/wp-content\/uploads\/2022\/09\/ACTA-5TA-SESIO\u0301N-ORDINARIA-JD-28.07.2022.pdf\">Acta<\/a><\/li><\/ul><h5>6ta Sesi\u00f3n Ordinaria<\/h5><ul style=\"list-style-type: circle;\"><li><a href=\"http:\/\/www.implanguanajuato.gob.mx\/wp-content\/uploads\/2022\/08\/6TA-SESION-ORDINARIA-JD-25082022.pptx\">Presentaci\u00f3n<\/a><\/li><li><a href=\"http:\/\/www.implanguanajuato.gob.mx\/wp-content\/uploads\/2022\/10\/6TA-SESION-ORDINARIA-JD-25.08.2022-T.pdf\">Acta<\/a><\/li><\/ul><h5>8va Sesi\u00f3n Ordinaria<\/h5><ul style=\"list-style-type: circle;\"><li><a href=\"https:\/\/www.implanguanajuato.gob.mx\/wp-content\/uploads\/2023\/08\/8VA-SESION-ORDINARIA-JD-31.08.2023.pdf\">Presentaci\u00f3n<\/a><\/li><li><a href=\"https:\/\/www.implanguanajuato.gob.mx\/wp-content\/uploads\/2023\/08\/REPORTE-ANUAL-DE-ACTIVIDADES-CORDINACION-ADMINISTRATIVA-IMPLAN.pdf\">Anexo 8A. Reporte Anual de Actividades (Coordinaci\u00f3n Administrativa)<\/a><\/li><li><a href=\"https:\/\/www.implanguanajuato.gob.mx\/wp-content\/uploads\/2023\/08\/TDR-EA-PMD-2040.-VERSION-1.0.pdf\">Anexo 8B. T\u00e9rminos de Referencia para la Evaluaci\u00f3n y Actualizaci\u00f3n del Plan Municipal de Desarrollo GTO 2040<\/a><\/li><\/ul><div><h5>9na Sesi\u00f3n Ordinaria<\/h5><ul><li><a href=\"https:\/\/www.implanguanajuato.gob.mx\/wp-content\/uploads\/2024\/09\/9NA-SESION-ORDINARIA-JD-2024-25.09.2024.pdf\" target=\"_blank\" rel=\"noopener\">Presentaci\u00f3n<\/a><\/li><\/ul><\/div>\t\t\t\t\t\t\t\t<\/div>\n\t\t\t\t<\/div>\n\t\t\t\t<div class=\"elementor-element elementor-element-9b86d4b elementor-widget-divider--view-line elementor-widget elementor-widget-divider\" data-id=\"9b86d4b\" data-element_type=\"widget\" data-e-type=\"widget\" data-widget_type=\"divider.default\">\n\t\t\t\t<div class=\"elementor-widget-container\">\n\t\t\t\t\t\t\t<div class=\"elementor-divider\">\n\t\t\t<span class=\"elementor-divider-separator\">\n\t\t\t\t\t\t<\/span>\n\t\t<\/div>\n\t\t\t\t\t\t<\/div>\n\t\t\t\t<\/div>\n\t\t\t\t\t<\/div>\n\t\t<\/div>\n\t\t\t\t\t<\/div>\n\t\t<\/section>\n\t\t\t\t<section class=\"elementor-section elementor-top-section elementor-element elementor-element-18b7afc elementor-section-boxed elementor-section-height-default elementor-section-height-default\" data-id=\"18b7afc\" data-element_type=\"section\" data-e-type=\"section\">\n\t\t\t\t\t\t<div class=\"elementor-container elementor-column-gap-default\">\n\t\t\t\t\t<div class=\"elementor-column elementor-col-100 elementor-top-column elementor-element elementor-element-87cef50\" data-id=\"87cef50\" data-element_type=\"column\" data-e-type=\"column\">\n\t\t\t<div class=\"elementor-widget-wrap elementor-element-populated\">\n\t\t\t\t\t\t<div class=\"elementor-element elementor-element-16cd6b1 elementor-widget elementor-widget-wp-widget-tribe-widget-events-list\" data-id=\"16cd6b1\" data-element_type=\"widget\" data-e-type=\"widget\" data-widget_type=\"wp-widget-tribe-widget-events-list.default\">\n\t\t\t\t<div class=\"elementor-widget-container\">\n\t\t\t\t\t<div  class=\"tribe-compatibility-container\" >\n\t<div\n\t\t class=\"tribe-common tribe-events tribe-events-view tribe-events-view--widget-events-list tribe-events-widget\" \t\tdata-js=\"tribe-events-view\"\n\t\tdata-view-rest-url=\"https:\/\/www.implanguanajuato.gob.mx\/index.php?rest_route=\/tribe\/views\/v2\/html\"\n\t\tdata-view-manage-url=\"1\"\n\t\t\t\t\t\t\tdata-view-breakpoint-pointer=\"56b4eeda-f6dd-4339-bd69-d88fe0ddc395\"\n\t\t\t>\n\t\t<div class=\"tribe-events-widget-events-list\">\n\n\t\t\t\n\t\t\t<script data-js=\"tribe-events-view-data\" type=\"application\/json\">\n\t{\"slug\":\"widget-events-list\",\"prev_url\":\"\",\"next_url\":\"\",\"view_class\":\"Tribe\\\\Events\\\\Views\\\\V2\\\\Views\\\\Widgets\\\\Widget_List_View\",\"view_slug\":\"widget-events-list\",\"view_label\":\"View\",\"view\":null,\"should_manage_url\":true,\"id\":null,\"alias-slugs\":null,\"title\":\"Pr\\u00f3ximos Eventos \\u2013 INSTITUTO MUNICIPAL DE PLANEACI\\u00d3N\",\"limit\":\"5\",\"no_upcoming_events\":false,\"featured_events_only\":false,\"jsonld_enable\":true,\"tribe_is_list_widget\":false,\"admin_fields\":{\"title\":{\"label\":\"T\\u00edtulo:\",\"type\":\"text\",\"parent_classes\":\"\",\"classes\":\"\",\"dependency\":\"\",\"id\":\"widget-tribe-widget-events-list-REPLACE_TO_ID-title\",\"name\":\"widget-tribe-widget-events-list[REPLACE_TO_ID][title]\",\"options\":[],\"placeholder\":\"\",\"value\":null},\"limit\":{\"label\":\"Mostrar:\",\"type\":\"number\",\"default\":5,\"min\":1,\"max\":10,\"step\":1,\"parent_classes\":\"\",\"classes\":\"\",\"dependency\":\"\",\"id\":\"widget-tribe-widget-events-list-REPLACE_TO_ID-limit\",\"name\":\"widget-tribe-widget-events-list[REPLACE_TO_ID][limit]\",\"options\":[],\"placeholder\":\"\",\"value\":null},\"no_upcoming_events\":{\"label\":\"Ocultar este widget si no hay pr\\u00f3ximos eventos.\",\"type\":\"checkbox\",\"parent_classes\":\"\",\"classes\":\"\",\"dependency\":\"\",\"id\":\"widget-tribe-widget-events-list-REPLACE_TO_ID-no_upcoming_events\",\"name\":\"widget-tribe-widget-events-list[REPLACE_TO_ID][no_upcoming_events]\",\"options\":[],\"placeholder\":\"\",\"value\":null},\"featured_events_only\":{\"label\":\"Limitar a solo eventos destacados\",\"type\":\"checkbox\",\"parent_classes\":\"\",\"classes\":\"\",\"dependency\":\"\",\"id\":\"widget-tribe-widget-events-list-REPLACE_TO_ID-featured_events_only\",\"name\":\"widget-tribe-widget-events-list[REPLACE_TO_ID][featured_events_only]\",\"options\":[],\"placeholder\":\"\",\"value\":null},\"jsonld_enable\":{\"label\":\"Generar datos JSON-LD\",\"type\":\"checkbox\",\"parent_classes\":\"\",\"classes\":\"\",\"dependency\":\"\",\"id\":\"widget-tribe-widget-events-list-REPLACE_TO_ID-jsonld_enable\",\"name\":\"widget-tribe-widget-events-list[REPLACE_TO_ID][jsonld_enable]\",\"options\":[],\"placeholder\":\"\",\"value\":null}},\"events\":[],\"url\":\"https:\\\/\\\/www.implanguanajuato.gob.mx\\\/?post_type=tribe_events&eventDisplay=widget-events-list\",\"url_event_date\":false,\"bar\":{\"keyword\":\"\",\"date\":\"\"},\"today\":\"2026-04-30 00:00:00\",\"now\":\"2026-04-30 01:03:15\",\"home_url\":\"https:\\\/\\\/www.implanguanajuato.gob.mx\",\"rest_url\":\"https:\\\/\\\/www.implanguanajuato.gob.mx\\\/index.php?rest_route=\\\/tribe\\\/views\\\/v2\\\/html\",\"rest_method\":\"GET\",\"rest_nonce\":\"\",\"today_url\":\"https:\\\/\\\/www.implanguanajuato.gob.mx\\\/?post_type=tribe_events&eventDisplay=widget-events-list\",\"today_title\":\"Click to select today's date\",\"today_label\":\"Hoy\",\"prev_label\":\"\",\"next_label\":\"\",\"date_formats\":{\"compact\":\"d\\\/m\\\/Y\",\"month_and_year_compact\":\"m\\\/Y\",\"month_and_year\":\"F Y\",\"time_range_separator\":\" - \",\"date_time_separator\":\"\\\/\"},\"messages\":{\"notice\":[\"No hay ning\\u00fan eventos pr\\u00f3ximo.\"]},\"start_of_week\":\"1\",\"header_title\":\"\",\"header_title_element\":\"h1\",\"content_title\":\"\",\"show_content_title\":false,\"breadcrumbs\":[],\"backlink\":false,\"before_events\":\"\",\"after_events\":\"\\n<!--\\nThis calendar is powered by The Events Calendar.\\nhttp:\\\/\\\/evnt.is\\\/18wn\\n-->\\n\",\"display_events_bar\":false,\"disable_event_search\":false,\"live_refresh\":true,\"ical\":{\"display_link\":true,\"link\":{\"url\":\"https:\\\/\\\/www.implanguanajuato.gob.mx\\\/?post_type=tribe_events&#038;eventDisplay=widget-events-list&#038;ical=1\",\"text\":\"Exportar Eventos\",\"title\":\"Usa esto para compartir los datos del calendario con Google Calendar, Apple iCal y otras aplicaciones compatibles\"}},\"container_classes\":[\"tribe-common\",\"tribe-events\",\"tribe-events-view\",\"tribe-events-view--widget-events-list\",\"tribe-events-widget\"],\"container_data\":[],\"is_past\":false,\"breakpoints\":{\"xsmall\":500,\"medium\":768,\"full\":960},\"breakpoint_pointer\":\"56b4eeda-f6dd-4339-bd69-d88fe0ddc395\",\"is_initial_load\":false,\"public_views\":{\"list\":{\"view_class\":\"Tribe\\\\Events\\\\Views\\\\V2\\\\Views\\\\List_View\",\"view_url\":\"https:\\\/\\\/www.implanguanajuato.gob.mx\\\/?post_type=tribe_events&eventDisplay=list\",\"view_label\":\"Lista\",\"aria_label\":\"Display Eventos in Lista View\"},\"month\":{\"view_class\":\"Tribe\\\\Events\\\\Views\\\\V2\\\\Views\\\\Month_View\",\"view_url\":\"https:\\\/\\\/www.implanguanajuato.gob.mx\\\/?post_type=tribe_events&eventDisplay=month\",\"view_label\":\"Mes\",\"aria_label\":\"Display Eventos in Mes View\"},\"day\":{\"view_class\":\"Tribe\\\\Events\\\\Views\\\\V2\\\\Views\\\\Day_View\",\"view_url\":\"https:\\\/\\\/www.implanguanajuato.gob.mx\\\/?post_type=tribe_events&eventDisplay=day\",\"view_label\":\"D\\u00eda\",\"aria_label\":\"Display Eventos in D\\u00eda View\"}},\"show_latest_past\":false,\"past\":false,\"compatibility_classes\":[\"tribe-compatibility-container\"],\"view_more_text\":\"Ver calendario\",\"view_more_title\":\"Ver m\\u00e1s eventos.\",\"view_more_link\":\"https:\\\/\\\/www.implanguanajuato.gob.mx\",\"widget_title\":\"Pr\\u00f3ximos eventos\",\"hide_if_no_upcoming_events\":false,\"display\":[],\"subscribe_links\":{\"gcal\":{\"label\":\"Google Calendar\",\"single_label\":\"A\\u00f1adir a Google Calendar\",\"visible\":true,\"block_slug\":\"hasGoogleCalendar\"},\"ical\":{\"label\":\"iCalendar\",\"single_label\":\"Add to iCalendar\",\"visible\":true,\"block_slug\":\"hasiCal\"},\"outlook-365\":{\"label\":\"Outlook 365\",\"single_label\":\"Outlook 365\",\"visible\":true,\"block_slug\":\"hasOutlook365\"},\"outlook-live\":{\"label\":\"Outlook Live\",\"single_label\":\"Outlook Live\",\"visible\":true,\"block_slug\":\"hasOutlookLive\"},\"ics\":{\"label\":\"Export .ics file\",\"single_label\":\"Export .ics file\",\"visible\":true,\"block_slug\":null},\"outlook-ics\":{\"label\":\"Export Outlook .ics file\",\"single_label\":\"Export Outlook .ics file\",\"visible\":true,\"block_slug\":null}},\"_context\":{\"slug\":\"widget-events-list\"}}<\/script>\n\n\t\t\t\t\t\t\t<header class=\"tribe-events-widget-events-list__header\">\n\t\t\t\t\t<h2 class=\"tribe-events-widget-events-list__header-title tribe-common-h6 tribe-common-h--alt\">\n\t\t\t\t\t\tPr\u00f3ximos eventos\t\t\t\t\t<\/h2>\n\t\t\t\t<\/header>\n\t\t\t\n\t\t\t\n\t\t\t\t<div  class=\"tribe-events-header__messages tribe-events-c-messages tribe-common-b2\"  >\n\t\t\t<div class=\"tribe-events-c-messages__message tribe-events-c-messages__message--notice\" tabindex=\"0\" role=\"alert\" aria-live=\"assertive\">\n\t\t\t<svg\n\t class=\"tribe-common-c-svgicon tribe-common-c-svgicon--messages-not-found tribe-events-c-messages__message-icon-svg\" \taria-hidden=\"true\"\n\tviewBox=\"0 0 21 23\"\n\txmlns=\"http:\/\/www.w3.org\/2000\/svg\"\n>\n\t<g fill-rule=\"evenodd\">\n\t\t<path d=\"M.5 2.5h20v20H.5z\"\/>\n\t\t<path stroke-linecap=\"round\" d=\"M7.583 11.583l5.834 5.834m0-5.834l-5.834 5.834\" class=\"tribe-common-c-svgicon__svg-stroke\"\/>\n\t\t<path stroke-linecap=\"round\" d=\"M4.5.5v4m12-4v4\"\/>\n\t\t<path stroke-linecap=\"square\" d=\"M.5 7.5h20\"\/>\n\t<\/g>\n<\/svg>\n<span class=\"tribe-common-a11y-visual-hide\">\n\tNotice<\/span>\n\t\t\t\t\t\t\t<div\n\t\t\t\t\t data-key=\"0\" >\n\t\t\t\t\tNo hay ning\u00fan eventos pr\u00f3ximo.\t\t\t\t<\/div>\n\t\t\t\t\t<\/div>\n\t<\/div>\n\n\t\t\t\t\t<\/div>\n\t<\/div>\n<\/div>\n<script data-js='tribe-events-view-nonce-data' type='application\/json'>{\"tvn1\":\"35bfd55379\",\"tvn2\":\"\"}<\/script>\t\t\t\t<\/div>\n\t\t\t\t<\/div>\n\t\t\t\t<div class=\"elementor-element elementor-element-c9bbdc4 elementor-widget-divider--view-line elementor-widget elementor-widget-divider\" data-id=\"c9bbdc4\" data-element_type=\"widget\" data-e-type=\"widget\" data-widget_type=\"divider.default\">\n\t\t\t\t<div class=\"elementor-widget-container\">\n\t\t\t\t\t\t\t<div class=\"elementor-divider\">\n\t\t\t<span class=\"elementor-divider-separator\">\n\t\t\t\t\t\t<\/span>\n\t\t<\/div>\n\t\t\t\t\t\t<\/div>\n\t\t\t\t<\/div>\n\t\t\t\t<div class=\"elementor-element elementor-element-59c33d5 elementor-widget elementor-widget-spacer\" data-id=\"59c33d5\" data-element_type=\"widget\" data-e-type=\"widget\" data-widget_type=\"spacer.default\">\n\t\t\t\t<div class=\"elementor-widget-container\">\n\t\t\t\t\t\t\t<div class=\"elementor-spacer\">\n\t\t\t<div class=\"elementor-spacer-inner\"><\/div>\n\t\t<\/div>\n\t\t\t\t\t\t<\/div>\n\t\t\t\t<\/div>\n\t\t\t\t\t<\/div>\n\t\t<\/div>\n\t\t\t\t\t<\/div>\n\t\t<\/section>\n\t\t\t\t<section class=\"elementor-section elementor-top-section elementor-element elementor-element-4f9210a elementor-section-boxed elementor-section-height-default elementor-section-height-default\" data-id=\"4f9210a\" data-element_type=\"section\" data-e-type=\"section\">\n\t\t\t\t\t\t<div class=\"elementor-container elementor-column-gap-default\">\n\t\t\t\t\t<div class=\"elementor-column elementor-col-100 elementor-top-column elementor-element elementor-element-cf4b686\" data-id=\"cf4b686\" data-element_type=\"column\" data-e-type=\"column\">\n\t\t\t<div class=\"elementor-widget-wrap elementor-element-populated\">\n\t\t\t\t\t\t<div class=\"elementor-element elementor-element-baa7824 elementor-widget elementor-widget-heading\" data-id=\"baa7824\" data-element_type=\"widget\" data-e-type=\"widget\" data-widget_type=\"heading.default\">\n\t\t\t\t<div class=\"elementor-widget-container\">\n\t\t\t\t\t<h4 class=\"elementor-heading-title elementor-size-default\"><a href=\"http:\/\/www.implanguanajuato.gob.mx?post_type=tribe_events\" target=\"_blank\">CALENDARIO JUNTA DIRECTIVA<\/a><\/h4>\t\t\t\t<\/div>\n\t\t\t\t<\/div>\n\t\t\t\t<div class=\"elementor-element elementor-element-8546825 elementor-widget elementor-widget-spacer\" data-id=\"8546825\" data-element_type=\"widget\" data-e-type=\"widget\" data-widget_type=\"spacer.default\">\n\t\t\t\t<div class=\"elementor-widget-container\">\n\t\t\t\t\t\t\t<div class=\"elementor-spacer\">\n\t\t\t<div class=\"elementor-spacer-inner\"><\/div>\n\t\t<\/div>\n\t\t\t\t\t\t<\/div>\n\t\t\t\t<\/div>\n\t\t\t\t\t<\/div>\n\t\t<\/div>\n\t\t\t\t\t<\/div>\n\t\t<\/section>\n\t\t\t\t<\/div>\n\t\t","protected":false},"excerpt":{"rendered":"<p>GACETA En cumplimiento a lo establecido en el Reglamento del Instituto Municipal de Planeaci\u00f3n de Guanajuato, Gto. en sus art\u00edculos 19, 20, 21 y 22.&nbsp; Aprobaci\u00f3n de Representantes de la<\/p>\n<a class=\"btn_a\" href=\"https:\/\/www.implanguanajuato.gob.mx\/?page_id=8280\"><span><i class=\"in_left fa fa-angle-right\"><\/i><span>Details<\/span><i class=\"in_right fa fa-angle-right\"><\/i><\/span><\/a>","protected":false},"author":5,"featured_media":0,"parent":0,"menu_order":0,"comment_status":"closed","ping_status":"closed","template":"","meta":{"ngg_post_thumbnail":0,"footnotes":""},"class_list":["post-8280","page","type-page","status-publish","hentry"],"_links":{"self":[{"href":"https:\/\/www.implanguanajuato.gob.mx\/index.php?rest_route=\/wp\/v2\/pages\/8280","targetHints":{"allow":["GET"]}}],"collection":[{"href":"https:\/\/www.implanguanajuato.gob.mx\/index.php?rest_route=\/wp\/v2\/pages"}],"about":[{"href":"https:\/\/www.implanguanajuato.gob.mx\/index.php?rest_route=\/wp\/v2\/types\/page"}],"author":[{"embeddable":true,"href":"https:\/\/www.implanguanajuato.gob.mx\/index.php?rest_route=\/wp\/v2\/users\/5"}],"replies":[{"embeddable":true,"href":"https:\/\/www.implanguanajuato.gob.mx\/index.php?rest_route=%2Fwp%2Fv2%2Fcomments&post=8280"}],"version-history":[{"count":202,"href":"https:\/\/www.implanguanajuato.gob.mx\/index.php?rest_route=\/wp\/v2\/pages\/8280\/revisions"}],"predecessor-version":[{"id":13082,"href":"https:\/\/www.implanguanajuato.gob.mx\/index.php?rest_route=\/wp\/v2\/pages\/8280\/revisions\/13082"}],"wp:attachment":[{"href":"https:\/\/www.implanguanajuato.gob.mx\/index.php?rest_route=%2Fwp%2Fv2%2Fmedia&parent=8280"}],"curies":[{"name":"wp","href":"https:\/\/api.w.org\/{rel}","templated":true}]}}