{"id":8643,"date":"2022-08-04T16:22:56","date_gmt":"2022-08-04T21:22:56","guid":{"rendered":"http:\/\/www.implangto.gob.mx\/?page_id=8643"},"modified":"2022-08-05T14:15:15","modified_gmt":"2022-08-05T19:15:15","slug":"equipo-tecnico-2","status":"publish","type":"page","link":"https:\/\/www.implanguanajuato.gob.mx\/?page_id=8643","title":{"rendered":"EQUIPO T\u00c9CNICO anterior 2"},"content":{"rendered":"\t\t<div data-elementor-type=\"wp-page\" data-elementor-id=\"8643\" class=\"elementor elementor-8643\" data-elementor-post-type=\"page\">\n\t\t\t\t\t\t<section class=\"elementor-section elementor-top-section elementor-element elementor-element-fe157f1 elementor-section-boxed elementor-section-height-default elementor-section-height-default\" data-id=\"fe157f1\" data-element_type=\"section\" data-e-type=\"section\">\n\t\t\t\t\t\t<div class=\"elementor-container elementor-column-gap-default\">\n\t\t\t\t\t<div class=\"elementor-column elementor-col-100 elementor-top-column elementor-element elementor-element-f88ae83\" data-id=\"f88ae83\" data-element_type=\"column\" data-e-type=\"column\">\n\t\t\t<div class=\"elementor-widget-wrap elementor-element-populated\">\n\t\t\t\t\t\t<div class=\"elementor-element elementor-element-0e086f8 elementor-widget elementor-widget-image\" data-id=\"0e086f8\" data-element_type=\"widget\" data-e-type=\"widget\" data-widget_type=\"image.default\">\n\t\t\t\t<div class=\"elementor-widget-container\">\n\t\t\t\t\t\t\t\t\t\t\t\t\t\t\t<img decoding=\"async\" src=\"http:\/\/http:\/\/www.implanguanajuato.gob.mx\/wp-content\/uploads\/2022\/08\/equipo-tecnico.png\" title=\"\" alt=\"\" loading=\"lazy\" \/>\t\t\t\t\t\t\t\t\t\t\t\t\t\t\t<\/div>\n\t\t\t\t<\/div>\n\t\t\t\t<div class=\"elementor-element elementor-element-ce95362 elementor-widget elementor-widget-image\" data-id=\"ce95362\" data-element_type=\"widget\" data-e-type=\"widget\" data-widget_type=\"image.default\">\n\t\t\t\t<div class=\"elementor-widget-container\">\n\t\t\t\t\t\t\t\t\t\t\t\t\t\t\t<img decoding=\"async\" src=\"http:\/\/www.implanguanajuato.gob.mx\/wp-content\/uploads\/2022\/08\/equipo-tecnico.png\" title=\"\" alt=\"\" loading=\"lazy\" \/>\t\t\t\t\t\t\t\t\t\t\t\t\t\t\t<\/div>\n\t\t\t\t<\/div>\n\t\t\t\t<div class=\"elementor-element elementor-element-9f78df5 elementor-widget elementor-widget-text-editor\" data-id=\"9f78df5\" data-element_type=\"widget\" data-e-type=\"widget\" data-widget_type=\"text-editor.default\">\n\t\t\t\t<div class=\"elementor-widget-container\">\n\t\t\t\t\t\t\t\t\t<p><\/p><p style=\"text-align: justify;\">El equipo t\u00e9cnico del Instituto, est\u00e1 integrado por un grupo interdisciplinario dedicado al an\u00e1lisis, investigaci\u00f3n y a los ejercicios participativos en el proceso de planeaci\u00f3n y evaluaci\u00f3n. Su estructura org\u00e1nica, parte de la Direcci\u00f3n General, la cual coordina cuatro direcciones de \u00e1rea con funciones sustantivas, la Direcci\u00f3n de Planeaci\u00f3n Estrat\u00e9gica y Programas de Desarrollo, Direcci\u00f3n de Ordenamiento Territorial y Desarrollo Urbano, Direcci\u00f3n de Geoestad\u00edstica, y la Direcci\u00f3n de Proyectos de Inversi\u00f3n, apoyados por la Coordinaci\u00f3n Administrativa.<\/p><p><\/p><hr \/><p><\/p><h4 class=\"wp-block-heading\">ORGANIGRAMA EQUIPO T\u00c9CNICO<\/h4><p><\/p><hr \/><p><img fetchpriority=\"high\" decoding=\"async\" class=\"alignnone wp-image-7801 size-full\" src=\"http:\/\/www.implanguanajuato.gob.mx\/wp-content\/uploads\/2022\/03\/Organigrama-para-pagina-web.jpg\" alt=\"\" width=\"1280\" height=\"720\" srcset=\"https:\/\/www.implanguanajuato.gob.mx\/wp-content\/uploads\/2022\/03\/Organigrama-para-pagina-web.jpg 1280w, https:\/\/www.implanguanajuato.gob.mx\/wp-content\/uploads\/2022\/03\/Organigrama-para-pagina-web-300x169.jpg 300w, https:\/\/www.implanguanajuato.gob.mx\/wp-content\/uploads\/2022\/03\/Organigrama-para-pagina-web-1024x576.jpg 1024w, https:\/\/www.implanguanajuato.gob.mx\/wp-content\/uploads\/2022\/03\/Organigrama-para-pagina-web-768x432.jpg 768w\" sizes=\"(max-width: 1280px) 100vw, 1280px\" \/><\/p><p><\/p><figure class=\"wp-block-gallery columns-1 is-cropped wp-block-gallery-2 is-layout-flex wp-block-gallery-is-layout-flex\"><ul class=\"blocks-gallery-grid\"><li class=\"blocks-gallery-item\">\u00a0<\/li><\/ul><\/figure><p><\/p><h3 class=\"wp-block-heading\">DIRECTOR GENERAL<\/h3><p><\/p><p style=\"text-align: justify;\">El Director General, apoyado con el resto del equipo t\u00e9cnico, se encarga de coadyuvar en el ejercicio de Planeaci\u00f3n Municipal y la coordinaci\u00f3n del Sistema Municipal de Planeaci\u00f3n.<\/p><p><\/p><p style=\"text-align: justify;\">Entre sus principales actividades est\u00e1: fungir como Secretario T\u00e9cnico de la Junta Directiva y el Consejo Consultivo, as\u00ed como ejecutar los acuerdos tomados en estos \u00f3rganos; coordinar las actividades administrativas, financieras, t\u00e9cnicas y operativas del Instituto;\u00a0 coordinar, conjuntamente con dependencias y entidades de la administraci\u00f3n, el seguimiento de los planes, programas y proyectos que se desarrollen en el municipio, as\u00ed como para realizar la integraci\u00f3n de los sistemas de cartograf\u00eda y su base de datos; proponer a la Junta Directiva proyectos de captaci\u00f3n de recursos y su optima utilizaci\u00f3n; con previa autorizaci\u00f3n, suscribir conjuntamente con el Presidente de la Junta Directiva, los convenios, contratos y dem\u00e1s actos jur\u00eddicos que sean necesarios para el cumplimiento del objeto del Instituto; entre otros.<\/p><p><\/p><hr \/><p><\/p><h3 class=\"wp-block-heading\">COORDINACI\u00d3N ADMINISTRATIVA<\/h3><p><\/p><p style=\"text-align: justify;\">La Coordinaci\u00f3n Administrativa controla el ejercicio del gasto p\u00fablico para la rendici\u00f3n de la cuenta p\u00fablica inform\u00e1ndola trimestralmente al Ayuntamiento, as\u00ed como los procesos administrativos, a fin de lograr la efectiva distribuci\u00f3n y utilizaci\u00f3n de los recursos humanos, financieros y materiales, asign\u00e1ndolos equitativamente en cada una de las \u00e1reas que integran al Instituto Municipal de Planeaci\u00f3n de Guanajuato, Gto., para garantizar una gesti\u00f3n administrativa eficiente, eficaz y de calidad en el cumplimiento de los programas, metas y proyectos responsabilidad del Instituto y que \u00e9stos se realicen en las mejores condiciones posibles dentro del marco legal establecido.<\/p><p><\/p><hr \/><p><\/p><h3 class=\"wp-block-heading\">DIRECCI\u00d3N DE ORDENAMIENTO TERRITORIAL Y DESARROLLO URBANO<\/h3><p><\/p><p style=\"text-align: justify;\">Corresponde a la Direcci\u00f3n de Ordenamiento Territorial y Desarrollo Urbano proponer estrategias y acciones para la conservaci\u00f3n, mejoramiento, crecimiento y zonificaci\u00f3n de los centros de poblaci\u00f3n del municipio; hacer la propuesta al Ayuntamiento de las medidas para promover el uso eficiente del suelo y evitar el crecimiento descontrolado de los centros de poblaci\u00f3n; proponer a las autoridades correspondientes la adquisici\u00f3n y\/o expropiaci\u00f3n de terrenos propios para el establecimiento de reserva territorial para vivienda; proponer al Ayuntamiento la declaraci\u00f3n de zonas sujetas a conservaci\u00f3n ecol\u00f3gica y participar en acuerdos de coordinaci\u00f3n con otros municipios en materia de metropolizaci\u00f3n.<\/p><p><\/p><hr \/><p><\/p><h3 class=\"wp-block-heading\">DIRECCI\u00d3N DE PLANEACI\u00d3N ESTRAT\u00c9GICA Y PROGRAMAS DE DESARROLLO\u00a0<\/h3><p><\/p><p style=\"text-align: justify;\">La Direcci\u00f3n de Planeaci\u00f3n Estrat\u00e9gica y Programas de Desarrollo tiene como principales actividades dise\u00f1ar, coordinar e instrumentar los procesos necesarios para elaborar y\/o actualizar los instrumentos de planeaci\u00f3n a los que se refiere el sistema municipal de planeaci\u00f3n; facilitar la realizaci\u00f3n de foros y reuniones, derivadas del proceso de planeaci\u00f3n estrat\u00e9gica; realizar el dise\u00f1o t\u00e9cnico de los instrumentos del sistema municipal de planeaci\u00f3n, proponi\u00e9ndolos al Consejo, para su validaci\u00f3n y posterior\u00a0 aprobaci\u00f3n por el Ayuntamiento, constituyendo las comisiones t\u00e9cnicas de asesor\u00eda que se requieran; asesorar al Ayuntamiento en la realizaci\u00f3n t\u00e9cnica del programa de gobierno y de sus programas derivados, proponiendo los proyectos y prioridades que se deriven del proceso de planeaci\u00f3n estrat\u00e9gica validada por el Consejo.<\/p><p><\/p><hr \/><p><\/p><h3 class=\"wp-block-heading\">DIRECCI\u00d3N DE GEOESTAD\u00cdSTICA\u00a0<\/h3><p><\/p><p style=\"text-align: justify;\">Corresponde a la Direcci\u00f3n de Geoestad\u00edstica la actualizaci\u00f3n permanente del sistema geogr\u00e1fico y estad\u00edstico del desarrollo municipal, integrando sistemas de indicadores que permitan el monitoreo del impacto de las acciones de planeaci\u00f3n emprendidas; generar y administrar la base de datos urbana y rural, y la red municipal de informaci\u00f3n; dise\u00f1ar e\u00a0 implementar el sistema de informaci\u00f3n municipal; mantener\u00a0 actualizada la cartograf\u00eda municipal y asesorar a la administraci\u00f3n municipal centralizada y paramunicipal en materia de informaci\u00f3n geogr\u00e1fica y estad\u00edstica<\/p><p><\/p>\t\t\t\t\t\t\t\t<\/div>\n\t\t\t\t<\/div>\n\t\t\t\t\t<\/div>\n\t\t<\/div>\n\t\t\t\t\t<\/div>\n\t\t<\/section>\n\t\t\t\t<\/div>\n\t\t","protected":false},"excerpt":{"rendered":"<p>El equipo t\u00e9cnico del Instituto, est\u00e1 integrado por un grupo interdisciplinario dedicado al an\u00e1lisis, investigaci\u00f3n y a los ejercicios participativos en el proceso de planeaci\u00f3n y evaluaci\u00f3n. Su estructura org\u00e1nica,<\/p>\n<a class=\"btn_a\" href=\"https:\/\/www.implanguanajuato.gob.mx\/?page_id=8643\"><span><i class=\"in_left fa fa-angle-right\"><\/i><span>Details<\/span><i class=\"in_right fa fa-angle-right\"><\/i><\/span><\/a>","protected":false},"author":4,"featured_media":0,"parent":0,"menu_order":0,"comment_status":"closed","ping_status":"closed","template":"","meta":{"ngg_post_thumbnail":0,"footnotes":""},"class_list":["post-8643","page","type-page","status-publish","hentry"],"_links":{"self":[{"href":"https:\/\/www.implanguanajuato.gob.mx\/index.php?rest_route=\/wp\/v2\/pages\/8643","targetHints":{"allow":["GET"]}}],"collection":[{"href":"https:\/\/www.implanguanajuato.gob.mx\/index.php?rest_route=\/wp\/v2\/pages"}],"about":[{"href":"https:\/\/www.implanguanajuato.gob.mx\/index.php?rest_route=\/wp\/v2\/types\/page"}],"author":[{"embeddable":true,"href":"https:\/\/www.implanguanajuato.gob.mx\/index.php?rest_route=\/wp\/v2\/users\/4"}],"replies":[{"embeddable":true,"href":"https:\/\/www.implanguanajuato.gob.mx\/index.php?rest_route=%2Fwp%2Fv2%2Fcomments&post=8643"}],"version-history":[{"count":9,"href":"https:\/\/www.implanguanajuato.gob.mx\/index.php?rest_route=\/wp\/v2\/pages\/8643\/revisions"}],"predecessor-version":[{"id":8663,"href":"https:\/\/www.implanguanajuato.gob.mx\/index.php?rest_route=\/wp\/v2\/pages\/8643\/revisions\/8663"}],"wp:attachment":[{"href":"https:\/\/www.implanguanajuato.gob.mx\/index.php?rest_route=%2Fwp%2Fv2%2Fmedia&parent=8643"}],"curies":[{"name":"wp","href":"https:\/\/api.w.org\/{rel}","templated":true}]}}